{"id":3069,"date":"2020-08-02T01:03:29","date_gmt":"2020-08-01T23:03:29","guid":{"rendered":"http:\/\/www.alfatecpy.com\/home\/?post_type=product&#038;p=3069"},"modified":"2022-07-15T21:17:20","modified_gmt":"2022-07-15T19:17:20","slug":"fonte-para-led-yongnuo-12v-5a","status":"publish","type":"product","link":"http:\/\/www.alfatecpy.com\/home\/producto\/fonte-para-led-yongnuo-12v-5a\/","title":{"rendered":"Fonte Para LED Yongnuo 12V\/ 5A"},"content":{"rendered":"<p>Caracter\u00edsticas: adaptador de alimentaci\u00f3n CA Yongnuo 60W .Entrada: 100-240V 50 \/ 60Hz 1.5A m\u00e1x. Sa\u00edda: 12V 5A. Seguran\u00e7a \u00e9 garantida.Exclusivamente usado en YONGNUO YN600L s\u00e9rie YN300III YN168 YN216 YN1410 YN300Air YN160III YN608 YN600RGB YN308 YN600 Air LED luz de v\u00eddeo. O comprimento total do cabo \u00e9 de at\u00e9 5 metros conveniente para usar as led\u00a0 da s\u00e9rie acima em qualquer est\u00fadio de fotos por um longo tempo. Especificaciones:<\/p>\n<p>Marca: YongNuo<\/p>\n<p>Modelo: FJ-SW20171205000<\/p>\n<p>Modelos compatibles: Para YONGNUO YN600L s\u00e9rie YN300III YN216 YN1410 YN300Aire YN160III YN608 YN600RGB YN308 YN600 Air LED de v\u00eddeo Color:<\/p>\n<p>Adaptador de alimenta\u00e7\u00e3o<\/p>\n","protected":false},"excerpt":{"rendered":"<p>*R\u00e9gimen Tur\u00edstico<br \/>\n*No incluye IVA<\/p>\n","protected":false},"featured_media":4989,"comment_status":"open","ping_status":"closed","template":"","meta":[],"_links":{"self":[{"href":"http:\/\/www.alfatecpy.com\/home\/wp-json\/wp\/v2\/product\/3069"}],"collection":[{"href":"http:\/\/www.alfatecpy.com\/home\/wp-json\/wp\/v2\/product"}],"about":[{"href":"http:\/\/www.alfatecpy.com\/home\/wp-json\/wp\/v2\/types\/product"}],"replies":[{"embeddable":true,"href":"http:\/\/www.alfatecpy.com\/home\/wp-json\/wp\/v2\/comments?post=3069"}],"wp:featuredmedia":[{"embeddable":true,"href":"http:\/\/www.alfatecpy.com\/home\/wp-json\/wp\/v2\/media\/4989"}],"wp:attachment":[{"href":"http:\/\/www.alfatecpy.com\/home\/wp-json\/wp\/v2\/media?parent=3069"}],"curies":[{"name":"wp","href":"https:\/\/api.w.org\/{rel}","templated":true}]}}