{"id":3068,"date":"2020-08-02T01:01:58","date_gmt":"2020-08-01T23:01:58","guid":{"rendered":"http:\/\/www.alfatecpy.com\/home\/?post_type=product&#038;p=3068"},"modified":"2022-07-14T19:31:37","modified_gmt":"2022-07-14T17:31:37","slug":"fone-wireless-sony-wh-1000x-m3","status":"publish","type":"product","link":"http:\/\/www.alfatecpy.com\/home\/producto\/fone-wireless-sony-wh-1000x-m3\/","title":{"rendered":"\ud835\udc00\ud835\udc2e\ud835\udc2b\ud835\udc22\ud835\udc1c\ud835\udc2e\ud835\udc25\ud835\udc1a\ud835\udc2b\ud835\udc1e\ud835\udc2c \ud835\udc01\ud835\udc25\ud835\udc2e\ud835\udc1e\ud835\udc2d\ud835\udc28\ud835\udc28\ud835\udc2d\ud835\udc21 \ud835\udc12\ud835\udc28\ud835\udc27\ud835\udc32 \ud835\udc16\ud835\udc07-\ud835\udfcf\ud835\udfce\ud835\udfce\ud835\udfce\ud835\udc17\ud835\udc0c\ud835\udfd1"},"content":{"rendered":"<div id=\"featurebullets_feature_div\" class=\"celwidget\" data-feature-name=\"featurebullets\" data-csa-c-id=\"67c8g2-78l9j0-3m9rb-tlojc3\" data-cel-widget=\"featurebullets_feature_div\">\n<div id=\"feature-bullets\" class=\"a-section a-spacing-medium a-spacing-top-small\">\n<ul class=\"a-unordered-list a-vertical a-spacing-mini\">\n<li><span class=\"a-list-item\">Escuchar inteligente por motor Sense. Respuesta de frecuencia: 4Hz-40.000Hz<\/span><\/li>\n<li><span class=\"a-list-item\">Modo de atenci\u00f3n r\u00e1pida para conversaciones sin esfuerzo sin quitar los auriculares<\/span><\/li>\n<li><span class=\"a-list-item\">En la caja WH1000XM3 \/ Funda de transporte \/ Cable de carga USB-C \/ Cable de audio para conexi\u00f3n con cable<\/span><\/li>\n<li><span class=\"a-list-item\">La cancelaci\u00f3n de ruido l\u00edder en el sector trae solo m\u00fasica nada m\u00e1s. Sensor t\u00e1ctil de control de volumen<\/span><\/li>\n<li><span class=\"a-list-item\">Calidad de sonido premium de controladores de pol\u00edmero de cristal l\u00edquido de 1.575\u00a0in<\/span><\/li>\n<\/ul>\n<\/div>\n<\/div>\n<div id=\"provenanceCertifications_feature_div\" class=\"celwidget\" data-feature-name=\"provenanceCertifications\" data-csa-c-id=\"xbnx0b-7587bq-u8qup1-olqhy4\" data-cel-widget=\"provenanceCertifications_feature_div\"><\/div>\n<div id=\"serviceCapabilities_feature_div\" class=\"celwidget\" data-feature-name=\"serviceCapabilities\" data-csa-c-id=\"7be5cz-5h002n-xouihs-lxfvwr\" data-cel-widget=\"serviceCapabilities_feature_div\"><\/div>\n","protected":false},"excerpt":{"rendered":"<p>*R\u00e9gimen Tur\u00edstico<br \/>\n*No incluye IVA<\/p>\n","protected":false},"featured_media":16248,"comment_status":"open","ping_status":"closed","template":"","meta":[],"_links":{"self":[{"href":"http:\/\/www.alfatecpy.com\/home\/wp-json\/wp\/v2\/product\/3068"}],"collection":[{"href":"http:\/\/www.alfatecpy.com\/home\/wp-json\/wp\/v2\/product"}],"about":[{"href":"http:\/\/www.alfatecpy.com\/home\/wp-json\/wp\/v2\/types\/product"}],"replies":[{"embeddable":true,"href":"http:\/\/www.alfatecpy.com\/home\/wp-json\/wp\/v2\/comments?post=3068"}],"wp:featuredmedia":[{"embeddable":true,"href":"http:\/\/www.alfatecpy.com\/home\/wp-json\/wp\/v2\/media\/16248"}],"wp:attachment":[{"href":"http:\/\/www.alfatecpy.com\/home\/wp-json\/wp\/v2\/media?parent=3068"}],"curies":[{"name":"wp","href":"https:\/\/api.w.org\/{rel}","templated":true}]}}