{"id":3051,"date":"2020-08-02T00:26:18","date_gmt":"2020-08-01T22:26:18","guid":{"rendered":"http:\/\/www.alfatecpy.com\/home\/?post_type=product&#038;p=3051"},"modified":"2021-12-04T16:50:13","modified_gmt":"2021-12-04T15:50:13","slug":"suporte-articulado-para-ring-light-incoflash","status":"publish","type":"product","link":"http:\/\/www.alfatecpy.com\/home\/producto\/suporte-articulado-para-ring-light-incoflash\/","title":{"rendered":"Soporte Incoflash articulado para flashes, iluminadores y Ring Light."},"content":{"rendered":"<p>Soporte articulado para flashes, iluminadores y Ring Light.<br \/>\n* Producto altamente reforzado -.<br \/>\nTiene articulaci\u00f3n que permite ajustar el \u00e1ngulo del iluminador hasta 180 \u00b0.<\/p>\n<p>Ideal para conectar flashes e iluminadores LED, que no tienen articulaci\u00f3n, lo que les permite ser instalados en el tr\u00edpode de iluminaci\u00f3n.<br \/>\n* La inserci\u00f3n de los iluminadores se realiza a trav\u00e9s del perno roscado macho de 1\/4 \u00ab(6,35 mm) el cual tiene un bloqueo para una excelente fijaci\u00f3n de equipos como c\u00e1maras, iluminadores y Ring Light.<br \/>\n* Compatible con tr\u00edpodes que tienen un pasador de 5\/8 \u00ab(15,87 mm) o rosca macho de 3\/8\u00bb (9,52 mm).<br \/>\n* Cuerpo de nailon altamente reforzado con fibra y cierre met\u00e1lico.<\/p>\n<p><strong>Producto importado, fabricado en Brasil.<\/strong><\/p>\n","protected":false},"excerpt":{"rendered":"<p>*R\u00e9gimen Tur\u00edstico<br \/>\n*No incluye IVA<\/p>\n","protected":false},"featured_media":3646,"comment_status":"open","ping_status":"closed","template":"","meta":[],"_links":{"self":[{"href":"http:\/\/www.alfatecpy.com\/home\/wp-json\/wp\/v2\/product\/3051"}],"collection":[{"href":"http:\/\/www.alfatecpy.com\/home\/wp-json\/wp\/v2\/product"}],"about":[{"href":"http:\/\/www.alfatecpy.com\/home\/wp-json\/wp\/v2\/types\/product"}],"replies":[{"embeddable":true,"href":"http:\/\/www.alfatecpy.com\/home\/wp-json\/wp\/v2\/comments?post=3051"}],"wp:featuredmedia":[{"embeddable":true,"href":"http:\/\/www.alfatecpy.com\/home\/wp-json\/wp\/v2\/media\/3646"}],"wp:attachment":[{"href":"http:\/\/www.alfatecpy.com\/home\/wp-json\/wp\/v2\/media?parent=3051"}],"curies":[{"name":"wp","href":"https:\/\/api.w.org\/{rel}","templated":true}]}}