{"id":3045,"date":"2020-08-02T00:16:44","date_gmt":"2020-08-01T22:16:44","guid":{"rendered":"http:\/\/www.alfatecpy.com\/home\/?post_type=product&#038;p=3045"},"modified":"2022-07-02T15:01:03","modified_gmt":"2022-07-02T13:01:03","slug":"sombrinha-branca-translucida-incoflash-85cm","status":"publish","type":"product","link":"http:\/\/www.alfatecpy.com\/home\/producto\/sombrinha-branca-translucida-incoflash-85cm\/","title":{"rendered":"Sombrilla Blanca Translucida Incoflash 85Cm"},"content":{"rendered":"<p>Paragua difusor Suave Blanca\u00a0 85cm de Di\u00e1metro para Estudio Fotogr\u00e1fico<\/p>\n<p>Los paraguas son elementos que se utilizan en diversas situaciones en la fotograf\u00eda de estudio, ya que tienen la capacidad de difundir mejor la luz, evitando ese efecto de r\u00e1faga que se produce cuando una persona es fotografiada con flash, por ejemplo. Por no hablar de las sombras y distorsiones que el paraguas es capaz de suavizar, haciendo que la iluminaci\u00f3n sea m\u00e1s org\u00e1nica e incorporada a los elementos de lo que se est\u00e1 fotografiando.<\/p>\n<p>Con un marco fabricado en varillas de aluminio, este paraguas mide 85cm de di\u00e1metro con\u00a0 de tela de nylon, donde pesa solo unos 140 gramos y est\u00e1 fabricado con material de excelente calidad y con gran acabado, siendo recomendado para su uso en un estudio fotogr\u00e1fico manipular o acoplar otros elementos que formen parte de este entorno. Adem\u00e1s, este Paraguas tambi\u00e9n es muy adecuado para su uso en retratos, personas, mascotas, objetos para piezas publicitarias y otras actividades de estudio.<\/p>\n<p>Adem\u00e1s, el Paraguas Difusor Blanco\u00a0 sigue teniendo una estructura ligera y compacta donde es de f\u00e1cil montaje y desmontaje, midiendo un total de 85cm de di\u00e1metro y con una varilla central de 55cm, que puede ser transportada a las m\u00e1s diferentes ubicaciones. y colocado entre el flash y el objeto o modelo a fotografiar, para que el efecto sea el deseado.<\/p>\n<p>&nbsp;<\/p>\n<p>Material \/ Composici\u00f3n: Aluminio y nylon.<\/p>\n<p>Medidas: 84cm de di\u00e1metro;<\/p>\n<p>Peso: 140 gramos;<\/p>\n<p>ATENCI\u00d3N: las im\u00e1genes solo tienen fines ilustrativos, la iluminaci\u00f3n y el tr\u00edpode de soporte no est\u00e1n incluidos con el producto.<\/p>\n","protected":false},"excerpt":{"rendered":"<p>*R\u00e9gimen Tur\u00edstico<br \/>\n*No incluye IVA<\/p>\n","protected":false},"featured_media":3220,"comment_status":"open","ping_status":"closed","template":"","meta":[],"_links":{"self":[{"href":"http:\/\/www.alfatecpy.com\/home\/wp-json\/wp\/v2\/product\/3045"}],"collection":[{"href":"http:\/\/www.alfatecpy.com\/home\/wp-json\/wp\/v2\/product"}],"about":[{"href":"http:\/\/www.alfatecpy.com\/home\/wp-json\/wp\/v2\/types\/product"}],"replies":[{"embeddable":true,"href":"http:\/\/www.alfatecpy.com\/home\/wp-json\/wp\/v2\/comments?post=3045"}],"wp:featuredmedia":[{"embeddable":true,"href":"http:\/\/www.alfatecpy.com\/home\/wp-json\/wp\/v2\/media\/3220"}],"wp:attachment":[{"href":"http:\/\/www.alfatecpy.com\/home\/wp-json\/wp\/v2\/media?parent=3045"}],"curies":[{"name":"wp","href":"https:\/\/api.w.org\/{rel}","templated":true}]}}