{"id":3037,"date":"2020-08-02T00:05:13","date_gmt":"2020-08-01T22:05:13","guid":{"rendered":"http:\/\/www.alfatecpy.com\/home\/?post_type=product&#038;p=3037"},"modified":"2020-10-15T14:04:35","modified_gmt":"2020-10-15T12:04:35","slug":"sombrilla-nicefoto-translucida-sut-60-153cm","status":"publish","type":"product","link":"http:\/\/www.alfatecpy.com\/home\/producto\/sombrilla-nicefoto-translucida-sut-60-153cm\/","title":{"rendered":"Sombrilla Nicefoto translucida SUT-60\u00bb 153Cm"},"content":{"rendered":"<p>Sombrilla nicefoto SUT-60\u00ab\u00a0 153cm<\/p>\n<p>La sombrilla difusora blanca est\u00e1 fabricado en nylon y la estructura de metal cromado es ideal para tu estudio fotogr\u00e1fico.<\/p>\n<p>Con el uso de esta sombrilla, el profesional de la fotograf\u00eda podr\u00e1 distribuir la luz de manera que potencia el suavizado de los efectos de las im\u00e1genes. La sombrilla difusora crea efectos alternativos que permiten a los productores fotogr\u00e1ficos resultados variados en sus im\u00e1genes, ya que puede ser utilizado tanto dentro de un estudio fotogr\u00e1fico al aire libre, evitando que la luz del flash o la luz natural incida directamente sobre el objeto o modelo fotografiado.<\/p>\n","protected":false},"excerpt":{"rendered":"<p>*R\u00e9gimen Tur\u00edstico<br \/>\n*No incluye IVA<\/p>\n","protected":false},"featured_media":3481,"comment_status":"open","ping_status":"closed","template":"","meta":[],"_links":{"self":[{"href":"http:\/\/www.alfatecpy.com\/home\/wp-json\/wp\/v2\/product\/3037"}],"collection":[{"href":"http:\/\/www.alfatecpy.com\/home\/wp-json\/wp\/v2\/product"}],"about":[{"href":"http:\/\/www.alfatecpy.com\/home\/wp-json\/wp\/v2\/types\/product"}],"replies":[{"embeddable":true,"href":"http:\/\/www.alfatecpy.com\/home\/wp-json\/wp\/v2\/comments?post=3037"}],"wp:featuredmedia":[{"embeddable":true,"href":"http:\/\/www.alfatecpy.com\/home\/wp-json\/wp\/v2\/media\/3481"}],"wp:attachment":[{"href":"http:\/\/www.alfatecpy.com\/home\/wp-json\/wp\/v2\/media?parent=3037"}],"curies":[{"name":"wp","href":"https:\/\/api.w.org\/{rel}","templated":true}]}}