{"id":3023,"date":"2020-08-01T23:27:53","date_gmt":"2020-08-01T21:27:53","guid":{"rendered":"http:\/\/www.alfatecpy.com\/home\/?post_type=product&#038;p=3023"},"modified":"2022-07-18T14:46:50","modified_gmt":"2022-07-18T12:46:50","slug":"lente-sony-sel-28-70mm-fe-f3-5-5-6-oss","status":"publish","type":"product","link":"http:\/\/www.alfatecpy.com\/home\/producto\/lente-sony-sel-28-70mm-fe-f3-5-5-6-oss\/","title":{"rendered":"Lente Sony SEL 28-70MM FE F3.5-5.6 OSS"},"content":{"rendered":"<div id=\"translation\">\n<div class=\"gtx-body\">Enfoque autom\u00e1tico, estabilizaci\u00f3n de imagen y dise\u00f1o Un mecanismo de enfoque interno y un motor lineal contribuyen a un sistema m\u00e1s r\u00e1pido, con mayor capacidad de respuesta y un manejo m\u00e1s f\u00e1cil. La estabilizaci\u00f3n de imagen SteadyShot \u00f3ptico ayuda a minimizar la apariencia del movimiento de la c\u00e1mara para obtener im\u00e1genes m\u00e1s n\u00edtidas cuando se dispara sin tr\u00edpode con velocidades de obturaci\u00f3n m\u00e1s lentas. Este sistema de estabilizaci\u00f3n se puede combinar con la estabilizaci\u00f3n de imagen de tipo cambio de sensor de la c\u00e1mara seleccionada para un control m\u00e1s efectivo del desenfoque de la c\u00e1mara. El dise\u00f1o sellado contra el polvo y la humedad permite trabajar mejor en condiciones adversas y los anillos de control de goma benefician el manejo en temperaturas m\u00e1s fr\u00edas.<\/div>\n<p>&nbsp;<\/p>\n<\/div>\n","protected":false},"excerpt":{"rendered":"<p>*R\u00e9gimen Tur\u00edstico<br \/>\n*No incluye IVA<\/p>\n","protected":false},"featured_media":3221,"comment_status":"open","ping_status":"closed","template":"","meta":[],"_links":{"self":[{"href":"http:\/\/www.alfatecpy.com\/home\/wp-json\/wp\/v2\/product\/3023"}],"collection":[{"href":"http:\/\/www.alfatecpy.com\/home\/wp-json\/wp\/v2\/product"}],"about":[{"href":"http:\/\/www.alfatecpy.com\/home\/wp-json\/wp\/v2\/types\/product"}],"replies":[{"embeddable":true,"href":"http:\/\/www.alfatecpy.com\/home\/wp-json\/wp\/v2\/comments?post=3023"}],"wp:featuredmedia":[{"embeddable":true,"href":"http:\/\/www.alfatecpy.com\/home\/wp-json\/wp\/v2\/media\/3221"}],"wp:attachment":[{"href":"http:\/\/www.alfatecpy.com\/home\/wp-json\/wp\/v2\/media?parent=3023"}],"curies":[{"name":"wp","href":"https:\/\/api.w.org\/{rel}","templated":true}]}}