{"id":3018,"date":"2020-08-01T23:21:25","date_gmt":"2020-08-01T21:21:25","guid":{"rendered":"http:\/\/www.alfatecpy.com\/home\/?post_type=product&#038;p=3018"},"modified":"2022-07-15T21:17:47","modified_gmt":"2022-07-15T19:17:47","slug":"led-yongnuo-yn-160-iii-pro","status":"publish","type":"product","link":"http:\/\/www.alfatecpy.com\/home\/producto\/led-yongnuo-yn-160-iii-pro\/","title":{"rendered":"LED Yongnuo YN-160 III PRO"},"content":{"rendered":"<p><strong>Descripci\u00f3n general de Yongnuo YN160 III<\/strong><br \/>\nLa luz en la c\u00e1mara bicolor YYN160 III es una de una serie de luces LED en la c\u00e1mara de Yongnuo. Esta unidad delgada cuenta con 192 LED, divididos entre luz diurna y tungsteno. Cuenta con una lectura LED digital para atenuaci\u00f3n y temperatura de color, as\u00ed como una sola perilla que alterna entre ambos. La luz ofrece dos modos de atenuaci\u00f3n (aproximada y fina) y un bot\u00f3n \u00abEstablecer\u00bb que le permite guardar una selecci\u00f3n de brillo y temperatura de color para una f\u00e1cil recuperaci\u00f3n.<\/p>\n<p>Las puertas de vidrio integradas con intensificadores lo ayudan a controlar la luz, y los dos paneles de filtro deslizables (CTO y difusi\u00f3n) brindan un mayor control de la luz. Dise\u00f1ada para funcionar con la mayor\u00eda de las DSLR y videoc\u00e1maras peque\u00f1as, la luz se puede encender con una bater\u00eda de la serie Sony NP-F (no incluida) o mediante un adaptador de CA opcional. La luz tiene un sistema de montaje integrado de 3 clavijas e incluye un asa, un pie de montaje de zapata fr\u00eda con un orificio roscado integrado de 1\/4 \u00ab-20 y una base plana, lo que le permite montarlo en una variedad de soportes, sujetarlo con las manos , m\u00f3ntelo sobre una c\u00e1mara o col\u00f3quelo sobre una superficie plana.<\/p>\n<p>96 LED balanceados con luz diurna y 96 LED balanceados con tungsteno<br \/>\nBarndoors, uno naranja y un filtro de difusi\u00f3n ayudan a controlar la salida de luz<br \/>\nAlimentaci\u00f3n con una bater\u00eda de la serie Sony NP-F o mediante un adaptador de CA opcional (ambos se venden por separado)<br \/>\nEl atenuador se ajusta en los modos fino y grueso<br \/>\nBot\u00f3n de carga restante de la bater\u00eda, salida de luz y modo de atenuaci\u00f3n en la pantalla LCD<br \/>\nM\u00f3ntelo directamente en una c\u00e1mara a trav\u00e9s de la zapata, use el soporte de miniplaca en superficies planas o suj\u00e9telo con la manija incluida<br \/>\nLas puertas tienen una superficie interior intensificadora y una superficie exterior negra.<\/p>\n","protected":false},"excerpt":{"rendered":"<p>*R\u00e9gimen Tur\u00edstico<br \/>\n*No incluye IVA<\/p>\n","protected":false},"featured_media":3458,"comment_status":"open","ping_status":"closed","template":"","meta":[],"_links":{"self":[{"href":"http:\/\/www.alfatecpy.com\/home\/wp-json\/wp\/v2\/product\/3018"}],"collection":[{"href":"http:\/\/www.alfatecpy.com\/home\/wp-json\/wp\/v2\/product"}],"about":[{"href":"http:\/\/www.alfatecpy.com\/home\/wp-json\/wp\/v2\/types\/product"}],"replies":[{"embeddable":true,"href":"http:\/\/www.alfatecpy.com\/home\/wp-json\/wp\/v2\/comments?post=3018"}],"wp:featuredmedia":[{"embeddable":true,"href":"http:\/\/www.alfatecpy.com\/home\/wp-json\/wp\/v2\/media\/3458"}],"wp:attachment":[{"href":"http:\/\/www.alfatecpy.com\/home\/wp-json\/wp\/v2\/media?parent=3018"}],"curies":[{"name":"wp","href":"https:\/\/api.w.org\/{rel}","templated":true}]}}