{"id":2981,"date":"2020-08-01T21:37:25","date_gmt":"2020-08-01T19:37:25","guid":{"rendered":"http:\/\/www.alfatecpy.com\/home\/?post_type=product&#038;p=2981"},"modified":"2022-06-17T15:33:13","modified_gmt":"2022-06-17T13:33:13","slug":"mochila-benro-a48fds4","status":"publish","type":"product","link":"http:\/\/www.alfatecpy.com\/home\/producto\/mochila-benro-a48fds4\/","title":{"rendered":"Monope Benro A48FDS4"},"content":{"rendered":"<div id=\"description\" class=\"data item content\" role=\"tabpanel\" data-role=\"content\" aria-labelledby=\"tab-label-description\" aria-hidden=\"false\">\n<div class=\"product attribute description\">\n<div class=\"value\">\n<div data-content-type=\"row\" data-appearance=\"contained\" data-element=\"main\">\n<div data-enable-parallax=\"0\" data-parallax-speed=\"0.5\" data-background-images=\"{}\" data-element=\"inner\" data-pb-style=\"6248F66F01787\">\n<div data-content-type=\"html\" data-appearance=\"default\" data-element=\"main\" data-pb-style=\"6248F66F0179A\" data-decoded=\"true\">\n<p>El Monopie Benro A48FDS4 de video apto para viajes, disponible tanto con bloqueo de giro como con bloqueo de giro, proporciona una capacidad de carga de 4 Kg ideal para c\u00e1maras HDSLR. El S4 Video Monopod Kit cuenta con una base de bloqueo de 3 patas con r\u00f3tula para disparos suaves y estables junto con patas plegables reversibles para un viaje compacto. Adem\u00e1s, el cabezal S4 incluye un bloqueo de bandeja independiente, que le permite desplazarse suavemente sin tener que girar todo el monopie. Otras caracter\u00edsticas incluyen bloqueo de inclinaci\u00f3n, placa QR6 compatible con 501PL, arrastre de inclinaci\u00f3n y nivel de burbuja iluminado.<\/p>\n<\/div>\n<\/div>\n<\/div>\n<\/div>\n<\/div>\n<\/div>\n<div id=\"tab-label-additional\" class=\"data item title\" tabindex=\"0\" role=\"tab\" aria-labeledby=\"tab-label-additional-title\" data-role=\"collapsible\" data-collapsible=\"true\" aria-controls=\"additional\" aria-selected=\"false\" aria-expanded=\"false\">\n<div id=\"featurebullets_feature_div\" class=\"celwidget\" data-feature-name=\"featurebullets\" data-csa-c-id=\"8jea4f-u8p1xz-xnwt20-lxi1xm\" data-cel-widget=\"featurebullets_feature_div\">\n<div id=\"feature-bullets\" class=\"a-section a-spacing-medium a-spacing-top-small\">\n<ul class=\"a-unordered-list a-vertical a-spacing-mini\">\n<li><span class=\"a-list-item\">Monopi\u00e9 de aluminio serie 4 con la base de bloqueo de 3 patas y cabezal de v\u00eddeo S4 para una configuraci\u00f3n completa de montaje de c\u00e1mara que combina dise\u00f1o cl\u00e1sico con materiales avanzados.<\/span><\/li>\n<li><span class=\"a-list-item\">El cabezal de v\u00eddeo S4 permite una rotaci\u00f3n de giro de 360 grados y el monopi\u00e9 A48FD con base de bloqueo de 3 patas cuenta con 4 tubos de aluminio que se extiende a aproximadamente 68.5 pulgadas.<\/span><\/li>\n<li><span class=\"a-list-item\">Cuenta con una placa de montaje con un soporte de rosca reversible de 1\/4&#8243;-20&#8243; y 3\/8&#8243;-16 para fijar un cabezal de v\u00eddeo directamente a la c\u00e1mara.<\/span><\/li>\n<li><span class=\"a-list-item\">La base de bloqueo de 3 patas viene con un pie roscado hembra de 3\/8&#8243;-16 para una f\u00e1cil fijaci\u00f3n al monopi\u00e9.<\/span><\/li>\n<li><span class=\"a-list-item\">Garant\u00eda limitada de 3 a\u00f1os (extendida a 5 a\u00f1os con registro en l\u00ednea).<\/span><\/li>\n<\/ul>\n<\/div>\n<\/div>\n<div id=\"provenanceCertifications_feature_div\" class=\"celwidget\" data-feature-name=\"provenanceCertifications\" data-csa-c-id=\"7ze2zu-os3fo6-1irngg-f3oqtw\" data-cel-widget=\"provenanceCertifications_feature_div\"><\/div>\n<div id=\"serviceCapabilities_feature_div\" class=\"celwidget\" data-feature-name=\"serviceCapabilities\" data-csa-c-id=\"x9w7zr-ul7n36-to3w14-wuvpr\" data-cel-widget=\"serviceCapabilities_feature_div\"><\/div>\n<\/div>\n","protected":false},"excerpt":{"rendered":"<p>*R\u00e9gimen Tur\u00edstico<br \/>\n*No incluye IVA<\/p>\n","protected":false},"featured_media":3278,"comment_status":"open","ping_status":"closed","template":"","meta":[],"_links":{"self":[{"href":"http:\/\/www.alfatecpy.com\/home\/wp-json\/wp\/v2\/product\/2981"}],"collection":[{"href":"http:\/\/www.alfatecpy.com\/home\/wp-json\/wp\/v2\/product"}],"about":[{"href":"http:\/\/www.alfatecpy.com\/home\/wp-json\/wp\/v2\/types\/product"}],"replies":[{"embeddable":true,"href":"http:\/\/www.alfatecpy.com\/home\/wp-json\/wp\/v2\/comments?post=2981"}],"wp:featuredmedia":[{"embeddable":true,"href":"http:\/\/www.alfatecpy.com\/home\/wp-json\/wp\/v2\/media\/3278"}],"wp:attachment":[{"href":"http:\/\/www.alfatecpy.com\/home\/wp-json\/wp\/v2\/media?parent=2981"}],"curies":[{"name":"wp","href":"https:\/\/api.w.org\/{rel}","templated":true}]}}