{"id":2951,"date":"2020-08-01T02:35:10","date_gmt":"2020-08-01T00:35:10","guid":{"rendered":"http:\/\/www.alfatecpy.com\/home\/?post_type=product&#038;p=2951"},"modified":"2022-06-25T16:12:49","modified_gmt":"2022-06-25T14:12:49","slug":"difusor-p-flash-yn-560-canon-580ex","status":"publish","type":"product","link":"http:\/\/www.alfatecpy.com\/home\/producto\/difusor-p-flash-yn-560-canon-580ex\/","title":{"rendered":"Difusor P\/ Flash YN 560 \/ Canon 580EX"},"content":{"rendered":"<ul class=\"a-unordered-list a-vertical a-spacing-mini\">\n<li><span class=\"a-list-item\">Compatibilidad: El profesional difusor de flash es perfectamente adecuado para Canon 580EX 580EX II Flash<\/span><\/li>\n<li><span class=\"a-list-item\">Caracter\u00edstica: ayuda a reducir sombras de ojos rojos,, reflejos y retratos de iluminaci\u00f3n variable, creando natural y c\u00f3modo. Perfecto para bodas, retratos, productos de eventos al aire \u00faltima intervensi\u00f3n, la moda, mostrar fotos, etc.<\/span><\/li>\n<li><span class=\"a-list-item\">Portabilidad: c\u00e1mara difusor de flash es ligero para llevar a cabo, proporcionando suave rebote iluminaci\u00f3n para aficionados y profesionales durante el viaje<\/span><\/li>\n<li><span class=\"a-list-item\">F\u00e1cil instalaci\u00f3n: este difusor de luz est\u00e1 dise\u00f1ado para poner y quitar r\u00e1pidamente sin velcro as\u00ed que usted puede cambiar r\u00e1pidamente entre los c\u00e1maras, estilos de imagen, y dise\u00f1os<\/span><\/li>\n<\/ul>\n","protected":false},"excerpt":{"rendered":"<p>*R\u00e9gimen Tur\u00edstico<br \/>\n*No incluye IVA<\/p>\n","protected":false},"featured_media":16210,"comment_status":"open","ping_status":"closed","template":"","meta":[],"_links":{"self":[{"href":"http:\/\/www.alfatecpy.com\/home\/wp-json\/wp\/v2\/product\/2951"}],"collection":[{"href":"http:\/\/www.alfatecpy.com\/home\/wp-json\/wp\/v2\/product"}],"about":[{"href":"http:\/\/www.alfatecpy.com\/home\/wp-json\/wp\/v2\/types\/product"}],"replies":[{"embeddable":true,"href":"http:\/\/www.alfatecpy.com\/home\/wp-json\/wp\/v2\/comments?post=2951"}],"wp:featuredmedia":[{"embeddable":true,"href":"http:\/\/www.alfatecpy.com\/home\/wp-json\/wp\/v2\/media\/16210"}],"wp:attachment":[{"href":"http:\/\/www.alfatecpy.com\/home\/wp-json\/wp\/v2\/media?parent=2951"}],"curies":[{"name":"wp","href":"https:\/\/api.w.org\/{rel}","templated":true}]}}