{"id":2889,"date":"2020-07-30T23:28:58","date_gmt":"2020-07-30T21:28:58","guid":{"rendered":"http:\/\/www.alfatecpy.com\/home\/?post_type=product&#038;p=2889"},"modified":"2022-06-20T15:30:56","modified_gmt":"2022-06-20T13:30:56","slug":"bateria-nikon-en-el3e","status":"publish","type":"product","link":"http:\/\/www.alfatecpy.com\/home\/producto\/bateria-nikon-en-el3e\/","title":{"rendered":"BATERIA NIKON EN-EL3E"},"content":{"rendered":"<p>La bater\u00eda recargable de iones de litio EN-EL3e de Nikon proporciona 7,4 V y puede almacenar 1410 mAh de energ\u00eda, lo que se traduce en m\u00e1s de 200 disparos con una carga. La bater\u00eda es compatible con c\u00e1maras digitales Nikon D50, D70, D70s, D80, D90, D100, D200, D300, D300S y D700 SLR.<\/p>\n","protected":false},"excerpt":{"rendered":"<p>*R\u00e9gimen Tur\u00edstico<br \/>\n*No incluye IVA<\/p>\n","protected":false},"featured_media":15405,"comment_status":"open","ping_status":"closed","template":"","meta":[],"_links":{"self":[{"href":"http:\/\/www.alfatecpy.com\/home\/wp-json\/wp\/v2\/product\/2889"}],"collection":[{"href":"http:\/\/www.alfatecpy.com\/home\/wp-json\/wp\/v2\/product"}],"about":[{"href":"http:\/\/www.alfatecpy.com\/home\/wp-json\/wp\/v2\/types\/product"}],"replies":[{"embeddable":true,"href":"http:\/\/www.alfatecpy.com\/home\/wp-json\/wp\/v2\/comments?post=2889"}],"wp:featuredmedia":[{"embeddable":true,"href":"http:\/\/www.alfatecpy.com\/home\/wp-json\/wp\/v2\/media\/15405"}],"wp:attachment":[{"href":"http:\/\/www.alfatecpy.com\/home\/wp-json\/wp\/v2\/media?parent=2889"}],"curies":[{"name":"wp","href":"https:\/\/api.w.org\/{rel}","templated":true}]}}