{"id":2870,"date":"2020-07-30T21:52:43","date_gmt":"2020-07-30T19:52:43","guid":{"rendered":"http:\/\/www.alfatecpy.com\/home\/?post_type=product&#038;p=2870"},"modified":"2020-11-20T13:29:47","modified_gmt":"2020-11-20T12:29:47","slug":"banco-curvo-metalico","status":"publish","type":"product","link":"http:\/\/www.alfatecpy.com\/home\/producto\/banco-curvo-metalico\/","title":{"rendered":"Banco Curvo Met\u00e1lico"},"content":{"rendered":"","protected":false},"excerpt":{"rendered":"<p>*R\u00e9gimen Tur\u00edstico<br \/>\n*No incluye IVA<\/p>\n","protected":false},"featured_media":4433,"comment_status":"open","ping_status":"closed","template":"","meta":[],"_links":{"self":[{"href":"http:\/\/www.alfatecpy.com\/home\/wp-json\/wp\/v2\/product\/2870"}],"collection":[{"href":"http:\/\/www.alfatecpy.com\/home\/wp-json\/wp\/v2\/product"}],"about":[{"href":"http:\/\/www.alfatecpy.com\/home\/wp-json\/wp\/v2\/types\/product"}],"replies":[{"embeddable":true,"href":"http:\/\/www.alfatecpy.com\/home\/wp-json\/wp\/v2\/comments?post=2870"}],"wp:featuredmedia":[{"embeddable":true,"href":"http:\/\/www.alfatecpy.com\/home\/wp-json\/wp\/v2\/media\/4433"}],"wp:attachment":[{"href":"http:\/\/www.alfatecpy.com\/home\/wp-json\/wp\/v2\/media?parent=2870"}],"curies":[{"name":"wp","href":"https:\/\/api.w.org\/{rel}","templated":true}]}}