{"id":2852,"date":"2020-07-15T15:38:10","date_gmt":"2020-07-15T13:38:10","guid":{"rendered":"http:\/\/www.alfatecpy.com\/home\/?post_type=product&#038;p=2852"},"modified":"2021-09-15T15:43:30","modified_gmt":"2021-09-15T13:43:30","slug":"benro-t560-tripode-fotografico-no-t560","status":"publish","type":"product","link":"http:\/\/www.alfatecpy.com\/home\/producto\/benro-t560-tripode-fotografico-no-t560\/","title":{"rendered":"TRIPODE BENRO T560"},"content":{"rendered":"<p>El tr\u00edpode Benro T560 est\u00e1 equipado con un cabezal de 3 v\u00edas que admite cargas de hasta<br \/>\n2,5 kgs y es adecuado para aplicaciones fotogr\u00e1ficas y de video.<\/p>\n<p>El cabezal proporciona control de giro e inclinaci\u00f3n, as\u00ed como una plataforma de c\u00e1mara inclinada horizontalmente para cambiar a una orientaci\u00f3n vertical de 90 \u00b0. Para una f\u00e1cil instalaci\u00f3n y extracci\u00f3n de la c\u00e1mara, se incluye una placa de liberaci\u00f3n r\u00e1pida con un tornillo est\u00e1ndar de 1\/4 \u201c-20 y registro de video .<\/p>\n<p>El tr\u00edpode alcanza una altura m\u00e1xima de 139 cms con la columna central<br \/>\nextendida y ofrece una altura m\u00ednima de trabajo de 42,5 cms. Para permitir el uso en<br \/>\npr\u00e1cticamente cualquier superficie, las patas del tr\u00edpode cuentan con pies de goma que se pueden girar para revelar espinas de metal. Se incluye un malet\u00edn acolchado para un almacenamiento y transporte conveniente .<\/p>\n<p>Caracter\u00edsticas:<br \/>\nMaterial: Aluminio\/Magnesio<br \/>\nCapacidad de carga de material : 5.51 lb (2.5 kg)<br \/>\nRango de giro: 360 \u00b0<br \/>\nRango de inclinaci\u00f3n: 180 \u00b0<br \/>\nInclinaci\u00f3n lateral: 90 \u00b0<br \/>\nAltura m\u00e1xima sin \/ Columna extendida: 145 cm<br \/>\nAltura m\u00ednima: 46cm<\/p>\n","protected":false},"excerpt":{"rendered":"<p>El tr\u00edpode Benro T560 est\u00e1 equipado con un cabezal de 3 v\u00edas que admite cargas de hasta<br \/>\n2,5 kgs y es adecuado para aplicaciones fotogr\u00e1ficas y de video.<\/p>\n","protected":false},"featured_media":2853,"comment_status":"open","ping_status":"closed","template":"","meta":[],"_links":{"self":[{"href":"http:\/\/www.alfatecpy.com\/home\/wp-json\/wp\/v2\/product\/2852"}],"collection":[{"href":"http:\/\/www.alfatecpy.com\/home\/wp-json\/wp\/v2\/product"}],"about":[{"href":"http:\/\/www.alfatecpy.com\/home\/wp-json\/wp\/v2\/types\/product"}],"replies":[{"embeddable":true,"href":"http:\/\/www.alfatecpy.com\/home\/wp-json\/wp\/v2\/comments?post=2852"}],"wp:featuredmedia":[{"embeddable":true,"href":"http:\/\/www.alfatecpy.com\/home\/wp-json\/wp\/v2\/media\/2853"}],"wp:attachment":[{"href":"http:\/\/www.alfatecpy.com\/home\/wp-json\/wp\/v2\/media?parent=2852"}],"curies":[{"name":"wp","href":"https:\/\/api.w.org\/{rel}","templated":true}]}}