{"id":2836,"date":"2020-05-05T21:22:05","date_gmt":"2020-05-05T19:22:05","guid":{"rendered":"http:\/\/www.alfatecpy.com\/home\/?post_type=product&#038;p=2836"},"modified":"2020-10-15T17:49:55","modified_gmt":"2020-10-15T15:49:55","slug":"by-m1-pro","status":"publish","type":"product","link":"http:\/\/www.alfatecpy.com\/home\/producto\/by-m1-pro\/","title":{"rendered":"Micr\u00f3fono BOYA BY-M1 Pro"},"content":{"rendered":"<p>Productos Destacados:<\/p>\n<p>\u2022 Micr\u00f3fono con clip para tel\u00e9fonos inteligentes, DSLR, videoc\u00e1maras, audio<br \/>\ngrabadoras, PC, etc.<br \/>\n\u2022 Condensador de alta calidad, ideal para uso en video.<br \/>\n\u2022 Bajo ruido de manejo.<br \/>\n\u2022 Incluye clip de solapa, bater\u00eda LR44,<br \/>\nparabrisas de espuma, adaptador de 1\/4 \u00ab.<br \/>\n\u2022 Reproduzca el monitoreo de auriculares en modo tel\u00e9fono inteligente.<br \/>\n\u2022 -10dB de atenuaci\u00f3n de sonido.<\/p>\n<p>Descripci\u00f3n del producto<\/p>\n<p>Micr\u00f3fono Universal Lavalier<\/p>\n<p>El BY-M1 Pro es un micr\u00f3fono lavalier universal, que es compatible<br \/>\ncon tel\u00e9fonos inteligentes, PC, c\u00e1maras, grabadoras de audio y otros dispositivos de grabaci\u00f3n, etc.<\/p>\n<p>En su cuerpo compacto, hay algunas funciones especiales y \u00fatiles que distinguen a BY-M1 Pro de otros micr\u00f3fonos generales en el mercado.<br \/>\nCon el interruptor de almohadilla de -10dB, reduce de manera electiva el uso no deseado cuando el sonido del sujeto es muy fuerte y est\u00e1 cerca del micr\u00f3fono,<br \/>\naseg\u00farese de que la grabaci\u00f3n siempre est\u00e9 clara. Con un conector para auriculares de 3\/8 \u00aben la parte inferior, permite a los usuarios monitorear el sonido en modo tel\u00e9fono inteligente.<\/p>\n<p>Para asegurarse de tener una buena experiencia, lea detenidamente el manual y cons\u00e9rvelo para futuras referencias.<\/p>\n","protected":false},"excerpt":{"rendered":"<p>*R\u00e9gimen Tur\u00edstico<br \/>\n*No incluye IVA<\/p>\n","protected":false},"featured_media":2841,"comment_status":"open","ping_status":"closed","template":"","meta":[],"_links":{"self":[{"href":"http:\/\/www.alfatecpy.com\/home\/wp-json\/wp\/v2\/product\/2836"}],"collection":[{"href":"http:\/\/www.alfatecpy.com\/home\/wp-json\/wp\/v2\/product"}],"about":[{"href":"http:\/\/www.alfatecpy.com\/home\/wp-json\/wp\/v2\/types\/product"}],"replies":[{"embeddable":true,"href":"http:\/\/www.alfatecpy.com\/home\/wp-json\/wp\/v2\/comments?post=2836"}],"wp:featuredmedia":[{"embeddable":true,"href":"http:\/\/www.alfatecpy.com\/home\/wp-json\/wp\/v2\/media\/2841"}],"wp:attachment":[{"href":"http:\/\/www.alfatecpy.com\/home\/wp-json\/wp\/v2\/media?parent=2836"}],"curies":[{"name":"wp","href":"https:\/\/api.w.org\/{rel}","templated":true}]}}