{"id":266,"date":"2019-05-09T02:28:48","date_gmt":"2019-05-09T00:28:48","guid":{"rendered":"http:\/\/www.alfatecpy.com\/home\/producto\/braket-incoflash-reforcado\/"},"modified":"2020-11-11T14:23:49","modified_gmt":"2020-11-11T13:23:49","slug":"braket-incoflash-reforcado","status":"publish","type":"product","link":"http:\/\/www.alfatecpy.com\/home\/producto\/braket-incoflash-reforcado\/","title":{"rendered":"BRACKET SOPORTE P\/ SPEEDLIGHT INCOFLASH"},"content":{"rendered":"<p>Ideal para usar un flash Speed \u200b\u200bLight dedicado en tr\u00edpodes con paraguas, tambi\u00e9n puede usar su flash conectado a una radio flash.<\/p>\n<p>Soporte para sombrilla, tr\u00edpode y flash Speedlight dedicados.<br \/>\nCompatible con Nikon, Canon, YongNuo y otros con zapatos similares.<br \/>\nCompatible con radio flash que tiene zapatos similares a Nikon, Canon, YongNuo y zapatos similares.<br \/>\nCuerpo inyectado en Nylon Industrial con fibra de alta resistencia.<br \/>\nZapata de metal, no afecta las funciones del flash ya que no tiene contacto con las clavijas de contacto de las zapatas de flash.<br \/>\nTiene articulaci\u00f3n reforzada para ajuste de \u00e1ngulo y pasador para girar horizontalmente seg\u00fan su necesidad.<\/p>\n","protected":false},"excerpt":{"rendered":"<p>*R\u00e9gimen Tur\u00edstico<br \/>\n*No incluye IVA<\/p>\n","protected":false},"featured_media":4253,"comment_status":"open","ping_status":"closed","template":"","meta":[],"_links":{"self":[{"href":"http:\/\/www.alfatecpy.com\/home\/wp-json\/wp\/v2\/product\/266"}],"collection":[{"href":"http:\/\/www.alfatecpy.com\/home\/wp-json\/wp\/v2\/product"}],"about":[{"href":"http:\/\/www.alfatecpy.com\/home\/wp-json\/wp\/v2\/types\/product"}],"replies":[{"embeddable":true,"href":"http:\/\/www.alfatecpy.com\/home\/wp-json\/wp\/v2\/comments?post=266"}],"wp:featuredmedia":[{"embeddable":true,"href":"http:\/\/www.alfatecpy.com\/home\/wp-json\/wp\/v2\/media\/4253"}],"wp:attachment":[{"href":"http:\/\/www.alfatecpy.com\/home\/wp-json\/wp\/v2\/media?parent=266"}],"curies":[{"name":"wp","href":"https:\/\/api.w.org\/{rel}","templated":true}]}}