{"id":2550,"date":"2019-10-11T20:15:44","date_gmt":"2019-10-11T18:15:44","guid":{"rendered":"http:\/\/www.alfatecpy.com\/home\/?post_type=product&#038;p=2550"},"modified":"2021-01-15T13:25:41","modified_gmt":"2021-01-15T12:25:41","slug":"video-led-light-112","status":"publish","type":"product","link":"http:\/\/www.alfatecpy.com\/home\/producto\/video-led-light-112\/","title":{"rendered":"Video LED LIGHT 112"},"content":{"rendered":"<div id=\"tw-target-text-container\" class=\"tw-ta-container tw-nfl\">\n<h4 id=\"tw-target-text\" class=\"tw-data-text tw-text-large tw-ta\" dir=\"ltr\" data-placeholder=\"Traducci\u00f3n\"><span lang=\"es\" tabindex=\"0\">Con menos de media pulgada de grosor, la luz LED<strong> LED-112<\/strong> Micro Series para fotograf\u00eda y video de Vidpro presenta un dise\u00f1o micro delgado en una carcasa de aluminio. Tiene una pantalla LCD en color en la parte posterior que muestra un tiempo de ejecuci\u00f3n de conteo de minutos, estado de la bater\u00eda, configuraci\u00f3n de temperatura de color y configuraci\u00f3n de brillo, lo que permite un flujo de trabajo digital preciso y eficiente. Ofrece una temperatura de color variable de 3100 a 5500K que se marca en esta pantalla trasera usando los botones laterales. El brillo es igualmente ajustable en la parte trasera del 10 al 100%. La luz se monta en su c\u00e1mara usando y proporciona una adici\u00f3n perfecta que no es ni pesada ni obstructiva de ninguna manera.<\/span><\/h4>\n<\/div>\n<div id=\"z6maec\" class=\"tw-ta-container tw-nfl\">\n<pre id=\"tw-target-rmn\" class=\"tw-data-placeholder tw-text-small tw-ta\" dir=\"ltr\" data-placeholder=\"\"><\/pre>\n<\/div>\n","protected":false},"excerpt":{"rendered":"<p>R\u00e9gimen Tur\u00edstic<\/p>\n<p>No incluye IVA<\/p>\n","protected":false},"featured_media":2551,"comment_status":"open","ping_status":"closed","template":"","meta":[],"_links":{"self":[{"href":"http:\/\/www.alfatecpy.com\/home\/wp-json\/wp\/v2\/product\/2550"}],"collection":[{"href":"http:\/\/www.alfatecpy.com\/home\/wp-json\/wp\/v2\/product"}],"about":[{"href":"http:\/\/www.alfatecpy.com\/home\/wp-json\/wp\/v2\/types\/product"}],"replies":[{"embeddable":true,"href":"http:\/\/www.alfatecpy.com\/home\/wp-json\/wp\/v2\/comments?post=2550"}],"wp:featuredmedia":[{"embeddable":true,"href":"http:\/\/www.alfatecpy.com\/home\/wp-json\/wp\/v2\/media\/2551"}],"wp:attachment":[{"href":"http:\/\/www.alfatecpy.com\/home\/wp-json\/wp\/v2\/media?parent=2550"}],"curies":[{"name":"wp","href":"https:\/\/api.w.org\/{rel}","templated":true}]}}