{"id":2384,"date":"2019-09-19T16:43:29","date_gmt":"2019-09-19T14:43:29","guid":{"rendered":"http:\/\/www.alfatecpy.com\/home\/?post_type=product&#038;p=2384"},"modified":"2020-10-16T13:28:39","modified_gmt":"2020-10-16T11:28:39","slug":"yb-vestidor-pop-up-portatil","status":"publish","type":"product","link":"http:\/\/www.alfatecpy.com\/home\/producto\/yb-vestidor-pop-up-portatil\/","title":{"rendered":"Y&#038;B Vestidor Pop Up \/ Port\u00e1til"},"content":{"rendered":"<p><span data-spm-anchor-id=\"a2g0o.detail.1000023.i1.29a0eeaaysw9ow\">Es el vestidor m\u00e1s compacto y f\u00e1cil de usar para cualquier evento. Encontrar\u00e1s muchas razones para usar este vestuario.<\/span><\/p>\n<p><span data-spm-anchor-id=\"a2g0o.detail.1000023.i1.29a0eeaaysw9ow\">Es un gran producto para uso profesionales como fotograf\u00eda, modelos, ferias y m\u00e1s.<\/span><\/p>\n<p><span data-spm-anchor-id=\"a2g0o.detail.1000023.i1.29a0eeaaysw9ow\">El cambiador es completamente discreto y te da tranquilidad mientras cambias de ropa. el cambiador est\u00e1 hecho de nailon duradero. Entrada integrada con cremallera de entrada y salida dise\u00f1o sin techo para una mejor ventilaci\u00f3n y una habitaci\u00f3n m\u00e1s grande para vestir<\/span><\/p>\n<p>&nbsp;<\/p>\n","protected":false},"excerpt":{"rendered":"<p>*R\u00e9gimen Tur\u00edstico<br \/>\n*No incluye IVA<\/p>\n","protected":false},"featured_media":2390,"comment_status":"open","ping_status":"closed","template":"","meta":[],"_links":{"self":[{"href":"http:\/\/www.alfatecpy.com\/home\/wp-json\/wp\/v2\/product\/2384"}],"collection":[{"href":"http:\/\/www.alfatecpy.com\/home\/wp-json\/wp\/v2\/product"}],"about":[{"href":"http:\/\/www.alfatecpy.com\/home\/wp-json\/wp\/v2\/types\/product"}],"replies":[{"embeddable":true,"href":"http:\/\/www.alfatecpy.com\/home\/wp-json\/wp\/v2\/comments?post=2384"}],"wp:featuredmedia":[{"embeddable":true,"href":"http:\/\/www.alfatecpy.com\/home\/wp-json\/wp\/v2\/media\/2390"}],"wp:attachment":[{"href":"http:\/\/www.alfatecpy.com\/home\/wp-json\/wp\/v2\/media?parent=2384"}],"curies":[{"name":"wp","href":"https:\/\/api.w.org\/{rel}","templated":true}]}}