{"id":20224,"date":"2022-07-21T21:50:31","date_gmt":"2022-07-21T19:50:31","guid":{"rendered":"http:\/\/www.alfatecpy.com\/home\/?post_type=product&#038;p=20224"},"modified":"2022-07-23T20:49:43","modified_gmt":"2022-07-23T18:49:43","slug":"bombilla-led-nanlite-pavobulb-10c-bicolor-rgb","status":"publish","type":"product","link":"http:\/\/www.alfatecpy.com\/home\/producto\/bombilla-led-nanlite-pavobulb-10c-bicolor-rgb\/","title":{"rendered":"Bombilla LED Nanlite PavoBulb 10C bicolor RGB"},"content":{"rendered":"<div class=\"container_p4Bv9pDl3w\">\n<div class=\"fader_JbpWgX7qme\">\n<div class=\"overviewContent_L6kDdYKxLS\">\n<article class=\"content_L6kDdYKxLS\">\n<div>\n<div class=\"productDescription_UbV5SNP5Eo\" data-selenium=\"overviewLongDescription\">\n<div class=\"js-injected-html text_UbV5SNP5Eo\">\n<p><span>La\u00a0<\/span><b><span>bombilla LED RGBWW bicolor PavoBulb 10C<\/span><\/b><span>\u00a0de\u00a0<\/span><b><span>Nanlite<\/span><\/b><span>\u00a0es una bombilla LED dise\u00f1ada para la producci\u00f3n creativa.\u00a0Se conecta a un portal\u00e1mparas est\u00e1ndar y proporciona una luz de alta precisi\u00f3n con un CRI de 95 y un TLCI de 97. Tiene un rango de temperatura de color ampliado de 2700 a 7500K, con un impresionante color RGB y 15 efectos personalizables incorporados.\u00a0Tres botones brindan una configuraci\u00f3n r\u00e1pida, pero un control m\u00e1s profundo est\u00e1 disponible de forma inal\u00e1mbrica a trav\u00e9s de Bluetooth usando la aplicaci\u00f3n m\u00f3vil gratuita NANLINK o a trav\u00e9s de 2.4G usando los controles remotos NANLINK.<\/span><\/p>\n<p><span>Un puerto USB tipo C permite que el PavoBulb 10C se alimente con una bater\u00eda externa para tiempos de funcionamiento prolongados cuando la conexi\u00f3n a la CA no es una opci\u00f3n.\u00a0Se puede conectar un cable USB Type-C a DMX opcional al puerto USB Type-C para permitir un control DMX completo.\u00a0El PavoBulb 10C ofrece un control completo sobre la atenuaci\u00f3n, la temperatura del color, el cambio de verde a magenta y m\u00e1s.\u00a0El PavoBulb 10C tiene el factor de forma de una bombilla de luz incandescente convencional y se atornilla en una base E27 est\u00e1ndar, lo que permite instalarlo en una l\u00e1mpara en el set como una fuente de luz de aspecto natural en la escena.<\/span><\/p>\n<\/div>\n<\/div>\n<\/div>\n<div class=\"feature_UbV5SNP5Eo\">\n<div class=\"feature_UbV5SNP5Eo\">\n<div>\n<div class=\"feature_UbV5SNP5Eo\">\n<div class=\"featureHeader_UbV5SNP5Eo\">\n<h2 class=\"text_TAw0W35QK_ comfy_TAw0W35QK_ sizeTitle2_TAw0W35QK_ weightNormal_TAw0W35QK_ primary_i3MsQsqoe0\"><span>Luz LED precisa con m\u00e1s posibilidades<\/span><\/h2>\n<\/div>\n<div>\n<div class=\"js-injected-html text_UbV5SNP5Eo\"><span>Con un CRI de 95 y TLCI de 97, el PavoBulb 10C proporciona una precisi\u00f3n de color extremadamente alta.\u00a0La temperatura del color se puede ajustar de 2700 a 7500 K, y el cambio de verde a magenta se puede ajustar para que coincida con otras fuentes de luz.\u00a0Un puerto USB Tipo-C permite usar bater\u00edas potentes para tiempos de funcionamiento prolongados cuando no hay CA disponible, y permite el control DMX usando el cable USB Tipo-C a DMX opcional.<\/span><\/div>\n<\/div>\n<\/div>\n<\/div>\n<div>\n<div class=\"feature_UbV5SNP5Eo\">\n<div class=\"featureHeader_UbV5SNP5Eo\">\n<h2 class=\"text_TAw0W35QK_ comfy_TAw0W35QK_ sizeTitle2_TAw0W35QK_ weightNormal_TAw0W35QK_ primary_i3MsQsqoe0\"><span>M\u00faltiples opciones de control<\/span><\/h2>\n<\/div>\n<div>\n<div class=\"js-injected-html text_UbV5SNP5Eo\"><span>Controle instant\u00e1neamente el brillo, la temperatura del color y el tono con los botones integrados en PavoBulb 10C.\u00a0Tambi\u00e9n se puede controlar de forma remota a trav\u00e9s de Bluetooth incorporado con la aplicaci\u00f3n m\u00f3vil gratuita NANLINK o a trav\u00e9s de 2.4G usando los controles remotos NANLINK.\u00a0Para la operaci\u00f3n con cable, el Nanlite Control Bank disponible por separado permite ajustes de configuraci\u00f3n como el cambio de verde a magenta sin usar la aplicaci\u00f3n o la red inal\u00e1mbrica.<\/span><\/div>\n<\/div>\n<\/div>\n<\/div>\n<div>\n<div class=\"feature_UbV5SNP5Eo\">\n<div class=\"featureHeader_UbV5SNP5Eo\">\n<h2 class=\"text_TAw0W35QK_ comfy_TAw0W35QK_ sizeTitle2_TAw0W35QK_ weightNormal_TAw0W35QK_ primary_i3MsQsqoe0\"><span>Color y efectos personalizados<\/span><\/h2>\n<\/div>\n<div>\n<div class=\"js-injected-html text_UbV5SNP5Eo\"><span>El difusor de c\u00fapula completa proporciona una luz atractivamente suave y uniforme con un amplio \u00e1ngulo de haz de 205\u00b0.\u00a0La avanzada tecnolog\u00eda de mezcla de colores RGBWW proporciona una reproducci\u00f3n muy precisa de 36 000 colores.\u00a0Hay 15 efectos de iluminaci\u00f3n integrados y f\u00e1cilmente personalizables, y cuando se controla con la aplicaci\u00f3n m\u00f3vil NANLINK, los efectos se pueden guardar como preajustes recuperables.<\/span><\/div>\n<\/div>\n<\/div>\n<\/div>\n<div>\n<div class=\"feature_UbV5SNP5Eo\">\n<div class=\"featureHeader_UbV5SNP5Eo\">\n<h2 class=\"text_TAw0W35QK_ comfy_TAw0W35QK_ sizeTitle2_TAw0W35QK_ weightNormal_TAw0W35QK_ primary_i3MsQsqoe0\"><span>Un sistema de iluminaci\u00f3n completo<\/span><\/h2>\n<\/div>\n<div>\n<div class=\"js-injected-html text_UbV5SNP5Eo\"><span>El PavoBulb 10C brinda un control completo sobre las luces pr\u00e1cticas en las producciones, pero tambi\u00e9n es parte del ecosistema Nanlite m\u00e1s grande de accesorios de iluminaci\u00f3n profesional.\u00a0Se puede usar y controlar junto con luces de tubo LED Nanlite, paneles LED y monoluces, todos los cuales se pueden controlar de forma inal\u00e1mbrica con la aplicaci\u00f3n NANLINK y los controles remotos.<\/span><\/div>\n<\/div>\n<\/div>\n<\/div>\n<div>\n<div class=\"feature_UbV5SNP5Eo\">\n<div class=\"featureHeader_UbV5SNP5Eo\">\n<h2 class=\"text_TAw0W35QK_ comfy_TAw0W35QK_ sizeTitle2_TAw0W35QK_ weightNormal_TAw0W35QK_ primary_i3MsQsqoe0\"><span>No confinado a las l\u00e1mparas<\/span><\/h2>\n<\/div>\n<div>\n<div class=\"js-injected-html text_UbV5SNP5Eo\"><span><span class=\"goog-text-highlight\">La PavoBulb 10C encaja en un enchufe E27 est\u00e1ndar y se alimenta de la CA de la l\u00e1mpara, pero tambi\u00e9n tiene capacidades de bater\u00eda externa para ubicaciones sin CA disponible.\u00a0<\/span>Una gama de accesorios opcionales permite su uso en cualquier lugar.\u00a0La montura magn\u00e9tica y adaptador de CA Nanlite E27 es un accesorio opcional con una montura magn\u00e9tica que brinda m\u00e1s libertad para colocar una PavoBulb en las tomas para que parezca una bombilla normal cuando se usa en el encuadre, brindando iluminaci\u00f3n basada en la escena.<\/span><\/div>\n<\/div>\n<\/div>\n<\/div>\n<\/div>\n<\/div>\n<\/article>\n<aside class=\"rightNavbar_L6kDdYKxLS\">\n<div>\n<div class=\"included__cXkStmX9s\">\n<h4 class=\"heading__cXkStmX9s\" data-selenium=\"includesInTheBoxTitle\"><span>En el cuadro<\/span><\/h4>\n<ul class=\"list__cXkStmX9s\" data-selenium=\"includesInTheBoxList\">\n<li class=\"item_u6ujeLWy3W\" data-selenium=\"includesInTheBoxItem\"><span>Bombilla LED Nanlite PavoBulb 10C bicolor RGBWW<\/span><\/li>\n<li class=\"item_u6ujeLWy3W\" data-selenium=\"includesInTheBoxItem\"><span>Bombilla PavoBulb 10C<\/span><\/li>\n<li class=\"item_u6ujeLWy3W\" data-selenium=\"includesInTheBoxItem\"><span>Cable USB tipo C<\/span><\/li>\n<li class=\"item_u6ujeLWy3W\" data-selenium=\"includesInTheBoxItem\"><span>Cable de CA<\/span><\/li>\n<li class=\"item_u6ujeLWy3W\" data-selenium=\"includesInTheBoxItem\"><span>Garant\u00eda limitada de 2 a\u00f1os, extensi\u00f3n de 1 a\u00f1o con registro<\/span><\/li>\n<\/ul>\n<\/div>\n<\/div>\n<div>\n<h4 class=\"heading_l1og7_1gbL\"><span>No en la caja<\/span><\/h4>\n<ul class=\"list_l1og7_1gbL\" data-selenium=\"notInTheBoxList\">\n<li class=\"listItem_l1og7_1gbL\"><span><a class=\"link_l1og7_1gbL\" title=\"Una fuente de alimentaci\u00f3n no est\u00e1 incluida, pero es necesaria para su uso.\" href=\"https:\/\/www.bhphotovideo.com\/c\/product\/1693334-REG\/nanlite_pb10c_pavobulb_10c_bicolor_rgbww.html\/accessories\/99071\">Adaptadores de CA\u00a0<\/a><span class=\"isEssential_l1og7_1gbL\">esenciales\u00a0<\/span><a class=\"link_l1og7_1gbL\" title=\"Una fuente de alimentaci\u00f3n no est\u00e1 incluida, pero es necesaria para su uso.\" href=\"https:\/\/www.bhphotovideo.com\/c\/product\/1693334-REG\/nanlite_pb10c_pavobulb_10c_bicolor_rgbww.html\/accessories\/99071\"><span class=\"notIncluded_l1og7_1gbL\">(no incluidos)<\/span><\/a><\/span><\/li>\n<\/ul>\n<\/div>\n<div class=\"banner_hUuKdDuOnS\" data-selenium=\"literatureBanner\"><\/div>\n<\/aside>\n<\/div>\n<\/div>\n<\/div>\n<div class=\"seeAnyErrors_z8LtNp7nnS\"><\/div>\n","protected":false},"excerpt":{"rendered":"<p>*Regimen turistico<br \/>\n*No incluye IVA<\/p>\n","protected":false},"featured_media":20227,"comment_status":"open","ping_status":"closed","template":"","meta":[],"_links":{"self":[{"href":"http:\/\/www.alfatecpy.com\/home\/wp-json\/wp\/v2\/product\/20224"}],"collection":[{"href":"http:\/\/www.alfatecpy.com\/home\/wp-json\/wp\/v2\/product"}],"about":[{"href":"http:\/\/www.alfatecpy.com\/home\/wp-json\/wp\/v2\/types\/product"}],"replies":[{"embeddable":true,"href":"http:\/\/www.alfatecpy.com\/home\/wp-json\/wp\/v2\/comments?post=20224"}],"wp:featuredmedia":[{"embeddable":true,"href":"http:\/\/www.alfatecpy.com\/home\/wp-json\/wp\/v2\/media\/20227"}],"wp:attachment":[{"href":"http:\/\/www.alfatecpy.com\/home\/wp-json\/wp\/v2\/media?parent=20224"}],"curies":[{"name":"wp","href":"https:\/\/api.w.org\/{rel}","templated":true}]}}