{"id":20093,"date":"2022-07-20T20:35:16","date_gmt":"2022-07-20T18:35:16","guid":{"rendered":"http:\/\/www.alfatecpy.com\/home\/?post_type=product&#038;p=20093"},"modified":"2022-08-06T13:36:49","modified_gmt":"2022-08-06T11:36:49","slug":"memoria-ram-adata-xpg-gammix-d45-ddr4-16gb-3200mhz-preto-ax4u320016g16a-cbkd45","status":"publish","type":"product","link":"http:\/\/www.alfatecpy.com\/home\/producto\/memoria-ram-adata-xpg-gammix-d45-ddr4-16gb-3200mhz-preto-ax4u320016g16a-cbkd45\/","title":{"rendered":"Mem\u00f3ria RAM ADATA XPG Gammix D45 DDR4 16GB 3200MHz &#8211; Preto (AX4U320016G16A-CBKD45)"},"content":{"rendered":"<div class=\"p-grid\">\n<div class=\"p-col-5 p-ficha-tecnica-left\"><label id=\"dtFichaTecnica:0:j_idt123\" class=\"ui-outputlabel ui-widget produto-titulo\">MARCA<\/label><\/div>\n<div class=\"p-col-2\">\n<div id=\"dtFichaTecnica:0:j_idt126\" class=\"ui-divider ui-widget ui-divider-vertical ui-divider-solid ui-divider-center\" role=\"separator\"><\/div>\n<\/div>\n<div class=\"p-col-5 p-ficha-tecnica-right\"><span class=\"produto-valor\">ADATA<\/span><\/div>\n<\/div>\n<div class=\"p-grid\">\n<div class=\"p-col-5 p-ficha-tecnica-left\"><label id=\"dtFichaTecnica:1:j_idt123\" class=\"ui-outputlabel ui-widget produto-titulo\">MODELO<\/label><\/div>\n<div class=\"p-col-2\">\n<div id=\"dtFichaTecnica:1:j_idt126\" class=\"ui-divider ui-widget ui-divider-vertical ui-divider-solid ui-divider-center\" role=\"separator\"><\/div>\n<\/div>\n<div class=\"p-col-5 p-ficha-tecnica-right\"><span class=\"produto-valor\">XPG Gammix D45<\/span><\/div>\n<\/div>\n<div class=\"p-grid\">\n<div class=\"p-col-5 p-ficha-tecnica-left\"><label id=\"dtFichaTecnica:2:j_idt123\" class=\"ui-outputlabel ui-widget produto-titulo\">REFER\u00caNCIA<\/label><\/div>\n<div class=\"p-col-2\">\n<div id=\"dtFichaTecnica:2:j_idt126\" class=\"ui-divider ui-widget ui-divider-vertical ui-divider-solid ui-divider-center\" role=\"separator\"><\/div>\n<\/div>\n<div class=\"p-col-5 p-ficha-tecnica-right\"><span class=\"produto-valor\">AX4U320016G16A-CBKD45<\/span><\/div>\n<\/div>\n<div class=\"p-grid\">\n<div class=\"p-col-5 p-ficha-tecnica-left\"><label id=\"dtFichaTecnica:3:j_idt123\" class=\"ui-outputlabel ui-widget produto-titulo\">CAPACIDADE<\/label><\/div>\n<div class=\"p-col-2\">\n<div id=\"dtFichaTecnica:3:j_idt126\" class=\"ui-divider ui-widget ui-divider-vertical ui-divider-solid ui-divider-center\" role=\"separator\"><\/div>\n<\/div>\n<div class=\"p-col-5 p-ficha-tecnica-right\"><span class=\"produto-valor\">16 GB<\/span><\/div>\n<\/div>\n<div class=\"p-grid\">\n<div class=\"p-col-5 p-ficha-tecnica-left\"><label id=\"dtFichaTecnica:4:j_idt123\" class=\"ui-outputlabel ui-widget produto-titulo\">LAT\u00caNCIA<\/label><\/div>\n<div class=\"p-col-2\">\n<div id=\"dtFichaTecnica:4:j_idt126\" class=\"ui-divider ui-widget ui-divider-vertical ui-divider-solid ui-divider-center\" role=\"separator\"><\/div>\n<\/div>\n<div class=\"p-col-5 p-ficha-tecnica-right\"><span class=\"produto-valor\">16-20-20<\/span><\/div>\n<\/div>\n<div class=\"p-grid\">\n<div class=\"p-col-5 p-ficha-tecnica-left\"><label id=\"dtFichaTecnica:5:j_idt123\" class=\"ui-outputlabel ui-widget produto-titulo\">FORMATO<\/label><\/div>\n<div class=\"p-col-2\">\n<div id=\"dtFichaTecnica:5:j_idt126\" class=\"ui-divider ui-widget ui-divider-vertical ui-divider-solid ui-divider-center\" role=\"separator\"><\/div>\n<\/div>\n<div class=\"p-col-5 p-ficha-tecnica-right\"><span class=\"produto-valor\">UDIMM<\/span><\/div>\n<\/div>\n<div class=\"p-grid\">\n<div class=\"p-col-5 p-ficha-tecnica-left\"><label id=\"dtFichaTecnica:6:j_idt123\" class=\"ui-outputlabel ui-widget produto-titulo\">TIPO<\/label><\/div>\n<div class=\"p-col-2\">\n<div id=\"dtFichaTecnica:6:j_idt126\" class=\"ui-divider ui-widget ui-divider-vertical ui-divider-solid ui-divider-center\" role=\"separator\"><\/div>\n<\/div>\n<div class=\"p-col-5 p-ficha-tecnica-right\"><span class=\"produto-valor\">DDR4<\/span><\/div>\n<\/div>\n<div class=\"p-grid\">\n<div class=\"p-col-5 p-ficha-tecnica-left\"><label id=\"dtFichaTecnica:7:j_idt123\" class=\"ui-outputlabel ui-widget produto-titulo\">VELOCIDADE DE MEM\u00d3RIA<\/label><\/div>\n<div class=\"p-col-2\">\n<div id=\"dtFichaTecnica:7:j_idt126\" class=\"ui-divider ui-widget ui-divider-vertical ui-divider-solid ui-divider-center\" role=\"separator\"><\/div>\n<\/div>\n<div class=\"p-col-5 p-ficha-tecnica-right\"><span class=\"produto-valor\">3200 MHz<\/span><\/div>\n<\/div>\n","protected":false},"excerpt":{"rendered":"<p>MARCA ADATA MODELO XPG Gammix D45 REFER\u00caNCIA AX4U320016G16A-CBKD45 CAPACIDADE 16 GB LAT\u00caNCIA 16-20-20 FORMATO UDIMM TIPO DDR4 VELOCIDADE DE MEM\u00d3RIA 3200 MHz<\/p>\n","protected":false},"featured_media":20094,"comment_status":"open","ping_status":"closed","template":"","meta":[],"_links":{"self":[{"href":"http:\/\/www.alfatecpy.com\/home\/wp-json\/wp\/v2\/product\/20093"}],"collection":[{"href":"http:\/\/www.alfatecpy.com\/home\/wp-json\/wp\/v2\/product"}],"about":[{"href":"http:\/\/www.alfatecpy.com\/home\/wp-json\/wp\/v2\/types\/product"}],"replies":[{"embeddable":true,"href":"http:\/\/www.alfatecpy.com\/home\/wp-json\/wp\/v2\/comments?post=20093"}],"wp:featuredmedia":[{"embeddable":true,"href":"http:\/\/www.alfatecpy.com\/home\/wp-json\/wp\/v2\/media\/20094"}],"wp:attachment":[{"href":"http:\/\/www.alfatecpy.com\/home\/wp-json\/wp\/v2\/media?parent=20093"}],"curies":[{"name":"wp","href":"https:\/\/api.w.org\/{rel}","templated":true}]}}