{"id":19308,"date":"2022-07-14T21:47:14","date_gmt":"2022-07-14T19:47:14","guid":{"rendered":"http:\/\/www.alfatecpy.com\/home\/?post_type=product&#038;p=19308"},"modified":"2022-07-19T17:43:43","modified_gmt":"2022-07-19T15:43:43","slug":"grio-canon-bg-e11-para-canon-eos-5d-mark-iii-5ds-y-5ds-r","status":"publish","type":"product","link":"http:\/\/www.alfatecpy.com\/home\/producto\/grio-canon-bg-e11-para-canon-eos-5d-mark-iii-5ds-y-5ds-r\/","title":{"rendered":"GRIP CANON BG-E11 PARA CANON EOS 5D MARK III, 5DS Y 5DS R"},"content":{"rendered":"<div>\n<div class=\"productDescription_UbV5SNP5Eo\" data-selenium=\"overviewLongDescription\">\n<div class=\"js-injected-html text_UbV5SNP5Eo\">\n<p>La empu\u00f1adura de\u00a0<strong>bater\u00eda BG-E11 de Canon<\/strong>\u00a0\u00a0es una empu\u00f1adura de bater\u00eda opcional con una ergonom\u00eda mejorada dise\u00f1ada espec\u00edficamente para las EOS 5D Mark III, 5DS y 5DS R de Canon. Permite a los usuarios cargar una o dos bater\u00edas LP-E6.\u00a0Con dos paquetes, la ya impresionante duraci\u00f3n de la bater\u00eda se duplica, en comparaci\u00f3n con el uso de un solo paquete LP-E6 en la c\u00e1mara.\u00a0Esto es especialmente \u00fatil cuando se aprovecha el modo de pel\u00edcula de la c\u00e1mara o el modo de Vista en vivo, modos operativos que usan m\u00e1s energ\u00eda.\u00a0Adem\u00e1s, con el cargador de bater\u00eda incluido, tambi\u00e9n puede hacer funcionar la c\u00e1mara con seis bater\u00edas AA.<\/p>\n<p>La BG-E11 tambi\u00e9n proporciona controles completos de disparo vertical, que se pueden activar o desactivar de forma independiente seg\u00fan el fot\u00f3grafo necesite mejorar el manejo de la c\u00e1mara, especialmente para capturar im\u00e1genes verticales.\u00a0<span class=\"goog-text-highlight\">Tambi\u00e9n tiene una gran cantidad de controles operativos: bot\u00f3n del obturador, dial principal, controlador m\u00faltiple, bot\u00f3n de selecci\u00f3n del punto AF, bot\u00f3n de bloqueo AE\/bloqueo FE, bot\u00f3n de inicio AF y bot\u00f3n multifunci\u00f3n.<\/span><\/p>\n<\/div>\n<\/div>\n<\/div>\n<div class=\"feature_UbV5SNP5Eo\">\n<div class=\"upc_UbV5SNP5Eo\"><\/div>\n<\/div>\n","protected":false},"excerpt":{"rendered":"<p>*Regimen turistico<br \/>\n*No incluye IVA<\/p>\n","protected":false},"featured_media":19309,"comment_status":"open","ping_status":"closed","template":"","meta":[],"_links":{"self":[{"href":"http:\/\/www.alfatecpy.com\/home\/wp-json\/wp\/v2\/product\/19308"}],"collection":[{"href":"http:\/\/www.alfatecpy.com\/home\/wp-json\/wp\/v2\/product"}],"about":[{"href":"http:\/\/www.alfatecpy.com\/home\/wp-json\/wp\/v2\/types\/product"}],"replies":[{"embeddable":true,"href":"http:\/\/www.alfatecpy.com\/home\/wp-json\/wp\/v2\/comments?post=19308"}],"wp:featuredmedia":[{"embeddable":true,"href":"http:\/\/www.alfatecpy.com\/home\/wp-json\/wp\/v2\/media\/19309"}],"wp:attachment":[{"href":"http:\/\/www.alfatecpy.com\/home\/wp-json\/wp\/v2\/media?parent=19308"}],"curies":[{"name":"wp","href":"https:\/\/api.w.org\/{rel}","templated":true}]}}