{"id":19299,"date":"2022-07-14T21:29:25","date_gmt":"2022-07-14T19:29:25","guid":{"rendered":"http:\/\/www.alfatecpy.com\/home\/?post_type=product&#038;p=19299"},"modified":"2022-07-19T17:47:16","modified_gmt":"2022-07-19T15:47:16","slug":"microfono-de-mano-dinamico-boya-by-hm100","status":"publish","type":"product","link":"http:\/\/www.alfatecpy.com\/home\/producto\/microfono-de-mano-dinamico-boya-by-hm100\/","title":{"rendered":"Micr\u00f3fono de mano din\u00e1mico BOYA BY-HM100"},"content":{"rendered":"<div>\n<div class=\"productDescription_UbV5SNP5Eo\" data-selenium=\"overviewLongDescription\">\n<div class=\"js-injected-html text_UbV5SNP5Eo\">\n<p><span><span class=\"goog-text-highlight\">El\u00a0<\/span><\/span><b><span><span class=\"goog-text-highlight\">micr\u00f3fono de mano din\u00e1mico BY-HM100<\/span><\/span><\/b><span><span class=\"goog-text-highlight\">\u00a0de\u00a0<\/span><\/span><b><span><span class=\"goog-text-highlight\">BOYA<\/span><\/span><\/b><span><span class=\"goog-text-highlight\">\u00a0es un micr\u00f3fono dise\u00f1ado para la reproducci\u00f3n de voz para maximizar la claridad.\u00a0<\/span>Se puede utilizar en varios entornos: para capturar voz para entrevistas, as\u00ed como en aplicaciones de salas de juntas, conferencias y presentaciones.<\/span><\/p>\n<p><span>El micr\u00f3fono cuenta con un patr\u00f3n de captaci\u00f3n omnidireccional de 360\u00b0 para entrevistas r\u00e1pidas en la calle, una c\u00e1psula din\u00e1mica, por lo que no necesita bater\u00eda ni alimentaci\u00f3n Phantom, y una respuesta de frecuencia de 70 Hz a 15 kHz.\u00a0El cabezal de malla integrado maximiza la claridad, reduciendo las oclusivas y el ruido del viento.<\/span><\/p>\n<p><span>Adem\u00e1s, el micr\u00f3fono de mano din\u00e1mico BY-HM100 est\u00e1 construido con un cuerpo duradero de aleaci\u00f3n de aluminio revestido con un acabado negro mate.\u00a0Est\u00e1 equipado con un conector XLR M est\u00e1ndar de 3 pines e incluye una bolsa de transporte.<\/span><\/p>\n<\/div>\n<\/div>\n<\/div>\n<div class=\"feature_UbV5SNP5Eo\">\n<div class=\"feature_UbV5SNP5Eo\">\n<div>\n<div class=\"feature_UbV5SNP5Eo\">\n<div class=\"descriptionAsTitle_UbV5SNP5Eo\">\n<div class=\"js-injected-html text_UbV5SNP5Eo\"><span>Ideal para ENG y entrevistas<\/span><\/div>\n<\/div>\n<\/div>\n<\/div>\n<div>\n<div class=\"feature_UbV5SNP5Eo\">\n<div class=\"descriptionAsTitle_UbV5SNP5Eo\">\n<div class=\"js-injected-html text_UbV5SNP5Eo\"><span>C\u00e1psula de micr\u00f3fono din\u00e1mico<\/span><\/div>\n<\/div>\n<\/div>\n<\/div>\n<div>\n<div class=\"feature_UbV5SNP5Eo\">\n<div class=\"descriptionAsTitle_UbV5SNP5Eo\">\n<div class=\"js-injected-html text_UbV5SNP5Eo\"><span>Calidad de sonido natural<\/span><\/div>\n<\/div>\n<\/div>\n<\/div>\n<div>\n<div class=\"feature_UbV5SNP5Eo\">\n<div class=\"descriptionAsTitle_UbV5SNP5Eo\">\n<div class=\"js-injected-html text_UbV5SNP5Eo\"><span>La c\u00e1psula aislada reduce el ruido de manejo<\/span><\/div>\n<\/div>\n<\/div>\n<\/div>\n<div>\n<div class=\"feature_UbV5SNP5Eo\">\n<div class=\"descriptionAsTitle_UbV5SNP5Eo\">\n<div class=\"js-injected-html text_UbV5SNP5Eo\"><span>No requiere energ\u00eda: no se necesitan bater\u00edas ni alimentaci\u00f3n fantasma<\/span><\/div>\n<\/div>\n<\/div>\n<\/div>\n<div>\n<div class=\"feature_UbV5SNP5Eo\">\n<div class=\"descriptionAsTitle_UbV5SNP5Eo\">\n<div class=\"js-injected-html text_UbV5SNP5Eo\"><span>Patr\u00f3n de captaci\u00f3n omnidireccional de 360\u00b0<\/span><\/div>\n<\/div>\n<\/div>\n<\/div>\n<div>\n<div class=\"feature_UbV5SNP5Eo\">\n<div class=\"descriptionAsTitle_UbV5SNP5Eo\">\n<div class=\"js-injected-html text_UbV5SNP5Eo\"><span>Respuesta de frecuencia personalizada para el habla<\/span><\/div>\n<\/div>\n<\/div>\n<\/div>\n<div>\n<div class=\"feature_UbV5SNP5Eo\">\n<div class=\"descriptionAsTitle_UbV5SNP5Eo\">\n<div class=\"js-injected-html text_UbV5SNP5Eo\"><span>Cuerpo duradero de aleaci\u00f3n de aluminio<\/span><\/div>\n<\/div>\n<\/div>\n<\/div>\n<div>\n<div class=\"feature_UbV5SNP5Eo\">\n<div class=\"descriptionAsTitle_UbV5SNP5Eo\">\n<div class=\"js-injected-html text_UbV5SNP5Eo\"><span>Bajo ruido de manejo para un sonido claro<\/span><\/div>\n<\/div>\n<\/div>\n<\/div>\n<div>\n<div class=\"feature_UbV5SNP5Eo\">\n<div class=\"descriptionAsTitle_UbV5SNP5Eo\">\n<div class=\"js-injected-html text_UbV5SNP5Eo\"><span>Incluye bolsa de transporte<\/span><\/div>\n<\/div>\n<\/div>\n<\/div>\n<\/div>\n<\/div>\n","protected":false},"excerpt":{"rendered":"<p>*Regimen turistico<br \/>\n*No incluye IVA<\/p>\n","protected":false},"featured_media":19300,"comment_status":"open","ping_status":"closed","template":"","meta":[],"_links":{"self":[{"href":"http:\/\/www.alfatecpy.com\/home\/wp-json\/wp\/v2\/product\/19299"}],"collection":[{"href":"http:\/\/www.alfatecpy.com\/home\/wp-json\/wp\/v2\/product"}],"about":[{"href":"http:\/\/www.alfatecpy.com\/home\/wp-json\/wp\/v2\/types\/product"}],"replies":[{"embeddable":true,"href":"http:\/\/www.alfatecpy.com\/home\/wp-json\/wp\/v2\/comments?post=19299"}],"wp:featuredmedia":[{"embeddable":true,"href":"http:\/\/www.alfatecpy.com\/home\/wp-json\/wp\/v2\/media\/19300"}],"wp:attachment":[{"href":"http:\/\/www.alfatecpy.com\/home\/wp-json\/wp\/v2\/media?parent=19299"}],"curies":[{"name":"wp","href":"https:\/\/api.w.org\/{rel}","templated":true}]}}