{"id":1833,"date":"2019-06-17T20:27:51","date_gmt":"2019-06-17T18:27:51","guid":{"rendered":"http:\/\/www.alfatecpy.com\/home\/?post_type=product&#038;p=1833"},"modified":"2020-10-11T16:34:02","modified_gmt":"2020-10-11T14:34:02","slug":"godox-vb20-lithium-ion-battery-v350-flash-7-2v-2000mah","status":"publish","type":"product","link":"http:\/\/www.alfatecpy.com\/home\/producto\/godox-vb20-lithium-ion-battery-v350-flash-7-2v-2000mah\/","title":{"rendered":"Godox VB20 Lithium-Ion Battery V350 Flash (7.2V, 2000mAh)"},"content":{"rendered":"<p>Esta bater\u00eda de ion de litio <em><strong>VB20 de Godox<\/strong> <\/em>es una celda de repuesto o de repuesto para el flash V350S.<\/p>\n<p>Est\u00e1 clasificado para suministrar 2000mAh a un voltaje de 7.2V, lo que resulta en una potencia de 14.4Wh.<\/p>\n<p>Cuando est\u00e1 completamente cargada, la bater\u00eda puede proporcionar m\u00e1s de 500 saltos a plena potencia y permite tiempos de reciclaje de 1,7 segundos o menos.<\/p>\n","protected":false},"excerpt":{"rendered":"<p>*R\u00e9gimen Tur\u00edstico<br \/>\n*No inclui IVA<\/p>\n","protected":false},"featured_media":1834,"comment_status":"open","ping_status":"closed","template":"","meta":[],"_links":{"self":[{"href":"http:\/\/www.alfatecpy.com\/home\/wp-json\/wp\/v2\/product\/1833"}],"collection":[{"href":"http:\/\/www.alfatecpy.com\/home\/wp-json\/wp\/v2\/product"}],"about":[{"href":"http:\/\/www.alfatecpy.com\/home\/wp-json\/wp\/v2\/types\/product"}],"replies":[{"embeddable":true,"href":"http:\/\/www.alfatecpy.com\/home\/wp-json\/wp\/v2\/comments?post=1833"}],"wp:featuredmedia":[{"embeddable":true,"href":"http:\/\/www.alfatecpy.com\/home\/wp-json\/wp\/v2\/media\/1834"}],"wp:attachment":[{"href":"http:\/\/www.alfatecpy.com\/home\/wp-json\/wp\/v2\/media?parent=1833"}],"curies":[{"name":"wp","href":"https:\/\/api.w.org\/{rel}","templated":true}]}}