{"id":180,"date":"2019-05-09T02:28:25","date_gmt":"2019-05-09T00:28:25","guid":{"rendered":"http:\/\/www.alfatecpy.com\/home\/producto\/acc-zhiyun-mini-monopod\/"},"modified":"2022-07-18T13:51:19","modified_gmt":"2022-07-18T11:51:19","slug":"acc-zhiyun-mini-monopod","status":"publish","type":"product","link":"http:\/\/www.alfatecpy.com\/home\/producto\/acc-zhiyun-mini-monopod\/","title":{"rendered":"Zhiyun-Tech TransMount Mini Monopod"},"content":{"rendered":"<p>El <em><strong>Mini Monopod de Zhiyun-Tech<\/strong><\/em> est\u00e1 dise\u00f1ado para funcionar con el cintur\u00f3n de c\u00e1mara multifuncional TransMount opcional. El cintur\u00f3n de la c\u00e1mara cuenta con un z\u00f3calo de liberaci\u00f3n r\u00e1pida que el Mini Monopod asegura. Un punto de anclaje de liberaci\u00f3n r\u00e1pida incluido con los tornillos de la correa de la c\u00e1mara en la parte inferior del monopie y permitiendo al mismo salir e ingresar del z\u00f3calo de la correa, que tiene dos pasadores de liberaci\u00f3n r\u00e1pida con resorte.<\/p>\n","protected":false},"excerpt":{"rendered":"<p>*R\u00e9gimen Tur\u00edstico<br \/>\n*No incluye IVA<\/p>\n","protected":false},"featured_media":888,"comment_status":"open","ping_status":"closed","template":"","meta":[],"_links":{"self":[{"href":"http:\/\/www.alfatecpy.com\/home\/wp-json\/wp\/v2\/product\/180"}],"collection":[{"href":"http:\/\/www.alfatecpy.com\/home\/wp-json\/wp\/v2\/product"}],"about":[{"href":"http:\/\/www.alfatecpy.com\/home\/wp-json\/wp\/v2\/types\/product"}],"replies":[{"embeddable":true,"href":"http:\/\/www.alfatecpy.com\/home\/wp-json\/wp\/v2\/comments?post=180"}],"wp:featuredmedia":[{"embeddable":true,"href":"http:\/\/www.alfatecpy.com\/home\/wp-json\/wp\/v2\/media\/888"}],"wp:attachment":[{"href":"http:\/\/www.alfatecpy.com\/home\/wp-json\/wp\/v2\/media?parent=180"}],"curies":[{"name":"wp","href":"https:\/\/api.w.org\/{rel}","templated":true}]}}