{"id":17871,"date":"2022-07-05T15:04:14","date_gmt":"2022-07-05T13:04:14","guid":{"rendered":"http:\/\/www.alfatecpy.com\/home\/?post_type=product&#038;p=17871"},"modified":"2022-07-05T15:10:31","modified_gmt":"2022-07-05T13:10:31","slug":"cargador-zhiyun-zc-26500","status":"publish","type":"product","link":"http:\/\/www.alfatecpy.com\/home\/producto\/cargador-zhiyun-zc-26500\/","title":{"rendered":"CARGADOR ZHIYUN ZC-26500"},"content":{"rendered":"<p><span><span class=\"goog-text-highlight\">Este\u00a0<\/span><\/span><b><span><span class=\"goog-text-highlight\">cargador de doble bah\u00eda Zhiyun Tech para bater\u00eda 26500<\/span><\/span><\/b><span><span class=\"goog-text-highlight\">\u00a0es un soporte de cargador port\u00e1til que le permite cargar simult\u00e1neamente hasta dos bater\u00edas 26500, que se pueden usar en el card\u00e1n Crane Plus.\u00a0<\/span>Cuenta con dos puertos micro-USB para que pueda conectar un cable micro-USB (no incluido) a cualquier lado del cargador.\u00a0Los indicadores LED se iluminan en rojo mientras las bater\u00edas se est\u00e1n cargando.<\/span><\/p>\n","protected":false},"excerpt":{"rendered":"<p>*R\u00e9gimen Tur\u00edstico<br \/>\n*No incluye IVA<\/p>\n<p>&nbsp;<\/p>\n","protected":false},"featured_media":17872,"comment_status":"open","ping_status":"closed","template":"","meta":[],"_links":{"self":[{"href":"http:\/\/www.alfatecpy.com\/home\/wp-json\/wp\/v2\/product\/17871"}],"collection":[{"href":"http:\/\/www.alfatecpy.com\/home\/wp-json\/wp\/v2\/product"}],"about":[{"href":"http:\/\/www.alfatecpy.com\/home\/wp-json\/wp\/v2\/types\/product"}],"replies":[{"embeddable":true,"href":"http:\/\/www.alfatecpy.com\/home\/wp-json\/wp\/v2\/comments?post=17871"}],"wp:featuredmedia":[{"embeddable":true,"href":"http:\/\/www.alfatecpy.com\/home\/wp-json\/wp\/v2\/media\/17872"}],"wp:attachment":[{"href":"http:\/\/www.alfatecpy.com\/home\/wp-json\/wp\/v2\/media?parent=17871"}],"curies":[{"name":"wp","href":"https:\/\/api.w.org\/{rel}","templated":true}]}}