{"id":17409,"date":"2022-07-02T18:53:22","date_gmt":"2022-07-02T16:53:22","guid":{"rendered":"http:\/\/www.alfatecpy.com\/home\/?post_type=product&#038;p=17409"},"modified":"2022-07-19T17:52:36","modified_gmt":"2022-07-19T15:52:36","slug":"tripode-para-estudio-godox-240cs-c-stand","status":"publish","type":"product","link":"http:\/\/www.alfatecpy.com\/home\/producto\/tripode-para-estudio-godox-240cs-c-stand\/","title":{"rendered":"TRIPODE PARA ESTUDIO GODOX 240CS C-STAND"},"content":{"rendered":"<p><span class=\"goog-text-highlight\">Un accesorio necesario para el tiro creativo en interiores, hecho de tuber\u00eda de acero de alta resistencia con cromado para una gran capacidad de carga.\u00a0<\/span>El saco de arena para fotograf\u00eda se puede colocar en el soporte de luz inferior para aumentar la estabilidad, que es suficiente para soportar grandes luces de estudio y difusores<\/p>\n<p><span class=\"\">Este tipo de soporte se divide en tres componentes: pluma (cabeza de agarre + brazo), soporte principal y soporte C.\u00a0<\/span><span class=\"goog-text-highlight\">La posici\u00f3n y el \u00e1ngulo del brazo se pueden ajustar arbitrariamente a trav\u00e9s del cabezal de agarre, y la posici\u00f3n de la luz se puede ajustar f\u00e1cilmente.<\/span><\/p>\n<table data-sort=\"sortDisabled\">\n<tbody>\n<tr class=\"firstRow\">\n<td valign=\"top\" width=\"474\"><strong>Modelo<\/strong><\/td>\n<td valign=\"top\" width=\"474\"><\/td>\n<td valign=\"top\" width=\"474\"><strong>240CS<\/strong><\/td>\n<\/tr>\n<tr>\n<td valign=\"top\" width=\"474\">Peso neto \/ kg)<\/td>\n<td valign=\"top\" width=\"474\"><\/td>\n<td valign=\"top\" width=\"474\">6<\/td>\n<\/tr>\n<tr>\n<td valign=\"top\" width=\"474\">Capacidad de carga (kg)<\/td>\n<td valign=\"top\" width=\"474\"><\/td>\n<td valign=\"top\" width=\"474\">10<\/td>\n<\/tr>\n<tr>\n<td valign=\"top\" width=\"474\">Altura plegada y desplegada (cm)<\/td>\n<td valign=\"top\" width=\"474\"><\/td>\n<td valign=\"top\" width=\"474\">130<\/td>\n<\/tr>\n<tr>\n<td valign=\"top\" width=\"474\">Altura m\u00e1xima (cm)<\/td>\n<td valign=\"top\" width=\"474\"><\/td>\n<td valign=\"top\" width=\"474\">237<\/td>\n<\/tr>\n<tr>\n<td valign=\"top\" width=\"474\">C\u00edrculo de despliegue (cm)<\/td>\n<td valign=\"top\" width=\"474\"><\/td>\n<td valign=\"top\" width=\"474\">95<\/td>\n<\/tr>\n<\/tbody>\n<\/table>\n","protected":false},"excerpt":{"rendered":"<p>*R\u00e9gimen Tur\u00edstico<\/p>\n<p>*No incluye IVA<\/p>\n","protected":false},"featured_media":17411,"comment_status":"open","ping_status":"closed","template":"","meta":[],"_links":{"self":[{"href":"http:\/\/www.alfatecpy.com\/home\/wp-json\/wp\/v2\/product\/17409"}],"collection":[{"href":"http:\/\/www.alfatecpy.com\/home\/wp-json\/wp\/v2\/product"}],"about":[{"href":"http:\/\/www.alfatecpy.com\/home\/wp-json\/wp\/v2\/types\/product"}],"replies":[{"embeddable":true,"href":"http:\/\/www.alfatecpy.com\/home\/wp-json\/wp\/v2\/comments?post=17409"}],"wp:featuredmedia":[{"embeddable":true,"href":"http:\/\/www.alfatecpy.com\/home\/wp-json\/wp\/v2\/media\/17411"}],"wp:attachment":[{"href":"http:\/\/www.alfatecpy.com\/home\/wp-json\/wp\/v2\/media?parent=17409"}],"curies":[{"name":"wp","href":"https:\/\/api.w.org\/{rel}","templated":true}]}}