{"id":17240,"date":"2022-07-01T19:10:48","date_gmt":"2022-07-01T17:10:48","guid":{"rendered":"http:\/\/www.alfatecpy.com\/home\/?post_type=product&#038;p=17240"},"modified":"2022-07-01T19:16:18","modified_gmt":"2022-07-01T17:16:18","slug":"flash-de-estudio-godox-ms300","status":"publish","type":"product","link":"http:\/\/www.alfatecpy.com\/home\/producto\/flash-de-estudio-godox-ms300\/","title":{"rendered":"FLASH DE ESTUDIO GODOX MS300"},"content":{"rendered":"<div>\n<div class=\"productDescription_UbV5SNP5Eo\" data-selenium=\"overviewLongDescription\">\n<div class=\"js-injected-html text_UbV5SNP5Eo\"><\/div>\n<\/div>\n<\/div>\n<div class=\"feature_UbV5SNP5Eo\">\n<div class=\"feature_UbV5SNP5Eo\">\n<div>\n<div class=\"feature_UbV5SNP5Eo\">\n<div class=\"featureHeader_UbV5SNP5Eo\">\n<h2 class=\"text_TAw0W35QK_ comfy_TAw0W35QK_ sizeTitle2_TAw0W35QK_ weightNormal_TAw0W35QK_ primary_i3MsQsqoe0\">Sistema inal\u00e1mbrico X integrado de 2,4 GHz<\/h2>\n<\/div>\n<div>\n<div class=\"js-injected-html text_UbV5SNP5Eo\">Utilice el disparador inal\u00e1mbrico X1, as\u00ed como los controles remotos de potencia XT16, XPro y X2 para controlar de forma inal\u00e1mbrica la potencia del cabezal, la luz de modelado, el disparo y m\u00e1s.\u00a0El sistema cuenta con 32 canales de radio y 16 grupos.<\/div>\n<\/div>\n<\/div>\n<\/div>\n<div>\n<div class=\"feature_UbV5SNP5Eo\">\n<div class=\"featureHeader_UbV5SNP5Eo\">\n<h2 class=\"text_TAw0W35QK_ comfy_TAw0W35QK_ sizeTitle2_TAw0W35QK_ weightNormal_TAw0W35QK_ primary_i3MsQsqoe0\">Reciclaje r\u00e1pido y duraci\u00f3n del flash<\/h2>\n<\/div>\n<div>\n<div class=\"js-injected-html text_UbV5SNP5Eo\">El cabezal cuenta con tiempos de reciclaje de 0,1 a 1,8 segundos y duraciones de flash de 1\/2000 a 1\/800 segundos.<\/div>\n<\/div>\n<\/div>\n<\/div>\n<div>\n<div class=\"feature_UbV5SNP5Eo\">\n<div class=\"featureHeader_UbV5SNP5Eo\">\n<h2 class=\"text_TAw0W35QK_ comfy_TAw0W35QK_ sizeTitle2_TAw0W35QK_ weightNormal_TAw0W35QK_ primary_i3MsQsqoe0\">Ajuste de potencia preciso<\/h2>\n<\/div>\n<div>\n<div class=\"js-injected-html text_UbV5SNP5Eo\">La potencia se puede ajustar de 1\/1 a 1\/32 en 50 pasos.\u00a0El brillo de la luz de modelado de 150 W se puede ajustar del 5 al 100 %.<\/div>\n<\/div>\n<\/div>\n<\/div>\n<div>\n<div class=\"feature_UbV5SNP5Eo\">\n<div class=\"featureHeader_UbV5SNP5Eo\">\n<h2 class=\"text_TAw0W35QK_ comfy_TAw0W35QK_ sizeTitle2_TAw0W35QK_ weightNormal_TAw0W35QK_ primary_i3MsQsqoe0\">Interfaz<\/h2>\n<\/div>\n<div>\n<div class=\"js-injected-html text_UbV5SNP5Eo\">La pantalla LCD muestra la configuraci\u00f3n y las funciones.<\/div>\n<\/div>\n<\/div>\n<\/div>\n<\/div>\n<\/div>\n","protected":false},"excerpt":{"rendered":"<p>*Regimen turistico<br \/>\n*No incluye IVA<\/p>\n","protected":false},"featured_media":17241,"comment_status":"open","ping_status":"closed","template":"","meta":[],"_links":{"self":[{"href":"http:\/\/www.alfatecpy.com\/home\/wp-json\/wp\/v2\/product\/17240"}],"collection":[{"href":"http:\/\/www.alfatecpy.com\/home\/wp-json\/wp\/v2\/product"}],"about":[{"href":"http:\/\/www.alfatecpy.com\/home\/wp-json\/wp\/v2\/types\/product"}],"replies":[{"embeddable":true,"href":"http:\/\/www.alfatecpy.com\/home\/wp-json\/wp\/v2\/comments?post=17240"}],"wp:featuredmedia":[{"embeddable":true,"href":"http:\/\/www.alfatecpy.com\/home\/wp-json\/wp\/v2\/media\/17241"}],"wp:attachment":[{"href":"http:\/\/www.alfatecpy.com\/home\/wp-json\/wp\/v2\/media?parent=17240"}],"curies":[{"name":"wp","href":"https:\/\/api.w.org\/{rel}","templated":true}]}}