{"id":17082,"date":"2022-06-30T21:21:55","date_gmt":"2022-06-30T19:21:55","guid":{"rendered":"http:\/\/www.alfatecpy.com\/home\/?post_type=product&#038;p=17082"},"modified":"2023-09-20T21:23:04","modified_gmt":"2023-09-20T19:23:04","slug":"clip-para-camara-peak-design-capture-cp-bk-3-negro","status":"publish","type":"product","link":"http:\/\/www.alfatecpy.com\/home\/producto\/clip-para-camara-peak-design-capture-cp-bk-3-negro\/","title":{"rendered":"CLIP PARA CAMARA PEAK DESIGN CAPTURE CP-BK-3 NEGRO"},"content":{"rendered":"<div id=\"translation\">\n<div class=\"gtx-body\">La nueva Capture es la forma m\u00e1s segura, c\u00f3moda y accesible de llevar la c\u00e1mara, punto. A diferencia de una correa de c\u00e1mara, Capture mantiene su c\u00e1mara r\u00edgidamente estable mientras camina, anda en bicicleta o se mueve por el estudio. A diferencia de una bolsa para c\u00e1mara, Capture mantiene su c\u00e1mara accesible instant\u00e1neamente con solo hacer clic en un bot\u00f3n. Incluye 2 componentes: un clip de metal que se sujeta a cualquier correa de mochila, cintur\u00f3n o bolso, y una placa compatible con tr\u00edpode Arca que se atornilla en la parte inferior de la c\u00e1mara. Su c\u00e1mara se bloquea en el clip, donde se sujeta de forma r\u00edgida y segura. Presione el bot\u00f3n bloqueable de liberaci\u00f3n r\u00e1pida para quitarlo. Soporta m\u00e1s de 200 libras. (90 kg), lo que lo hace lo suficientemente resistente para las combinaciones profesionales de c\u00e1mara\/objetivo m\u00e1s pesadas. Actualizaciones de V3: Mucho m\u00e1s peque\u00f1o, mucho m\u00e1s liviano, construcci\u00f3n totalmente met\u00e1lica, acabado maquinado\/anodizado ultra suave, dise\u00f1o ergon\u00f3mico muy c\u00f3modo.<\/div>\n<\/div>\n","protected":false},"excerpt":{"rendered":"<p>*R\u00e9gimen Tur\u00edstico<br \/>\n*No incluye IVA<\/p>\n","protected":false},"featured_media":17083,"comment_status":"open","ping_status":"closed","template":"","meta":[],"_links":{"self":[{"href":"http:\/\/www.alfatecpy.com\/home\/wp-json\/wp\/v2\/product\/17082"}],"collection":[{"href":"http:\/\/www.alfatecpy.com\/home\/wp-json\/wp\/v2\/product"}],"about":[{"href":"http:\/\/www.alfatecpy.com\/home\/wp-json\/wp\/v2\/types\/product"}],"replies":[{"embeddable":true,"href":"http:\/\/www.alfatecpy.com\/home\/wp-json\/wp\/v2\/comments?post=17082"}],"wp:featuredmedia":[{"embeddable":true,"href":"http:\/\/www.alfatecpy.com\/home\/wp-json\/wp\/v2\/media\/17083"}],"wp:attachment":[{"href":"http:\/\/www.alfatecpy.com\/home\/wp-json\/wp\/v2\/media?parent=17082"}],"curies":[{"name":"wp","href":"https:\/\/api.w.org\/{rel}","templated":true}]}}