{"id":17062,"date":"2022-06-30T21:12:58","date_gmt":"2022-06-30T19:12:58","guid":{"rendered":"http:\/\/www.alfatecpy.com\/home\/?post_type=product&#038;p=17062"},"modified":"2022-07-19T17:44:48","modified_gmt":"2022-07-19T15:44:48","slug":"correa-para-camara-peak-design-slide-sl-bk-3-negro","status":"publish","type":"product","link":"http:\/\/www.alfatecpy.com\/home\/producto\/correa-para-camara-peak-design-slide-sl-bk-3-negro\/","title":{"rendered":"CORREA PARA CAMARA PEAK DESIGN SLIDE AS-3 GRIS"},"content":{"rendered":"<p>Slide, la correa de c\u00e1mara insignia original de Peak Design, es todo lo que otras correas de c\u00e1mara profesionales no son: hermosa, de perfil bajo, ajustable, de conexi\u00f3n r\u00e1pida y configurable para su equipo. Use Slide como un cabestrillo, correa para el cuello o para el hombro. La correa de nailon acolchada internamente tiene un lado suave que se desliza sobre la ropa en modo cabestrillo y un lado con agarre que evita el deslizamiento en modo hombro. Los ajustadores r\u00e1pidos duales brindan acceso instant\u00e1neo y f\u00e1cil reconfiguraci\u00f3n. El exclusivo sistema Anchor Link se conecta r\u00e1pidamente y los puntos dobles de conexi\u00f3n mantienen su c\u00e1mara m\u00e1s estable que las correas de eslinga tradicionales. Cada Anchor soporta m\u00e1s de 200 lb (90 kg), lo suficientemente fuerte como para mantener seguros los equipos profesionales m\u00e1s pesados. A partir de 2018, Slide presenta un agarre de silicona mejorado, correas mejoradas y transiciones de correa\/hardware de perfil m\u00e1s bajo. Los conectores de anclaje se han actualizado para que sean m\u00e1s peque\u00f1os, m\u00e1s r\u00e1pidos y m\u00e1s seguros.<\/p>\n","protected":false},"excerpt":{"rendered":"<p>*R\u00e9gimen Tur\u00edstico<br \/>\n*No incluye IVA<\/p>\n","protected":false},"featured_media":17066,"comment_status":"open","ping_status":"closed","template":"","meta":[],"_links":{"self":[{"href":"http:\/\/www.alfatecpy.com\/home\/wp-json\/wp\/v2\/product\/17062"}],"collection":[{"href":"http:\/\/www.alfatecpy.com\/home\/wp-json\/wp\/v2\/product"}],"about":[{"href":"http:\/\/www.alfatecpy.com\/home\/wp-json\/wp\/v2\/types\/product"}],"replies":[{"embeddable":true,"href":"http:\/\/www.alfatecpy.com\/home\/wp-json\/wp\/v2\/comments?post=17062"}],"wp:featuredmedia":[{"embeddable":true,"href":"http:\/\/www.alfatecpy.com\/home\/wp-json\/wp\/v2\/media\/17066"}],"wp:attachment":[{"href":"http:\/\/www.alfatecpy.com\/home\/wp-json\/wp\/v2\/media?parent=17062"}],"curies":[{"name":"wp","href":"https:\/\/api.w.org\/{rel}","templated":true}]}}