{"id":16887,"date":"2022-06-29T16:49:53","date_gmt":"2022-06-29T14:49:53","guid":{"rendered":"http:\/\/www.alfatecpy.com\/home\/?post_type=product&#038;p=16887"},"modified":"2022-07-15T21:13:37","modified_gmt":"2022-07-15T19:13:37","slug":"adata-dashdrive-air-ae400-lector-de-tarjetas-inalambrico","status":"publish","type":"product","link":"http:\/\/www.alfatecpy.com\/home\/producto\/adata-dashdrive-air-ae400-lector-de-tarjetas-inalambrico\/","title":{"rendered":"ADATA DashDrive AIR AE400, lector de tarjetas inal\u00e1mbrico"},"content":{"rendered":"<p>Los lectores de tarjetas son un producto bastante com\u00fan en port\u00e1tiles y como perif\u00e9rico para ordenadores de sobremesa, sin embargo \u00faltimamente hemos visto m\u00f3dulos independientes, con su bater\u00eda propia y conexi\u00f3n inal\u00e1mbrica a la red para poder acceder a los datos de manera sencilla y desde cualquier lugar. Esto es lo que ha presentado ADATA durante el d\u00eda de hoy. El\u00a0<strong>DashDrive AIR AE400<\/strong>\u00a0es un dispositivo denominado como \u00abLector de almacenamiento\u00bb, ya que, a parte de tener capacidad para leer tarjetas SD de memoria, es capaz de leer los datos de pendrives USB o incluso discos duros externos.<\/p>\n<p>Compatible con WiFi n, es capaz de realizar 3 conexiones simult\u00e1neas, es decir, podremos acceder a los datos desde 3 ubicaciones distintas, o tres usuarios a la vez, ya sea desde un ordenador en la red o desde dispositivos m\u00f3viles con Android o iOS.<\/p>\n<p>Adem\u00e1s se ha a\u00f1adido una bater\u00eda de 5000 mAH para poder cargar el movil u otros dispositivos desde el puerto USB. Una funci\u00f3n que tambi\u00e9n ser\u00eda interesante es la capacidad de crear un punto de acceso o un mini Router WiFi independiente gracias a la bater\u00eda, pero esta funci\u00f3n no aparece en la lista de caracter\u00edsticas del fabricante.<\/p>\n","protected":false},"excerpt":{"rendered":"<p>*R\u00e9gimen Tur\u00edstico<br \/>\n*No incluye IVA<\/p>\n","protected":false},"featured_media":16890,"comment_status":"open","ping_status":"closed","template":"","meta":[],"_links":{"self":[{"href":"http:\/\/www.alfatecpy.com\/home\/wp-json\/wp\/v2\/product\/16887"}],"collection":[{"href":"http:\/\/www.alfatecpy.com\/home\/wp-json\/wp\/v2\/product"}],"about":[{"href":"http:\/\/www.alfatecpy.com\/home\/wp-json\/wp\/v2\/types\/product"}],"replies":[{"embeddable":true,"href":"http:\/\/www.alfatecpy.com\/home\/wp-json\/wp\/v2\/comments?post=16887"}],"wp:featuredmedia":[{"embeddable":true,"href":"http:\/\/www.alfatecpy.com\/home\/wp-json\/wp\/v2\/media\/16890"}],"wp:attachment":[{"href":"http:\/\/www.alfatecpy.com\/home\/wp-json\/wp\/v2\/media?parent=16887"}],"curies":[{"name":"wp","href":"https:\/\/api.w.org\/{rel}","templated":true}]}}