{"id":16859,"date":"2022-06-29T15:10:54","date_gmt":"2022-06-29T13:10:54","guid":{"rendered":"http:\/\/www.alfatecpy.com\/home\/?post_type=product&#038;p=16859"},"modified":"2022-06-29T15:11:24","modified_gmt":"2022-06-29T13:11:24","slug":"estabilizador-dji-osmo-mobile-5","status":"publish","type":"product","link":"http:\/\/www.alfatecpy.com\/home\/producto\/estabilizador-dji-osmo-mobile-5\/","title":{"rendered":"ESTABILIZADOR DJI OSMO MOBILE 5"},"content":{"rendered":"<div id=\"21153\" class=\"section-content\" data-hydration-on-demand=\"true\" data-ga-category=\"om-5_21153\" data-gtm-vis-first-on-screen-6907517_879=\"1311\" data-gtm-vis-total-visible-time-6907517_879=\"100\" data-gtm-vis-has-fired-6907517_879=\"1\">\n<div class=\"atom-component\" tabindex=\"0\" role=\"button\">\n<div class=\"atom-design-v1 style__hero-vertical-component___2JEHR\">\n<div id=\"\" class=\"style__hero-vertical-wrapper___2mUEj\">\n<div class=\"style__vertical-card-list___LceQJ style__vertical-center-align___39Pu3 aos-init aos-animate\" data-aos=\"none\">\n<div class=\"style__vertical-card-col___3agtC\">\n<div class=\"atom-design-v1 style__hero-vertical-card___2B64y\">\n<div class=\"style__card-wrapper___3yqfZ style__vertical-center-align___3RP93 style__horizontal-center-align___YtBVc\" tabindex=\"0\" role=\"button\" data-ga-label=\"\">\n<div class=\"style__card-container___KPQkl style__size-xl___30LZE\">\n<div class=\"style__image-content___UYyC1 aos-init aos-animate\" data-aos=\"none\">\n<div>\n<div class=\"style__video-content___R99ab\">\n<div class=\"replay-button style__video-buttom___1zeaz style__replay-buttom___35dZ3\" data-link=\"ture\"><span class=\"goog-text-highlight\">Port\u00e1til y del tama\u00f1o de la palma de la mano con una barra de extensi\u00f3n incorporada, DJI OM 5 es un compa\u00f1ero vers\u00e1til que desbloquea todo el potencial de su tel\u00e9fono inteligente. <\/span>Disfruta de selfies impecables, videos s\u00faper fluidos, seguimiento autom\u00e1tico y mucho m\u00e1s.\u00a0Una nueva funci\u00f3n ShotGuides incluso brinda sugerencias creativas, lo que le permite obtener tomas asombrosas dondequiera que vaya.\u00a0Con OM 5, prep\u00e1rate para dominar cada disparo.<\/div>\n<div data-link=\"ture\">\n<h3 class=\"style__headline___1orM-\">Tecnolog\u00eda de estabilizaci\u00f3n DJI<\/h3>\n<p class=\"style__description___slI7y\"><span class=\"goog-text-highlight\">DJI OM 5 brinda a los usuarios la capacidad de filmar con una estabilizaci\u00f3n impecable, lo que da como resultado im\u00e1genes fluidas que sorprenden.<\/span><\/p>\n<div>\n<div class=\"style__video___rvEBH\" data-video=\"once\">\n<div class=\"video-card-replay-button style__video-buttom___zgnCs style__replay-buttom___NKCE3\" data-link=\"ture\"><\/div>\n<\/div>\n<\/div>\n<p class=\"style__description___11QMi\"><span class=\"goog-text-highlight\">La clave de la estabilizaci\u00f3n de OM 5 son tres\u00a0<\/span><span class=\"goog-text-highlight\">potentes motores<\/span><span class=\"goog-text-highlight\">\u00a0que aseguran que su tel\u00e9fono permanezca donde debe estar, incluso durante movimientos din\u00e1micos y cuando usa tel\u00e9fonos inteligentes m\u00e1s grandes.<\/span><\/p>\n<p><span class=\"goog-text-highlight\">Cargado con algunos de los\u00a0<\/span><span class=\"goog-text-highlight\">algoritmos m\u00e1s inteligentes<\/span><span class=\"goog-text-highlight\">\u00a0que jam\u00e1s hayamos creado, OM 5 se adapta a tus movimientos mientras filmas, ya sea que andes en bicicleta o uses el control por gestos.\u00a0<\/span>Eso significa resultados ultrasuaves.\u00a0Cualquier momento.\u00a0En cualquier sitio.<\/p>\n<h2 class=\"style__headline___3RA3v\"><span class=\"goog-text-highlight\">Nuevo dise\u00f1o, mejores resultados<\/span><\/h2>\n<p class=\"style__description___6xlEm\">Plegable y liviano, OM 5 fue dise\u00f1ado para caber en la palma de su mano.\u00a0Eso significa que puede llevarlo f\u00e1cilmente para cualquier aventura.\u00a0Y por primera vez, hemos incluido una barra de extensi\u00f3n incorporada, lo que le permite incluir a m\u00e1s amigos en una selfie o capturar im\u00e1genes desde nuevos \u00e1ngulos \u00fanicos.<\/p>\n<h2 class=\"style__subhead___3k3bQ\">Gu\u00edas de tiro<\/h2>\n<h3 class=\"style__headline___3lvPx\"><span class=\"goog-text-highlight\">Dispara como un profesional<\/span><\/h3>\n<p class=\"style__description___2BMZN\">ShotGuides reconoce autom\u00e1ticamente su entorno y recomienda \u00fatiles consejos de captura y plantillas creativas.\u00a0Desde la grabaci\u00f3n hasta la edici\u00f3n, esta nueva caracter\u00edstica avanzada permite que incluso los usuarios primerizos capturen resultados sorprendentes.<\/p>\n<p>\u00bfQu\u00e9 mejoramos para ActiveTrack 4.0?\u00a0Pr\u00e1cticamente todo.\u00a0Desde capacidades de reconocimiento m\u00e1s avanzadas hasta una mayor capacidad de respuesta, incluso hay una nueva funci\u00f3n de seguimiento autom\u00e1tico de rostros para el modo selfie.\u00a0<span class=\"goog-text-highlight\">El seguimiento tan bueno y confiable le permite concentrarse en su entorno y permanecer en el momento.<\/span><\/p>\n<\/div>\n<\/div>\n<\/div>\n<\/div>\n<\/div>\n<\/div>\n<\/div>\n<\/div>\n<\/div>\n<\/div>\n<\/div>\n<\/div>\n<\/div>\n","protected":false},"excerpt":{"rendered":"<p>*R\u00e9gimen Tur\u00edstico<br \/>\n*No incluye IVA<\/p>\n","protected":false},"featured_media":16860,"comment_status":"open","ping_status":"closed","template":"","meta":[],"_links":{"self":[{"href":"http:\/\/www.alfatecpy.com\/home\/wp-json\/wp\/v2\/product\/16859"}],"collection":[{"href":"http:\/\/www.alfatecpy.com\/home\/wp-json\/wp\/v2\/product"}],"about":[{"href":"http:\/\/www.alfatecpy.com\/home\/wp-json\/wp\/v2\/types\/product"}],"replies":[{"embeddable":true,"href":"http:\/\/www.alfatecpy.com\/home\/wp-json\/wp\/v2\/comments?post=16859"}],"wp:featuredmedia":[{"embeddable":true,"href":"http:\/\/www.alfatecpy.com\/home\/wp-json\/wp\/v2\/media\/16860"}],"wp:attachment":[{"href":"http:\/\/www.alfatecpy.com\/home\/wp-json\/wp\/v2\/media?parent=16859"}],"curies":[{"name":"wp","href":"https:\/\/api.w.org\/{rel}","templated":true}]}}