{"id":15768,"date":"2022-06-22T17:08:30","date_gmt":"2022-06-22T15:08:30","guid":{"rendered":"http:\/\/www.alfatecpy.com\/home\/?post_type=product&#038;p=15768"},"modified":"2022-06-22T17:15:09","modified_gmt":"2022-06-22T15:15:09","slug":"bateria-para-estabilizador-de-imagen-zhiyun-imr-26500-3-600-mah-x2","status":"publish","type":"product","link":"http:\/\/www.alfatecpy.com\/home\/producto\/bateria-para-estabilizador-de-imagen-zhiyun-imr-26500-3-600-mah-x2\/","title":{"rendered":"Bater\u00eda Para Estabilizador De Imagen Zhiyun IMR 26500 3.600 MAh X2"},"content":{"rendered":"<div id=\"description\" class=\"data item content\" role=\"tabpanel\" data-role=\"content\" aria-labelledby=\"tab-label-description\" aria-hidden=\"false\">\n<div class=\"product attribute description\">\n<div class=\"value\">\n<p>Bater\u00eda recargable de iones de litio de 3.7V, 26500 ha sido dise\u00f1ada espec\u00edficamente para su uso en dispositivos de alto consumo y cuenta con un circuito de protecci\u00f3n de sobrecarga y descarga integrado que reduce el riesgo de da\u00f1os a la bater\u00eda.<\/p>\n<\/div>\n<\/div>\n<\/div>\n<div id=\"tab-label-additional\" class=\"data item title\" tabindex=\"0\" role=\"tab\" aria-labeledby=\"tab-label-additional-title\" data-role=\"collapsible\" data-collapsible=\"true\" aria-controls=\"additional\" aria-selected=\"false\" aria-expanded=\"false\"><\/div>\n","protected":false},"excerpt":{"rendered":"<p>*R\u00e9gimen Tur\u00edstico<br \/>\n*No incluye IVA<\/p>\n","protected":false},"featured_media":15769,"comment_status":"open","ping_status":"closed","template":"","meta":[],"_links":{"self":[{"href":"http:\/\/www.alfatecpy.com\/home\/wp-json\/wp\/v2\/product\/15768"}],"collection":[{"href":"http:\/\/www.alfatecpy.com\/home\/wp-json\/wp\/v2\/product"}],"about":[{"href":"http:\/\/www.alfatecpy.com\/home\/wp-json\/wp\/v2\/types\/product"}],"replies":[{"embeddable":true,"href":"http:\/\/www.alfatecpy.com\/home\/wp-json\/wp\/v2\/comments?post=15768"}],"wp:featuredmedia":[{"embeddable":true,"href":"http:\/\/www.alfatecpy.com\/home\/wp-json\/wp\/v2\/media\/15769"}],"wp:attachment":[{"href":"http:\/\/www.alfatecpy.com\/home\/wp-json\/wp\/v2\/media?parent=15768"}],"curies":[{"name":"wp","href":"https:\/\/api.w.org\/{rel}","templated":true}]}}