{"id":15605,"date":"2022-06-21T16:55:12","date_gmt":"2022-06-21T14:55:12","guid":{"rendered":"http:\/\/www.alfatecpy.com\/home\/?post_type=product&#038;p=15605"},"modified":"2022-06-21T16:56:49","modified_gmt":"2022-06-21T14:56:49","slug":"power2000-xp-4aap-aa-baterias-recargables-2950mah-paquete-de-4","status":"publish","type":"product","link":"http:\/\/www.alfatecpy.com\/home\/producto\/power2000-xp-4aap-aa-baterias-recargables-2950mah-paquete-de-4\/","title":{"rendered":"Power2000 XP-4AAP AA Bater\u00edas recargables 2950mAh (paquete de 4)"},"content":{"rendered":"<div id=\"featurebullets_feature_div\" class=\"celwidget\" data-feature-name=\"featurebullets\" data-csa-c-id=\"tw7ts1-pnqzuv-mdzmq8-gbs0vh\" data-cel-widget=\"featurebullets_feature_div\">\n<div id=\"feature-bullets\" class=\"a-section a-spacing-medium a-spacing-top-small\">\n<ul class=\"a-unordered-list a-vertical a-spacing-mini\">\n<li><span class=\"a-list-item\">Fuentes de energ\u00eda eficientes, econ\u00f3micas y renovables para dispositivos port\u00e1tiles que utilizan pilas AA<\/span><\/li>\n<\/ul>\n<\/div>\n<\/div>\n<div id=\"provenanceCertifications_feature_div\" class=\"celwidget\" data-feature-name=\"provenanceCertifications\" data-csa-c-id=\"5cp59w-mrfo52-n61bdn-l5s4gq\" data-cel-widget=\"provenanceCertifications_feature_div\"><\/div>\n<div id=\"serviceCapabilities_feature_div\" class=\"celwidget\" data-feature-name=\"serviceCapabilities\" data-csa-c-id=\"flb3nx-9la1f1-cv6e7d-qjgrza\" data-cel-widget=\"serviceCapabilities_feature_div\"><\/div>\n","protected":false},"excerpt":{"rendered":"<p>*R\u00e9gimen Tur\u00edstico<br \/>\n*No incluye IVA<\/p>\n","protected":false},"featured_media":15606,"comment_status":"open","ping_status":"closed","template":"","meta":[],"_links":{"self":[{"href":"http:\/\/www.alfatecpy.com\/home\/wp-json\/wp\/v2\/product\/15605"}],"collection":[{"href":"http:\/\/www.alfatecpy.com\/home\/wp-json\/wp\/v2\/product"}],"about":[{"href":"http:\/\/www.alfatecpy.com\/home\/wp-json\/wp\/v2\/types\/product"}],"replies":[{"embeddable":true,"href":"http:\/\/www.alfatecpy.com\/home\/wp-json\/wp\/v2\/comments?post=15605"}],"wp:featuredmedia":[{"embeddable":true,"href":"http:\/\/www.alfatecpy.com\/home\/wp-json\/wp\/v2\/media\/15606"}],"wp:attachment":[{"href":"http:\/\/www.alfatecpy.com\/home\/wp-json\/wp\/v2\/media?parent=15605"}],"curies":[{"name":"wp","href":"https:\/\/api.w.org\/{rel}","templated":true}]}}