{"id":14804,"date":"2022-06-16T16:21:27","date_gmt":"2022-06-16T14:21:27","guid":{"rendered":"http:\/\/www.alfatecpy.com\/home\/?post_type=product&#038;p=14804"},"modified":"2022-06-21T14:02:16","modified_gmt":"2022-06-21T12:02:16","slug":"hd-externo-de-1tb-seagate-expansion-stkm1000400-2-5-usb-3-0-negro","status":"publish","type":"product","link":"http:\/\/www.alfatecpy.com\/home\/producto\/hd-externo-de-1tb-seagate-expansion-stkm1000400-2-5-usb-3-0-negro\/","title":{"rendered":"HD Externo de 1TB Seagate Expansion STKM1000400 2.5&#8243; USB 3.0 &#8211; Negro"},"content":{"rendered":"<h2>HD Externo Seagate Expansion 1TB, USB<\/h2>\n<h2><\/h2>\n<h3>Seagate Expansion Desktop Drive Almacenamiento adicional para su PC y Mac<\/h3>\n<h3><\/h3>\n<p>La unidad port\u00e1til Seagate Expansion es\u00a0<strong>compacta y perfecta para viajar<\/strong>\u00a0.\u00a0Agregue instant\u00e1neamente m\u00e1s almacenamiento a su PC o Mac y\u00a0<strong>lleve consigo archivos grandes cuando viaje<\/strong>\u00a0.<\/p>\n<p>&nbsp;<\/p>\n<p>La configuraci\u00f3n es simple y directa;\u00a0simplemente conecte un solo cable USB y estar\u00e1 listo para comenzar.\u00a0La unidad se alimenta mediante el cable USB, por lo\u00a0<strong>que no es necesaria una fuente de alimentaci\u00f3n externa<\/strong>\u00a0.\u00a0Adem\u00e1s, es\u00a0<strong>reconocido autom\u00e1ticamente por el<\/strong>\u00a0sistema operativo Windows o Mac, por lo\u00a0<strong>que no hay software que instalar ni nada que configurar<\/strong>\u00a0.\u00a0Guardar archivos es f\u00e1cil: simplemente arrastre y suelte.<\/p>\n<p>&nbsp;<\/p>\n<p>Aproveche\u00a0<strong>las velocidades de transferencia de datos r\u00e1pidas con la interfaz USB 3.0<\/strong>\u00a0conect\u00e1ndose a un puerto USB 3.0.\u00a0Adem\u00e1s, Seagate Expansion viene con servicios de recuperaci\u00f3n de datos de rescate para mayor tranquilidad<\/p>\n<p>&nbsp;<\/p>\n<h3>La recuperaci\u00f3n de datos puede ser costosa a menos que est\u00e9 incluida.\u00a0\u00a1Te protegemos!<\/h3>\n<p>&nbsp;<\/p>\n<p>La mayor\u00eda de las unidades de Seagate ahora incluyen servicios de recuperaci\u00f3n de datos de rescate que coinciden con la duraci\u00f3n de su garant\u00eda, lo que lo ayuda a protegerse contra cortes de energ\u00eda, desastres naturales, errores de usuario, virus y m\u00e1s.<\/p>\n<p>&nbsp;<\/p>\n<p>Con una tasa de \u00e9xito del 95% l\u00edder en la industria contra la p\u00e9rdida de datos inesperada y acceso a expertos en recuperaci\u00f3n de datos de clase mundial, puede concentrarse en lo que es importante y estar tranquilo sabiendo que sus archivos est\u00e1n m\u00e1s seguros.<\/p>\n","protected":false},"excerpt":{"rendered":"<p>*R\u00e9gimen Tur\u00edstico<br \/>\n*No incluye IVA<\/p>\n","protected":false},"featured_media":14806,"comment_status":"open","ping_status":"closed","template":"","meta":[],"_links":{"self":[{"href":"http:\/\/www.alfatecpy.com\/home\/wp-json\/wp\/v2\/product\/14804"}],"collection":[{"href":"http:\/\/www.alfatecpy.com\/home\/wp-json\/wp\/v2\/product"}],"about":[{"href":"http:\/\/www.alfatecpy.com\/home\/wp-json\/wp\/v2\/types\/product"}],"replies":[{"embeddable":true,"href":"http:\/\/www.alfatecpy.com\/home\/wp-json\/wp\/v2\/comments?post=14804"}],"wp:featuredmedia":[{"embeddable":true,"href":"http:\/\/www.alfatecpy.com\/home\/wp-json\/wp\/v2\/media\/14806"}],"wp:attachment":[{"href":"http:\/\/www.alfatecpy.com\/home\/wp-json\/wp\/v2\/media?parent=14804"}],"curies":[{"name":"wp","href":"https:\/\/api.w.org\/{rel}","templated":true}]}}