{"id":14652,"date":"2022-06-15T17:23:17","date_gmt":"2022-06-15T15:23:17","guid":{"rendered":"http:\/\/www.alfatecpy.com\/home\/?post_type=product&#038;p=14652"},"modified":"2022-06-21T14:09:22","modified_gmt":"2022-06-21T12:09:22","slug":"bateria-np-f980-recargable-10000mah","status":"publish","type":"product","link":"http:\/\/www.alfatecpy.com\/home\/producto\/bateria-np-f980-recargable-10000mah\/","title":{"rendered":"BATERIA NP-F980 RECARGABLE -10000MAH"},"content":{"rendered":"<div>\n<div class=\"productDescription_UbV5SNP5Eo\" data-selenium=\"overviewLongDescription\">\n<div class=\"js-injected-html text_UbV5SNP5Eo\">\n<p><span><span class=\"goog-text-highlight\">La\u00a0<\/span><\/span><b><span><span class=\"goog-text-highlight\">bater\u00eda de iones de litio\u00a0 NP-F980 de 10000 mAh<\/span><\/span><\/b><span><span class=\"goog-text-highlight\">\u00a0est\u00e1 dise\u00f1ada para alimentar c\u00e1maras con montura de la serie L de Sony, monitores Atomos, monitores SmallHD o cualquier equipo que acepte una bater\u00eda NP-F980 de la serie L.\u00a0<\/span>Esta bater\u00eda de 7,4 V y 10000 mAh no tiene efecto de memoria y est\u00e1 decodificada para que pueda cargarse por completo con una medici\u00f3n de energ\u00eda precisa.<\/span><\/p>\n<p><span>Se proporciona un puerto micro-USB de 5 V que se puede usar para cargar la bater\u00eda con un enchufe de pared disponible por separado o una fuente de alimentaci\u00f3n USB.\u00a0La capacidad de la bater\u00eda se puede verificar r\u00e1pidamente a trav\u00e9s del medidor LED de 4 segmentos.\u00a0El dise\u00f1o similar a una caja de la bater\u00eda puede apilarse f\u00e1cilmente para su almacenamiento o guardarse en un estuche para su transporte.<\/span><\/p>\n<\/div>\n<\/div>\n<\/div>\n<div class=\"feature_UbV5SNP5Eo\">\n<div class=\"feature_UbV5SNP5Eo\">\n<div class=\"feature_UbV5SNP5Eo\">\n<div class=\"featureHeader_UbV5SNP5Eo\"><\/div>\n<\/div>\n<\/div>\n<\/div>\n","protected":false},"excerpt":{"rendered":"<p>*R\u00e9gimen Tur\u00edstico<br \/>\n*No incluye IVA<\/p>\n","protected":false},"featured_media":14653,"comment_status":"open","ping_status":"closed","template":"","meta":[],"_links":{"self":[{"href":"http:\/\/www.alfatecpy.com\/home\/wp-json\/wp\/v2\/product\/14652"}],"collection":[{"href":"http:\/\/www.alfatecpy.com\/home\/wp-json\/wp\/v2\/product"}],"about":[{"href":"http:\/\/www.alfatecpy.com\/home\/wp-json\/wp\/v2\/types\/product"}],"replies":[{"embeddable":true,"href":"http:\/\/www.alfatecpy.com\/home\/wp-json\/wp\/v2\/comments?post=14652"}],"wp:featuredmedia":[{"embeddable":true,"href":"http:\/\/www.alfatecpy.com\/home\/wp-json\/wp\/v2\/media\/14653"}],"wp:attachment":[{"href":"http:\/\/www.alfatecpy.com\/home\/wp-json\/wp\/v2\/media?parent=14652"}],"curies":[{"name":"wp","href":"https:\/\/api.w.org\/{rel}","templated":true}]}}