{"id":14650,"date":"2022-06-15T17:08:34","date_gmt":"2022-06-15T15:08:34","guid":{"rendered":"http:\/\/www.alfatecpy.com\/home\/?post_type=product&#038;p=14650"},"modified":"2022-06-21T14:08:56","modified_gmt":"2022-06-21T12:08:56","slug":"flash-estudio-nicefoto-ttl-m-series-c4-220v","status":"publish","type":"product","link":"http:\/\/www.alfatecpy.com\/home\/producto\/flash-estudio-nicefoto-ttl-m-series-c4-220v\/","title":{"rendered":"FLASH ESTUDIO NICEFOTO TTL.M SERIES C4 220V"},"content":{"rendered":"<p>El flash de estudio Nicefoto TTL.M es compatible con Canon o Nikon flash TTL, flash manual, flash de alta velocidad FP o flash m\u00faltiple, todo est\u00e1 bien. Con funci\u00f3n de control remoto completo, puede controlar el modo de flash de la unidad de flash, la compensaci\u00f3n de exposici\u00f3n de flash a potencia de salida en M flash, la duraci\u00f3n de flash en FP flash, los tiempos de flash y la frecuencia en flash m\u00faltiple, y la luz de modelado. El tiempo de reciclaje inferior a 1 s, lo que proporciona una excelente experiencia.<\/p>\n","protected":false},"excerpt":{"rendered":"<p>*R\u00e9gimen Tur\u00edstico<br \/>\n*No incluye IVA<\/p>\n","protected":false},"featured_media":14651,"comment_status":"open","ping_status":"closed","template":"","meta":[],"_links":{"self":[{"href":"http:\/\/www.alfatecpy.com\/home\/wp-json\/wp\/v2\/product\/14650"}],"collection":[{"href":"http:\/\/www.alfatecpy.com\/home\/wp-json\/wp\/v2\/product"}],"about":[{"href":"http:\/\/www.alfatecpy.com\/home\/wp-json\/wp\/v2\/types\/product"}],"replies":[{"embeddable":true,"href":"http:\/\/www.alfatecpy.com\/home\/wp-json\/wp\/v2\/comments?post=14650"}],"wp:featuredmedia":[{"embeddable":true,"href":"http:\/\/www.alfatecpy.com\/home\/wp-json\/wp\/v2\/media\/14651"}],"wp:attachment":[{"href":"http:\/\/www.alfatecpy.com\/home\/wp-json\/wp\/v2\/media?parent=14650"}],"curies":[{"name":"wp","href":"https:\/\/api.w.org\/{rel}","templated":true}]}}