{"id":14007,"date":"2022-06-11T15:56:41","date_gmt":"2022-06-11T13:56:41","guid":{"rendered":"http:\/\/www.alfatecpy.com\/home\/?post_type=product&#038;p=14007"},"modified":"2022-06-21T14:04:45","modified_gmt":"2022-06-21T12:04:45","slug":"yongnuo-yn-14ex-c-macro-ring-lite-para-camaras-canon","status":"publish","type":"product","link":"http:\/\/www.alfatecpy.com\/home\/producto\/yongnuo-yn-14ex-c-macro-ring-lite-para-camaras-canon\/","title":{"rendered":"Yongnuo YN-14EX-C Macro Ring Lite para c\u00e1maras Canon"},"content":{"rendered":"<div>\n<div class=\"productDescription_UbV5SNP5Eo\" data-selenium=\"overviewLongDescription\">\n<div class=\"js-injected-html text_UbV5SNP5Eo\">\n<p><span><span class=\"goog-text-highlight\">Ilumine uniformemente sujetos cercanos con la luz suave y favorecedora del\u00a0<\/span><\/span><b><span><span class=\"goog-text-highlight\">YN-14EX-C Macro Ring Lite<\/span><\/span><\/b><span><span class=\"goog-text-highlight\">\u00a0de\u00a0<\/span><\/span><b><span><span class=\"goog-text-highlight\">Yongnuo<\/span><\/span><\/b><span><span class=\"goog-text-highlight\">\u00a0.\u00a0<\/span>Este modelo es compatible con las c\u00e1maras Canon que cuentan con medici\u00f3n E-TTL \/ E-TTL II para establecer autom\u00e1ticamente exposiciones precisas y tiene un n\u00famero gu\u00eda de 45,9 &#8216;a ISO 100 para una buena salida de luz.\u00a0El dise\u00f1o de doble tubo tambi\u00e9n permite a los usuarios configurar cada lado en diferentes relaciones de potencia, lo que permite una iluminaci\u00f3n de mayor contraste cuando se desee.\u00a0Y tiene l\u00e1mparas LED para asistencia AF en condiciones de poca luz.<\/span><\/p>\n<p><span>Agregando a las capacidades de la unidad, el YN-14EX cuenta con sincronizaci\u00f3n de PC y puertos de alimentaci\u00f3n externos.\u00a0Adem\u00e1s, es totalmente compatible con la configuraci\u00f3n del flash en la c\u00e1mara, como la compensaci\u00f3n de la exposici\u00f3n, el horquillado de la exposici\u00f3n del flash, el bloqueo de la exposici\u00f3n del flash, la funci\u00f3n de luz de modelado y los modos de sincronizaci\u00f3n de la primera y la segunda cortinilla.\u00a0La unidad de control tiene una pantalla LCD para ajustar directamente la configuraci\u00f3n del flash y funciona con 4 pilas AA.\u00a0A plena potencia, esto permite un tiempo de reciclaje de 3 a 5 segundos.\u00a0Adem\u00e1s, viene con anillos adaptadores para roscas de filtro de lente de 52 mm, 58 mm, 67 mm y 72 mm y una bolsa de transporte.<\/span><\/p>\n<\/div>\n<\/div>\n<\/div>\n<div class=\"feature_UbV5SNP5Eo\">\n<div class=\"feature_UbV5SNP5Eo\">\n<div>\n<div class=\"feature_UbV5SNP5Eo\">\n<div class=\"descriptionAsTitle_UbV5SNP5Eo\">\n<div class=\"js-injected-html text_UbV5SNP5Eo\"><span>Configuraci\u00f3n de flash manual de 1\/1 a 1\/64<\/span><\/div>\n<\/div>\n<\/div>\n<\/div>\n<div>\n<div class=\"feature_UbV5SNP5Eo\">\n<div class=\"descriptionAsTitle_UbV5SNP5Eo\">\n<div class=\"js-injected-html text_UbV5SNP5Eo\"><span>Ajustes de control de relaci\u00f3n de flash de 8:1 a 1:1 a 1:8<\/span><\/div>\n<\/div>\n<\/div>\n<\/div>\n<div>\n<div class=\"feature_UbV5SNP5Eo\">\n<div class=\"descriptionAsTitle_UbV5SNP5Eo\">\n<div class=\"js-injected-html text_UbV5SNP5Eo\"><span>El sistema de aviso de sonido lo alertar\u00e1 audiblemente sobre el estado actual del flash<\/span><\/div>\n<\/div>\n<\/div>\n<\/div>\n<div>\n<div class=\"feature_UbV5SNP5Eo\">\n<div class=\"descriptionAsTitle_UbV5SNP5Eo\">\n<div class=\"js-injected-html text_UbV5SNP5Eo\"><span>Los ajustes se guardan cuando la unidad se apaga<\/span><\/div>\n<\/div>\n<\/div>\n<\/div>\n<\/div>\n<\/div>\n","protected":false},"excerpt":{"rendered":"<p>*R\u00e9gimen Tur\u00edstico<br \/>\n*No incluye IVA<\/p>\n","protected":false},"featured_media":14008,"comment_status":"open","ping_status":"closed","template":"","meta":[],"_links":{"self":[{"href":"http:\/\/www.alfatecpy.com\/home\/wp-json\/wp\/v2\/product\/14007"}],"collection":[{"href":"http:\/\/www.alfatecpy.com\/home\/wp-json\/wp\/v2\/product"}],"about":[{"href":"http:\/\/www.alfatecpy.com\/home\/wp-json\/wp\/v2\/types\/product"}],"replies":[{"embeddable":true,"href":"http:\/\/www.alfatecpy.com\/home\/wp-json\/wp\/v2\/comments?post=14007"}],"wp:featuredmedia":[{"embeddable":true,"href":"http:\/\/www.alfatecpy.com\/home\/wp-json\/wp\/v2\/media\/14008"}],"wp:attachment":[{"href":"http:\/\/www.alfatecpy.com\/home\/wp-json\/wp\/v2\/media?parent=14007"}],"curies":[{"name":"wp","href":"https:\/\/api.w.org\/{rel}","templated":true}]}}