{"id":13854,"date":"2022-06-10T16:00:29","date_gmt":"2022-06-10T14:00:29","guid":{"rendered":"http:\/\/www.alfatecpy.com\/home\/?post_type=product&#038;p=13854"},"modified":"2022-07-15T21:13:29","modified_gmt":"2022-07-15T19:13:29","slug":"adaptador-de-hub-usb-c-10-en-1-mcdodo","status":"publish","type":"product","link":"http:\/\/www.alfatecpy.com\/home\/producto\/adaptador-de-hub-usb-c-10-en-1-mcdodo\/","title":{"rendered":"ADAPTADOR DE HUB USB-C 10 EN 1 MCDODO"},"content":{"rendered":"<p>Convierta un solo puerto USB-C en 10 puertos para transferencia de datos, expansi\u00f3n de pantalla y carga con el hub Mcdodo 10 en 1 HU7420. El hub cuenta con un dise\u00f1o resistente y compacto, fabricado en aleaci\u00f3n de aluminio. Proporciona resoluci\u00f3n 4k v\u00eda HDMI, 2K v\u00eda VGA, 2 puertos USB 2.0, 2 puertos USB 3.0, carga r\u00e1pida de 100 W mediante el USB-C, Gigabit LAN, lectura de SD y micro SD simultaneas.<\/p>\n","protected":false},"excerpt":{"rendered":"<p>*R\u00e9gimen Tur\u00edstico<br \/>\n*No incluye IVA<\/p>\n","protected":false},"featured_media":13855,"comment_status":"open","ping_status":"closed","template":"","meta":[],"_links":{"self":[{"href":"http:\/\/www.alfatecpy.com\/home\/wp-json\/wp\/v2\/product\/13854"}],"collection":[{"href":"http:\/\/www.alfatecpy.com\/home\/wp-json\/wp\/v2\/product"}],"about":[{"href":"http:\/\/www.alfatecpy.com\/home\/wp-json\/wp\/v2\/types\/product"}],"replies":[{"embeddable":true,"href":"http:\/\/www.alfatecpy.com\/home\/wp-json\/wp\/v2\/comments?post=13854"}],"wp:featuredmedia":[{"embeddable":true,"href":"http:\/\/www.alfatecpy.com\/home\/wp-json\/wp\/v2\/media\/13855"}],"wp:attachment":[{"href":"http:\/\/www.alfatecpy.com\/home\/wp-json\/wp\/v2\/media?parent=13854"}],"curies":[{"name":"wp","href":"https:\/\/api.w.org\/{rel}","templated":true}]}}