{"id":13663,"date":"2022-06-09T15:14:04","date_gmt":"2022-06-09T13:14:04","guid":{"rendered":"http:\/\/www.alfatecpy.com\/home\/?post_type=product&#038;p=13663"},"modified":"2022-06-21T14:06:06","modified_gmt":"2022-06-21T12:06:06","slug":"disparador-de-flash-inalambrico-godox-x2-2-4-ghz-ttl-para-canon","status":"publish","type":"product","link":"http:\/\/www.alfatecpy.com\/home\/producto\/disparador-de-flash-inalambrico-godox-x2-2-4-ghz-ttl-para-canon\/","title":{"rendered":"Disparador de flash inal\u00e1mbrico Godox X2 2.4 GHz TTL para Canon"},"content":{"rendered":"<div>\n<div class=\"productDescription_UbV5SNP5Eo\" data-selenium=\"overviewLongDescription\">\n<div class=\"js-injected-html text_UbV5SNP5Eo\">\n<p><span>El\u00a0<\/span><b><span>disparador de flash inal\u00e1mbrico TTL de 2,4 GHz Godox X2<\/span><\/b><span>\u00a0est\u00e1 dedicado al sistema E-TTL\/E-TTL II de Canon y funciona en una frecuencia de 2,4 GHz.\u00a0El disparador de flash inal\u00e1mbrico puede disparar un solo flash o varias unidades de flash dedicadas dentro de 5 grupos, 32 canales y 99 configuraciones de ID para evitar la interferencia de otros sistemas cercanos.\u00a0Para mayor comodidad, la funci\u00f3n de configuraci\u00f3n de escaneo integrada puede ayudarlo a ubicar autom\u00e1ticamente un canal de identificaci\u00f3n con la menor interferencia.\u00a0Tambi\u00e9n puede operar las unidades de flash dentro de un rango inal\u00e1mbrico de hasta 328&#8242;.<\/span><\/p>\n<p><span>Todos los ajustes se pueden ver f\u00e1cilmente en la gran pantalla LCD del gatillo, que se puede retroiluminar junto con los botones de grupo y funci\u00f3n.\u00a0Un puerto USB tipo C est\u00e1 ubicado en el costado del disparador inal\u00e1mbrico para descargar actualizaciones de firmware, al igual que un conector de sincronizaci\u00f3n de 3,5 mm para conectar flashes que no sean TTL o para disparar c\u00e1maras a trav\u00e9s de un cable de c\u00e1mara remota.\u00a0La aplicaci\u00f3n descargable GodoxPhoto es compatible con tel\u00e9fonos inteligentes o tabletas iPhone o Android mientras opera los gatillos a trav\u00e9s de Bluetooth.\u00a0<span class=\"goog-text-highlight\">La aplicaci\u00f3n puede controlar las mismas funciones que el disparador inal\u00e1mbrico, como el modo de flash, la potencia de salida, la luz de modelado, la sincronizaci\u00f3n de alta velocidad y el pitido audible de los flashes Godox.<\/span><\/span><\/p>\n<\/div>\n<\/div>\n<\/div>\n<div class=\"feature_UbV5SNP5Eo\">\n<div class=\"feature_UbV5SNP5Eo\">\n<div>\n<div class=\"feature_UbV5SNP5Eo\">\n<div class=\"descriptionAsTitle_UbV5SNP5Eo\">\n<div class=\"js-injected-html text_UbV5SNP5Eo\"><span>El disparador inal\u00e1mbrico, que funciona en una frecuencia de 2,4 GHz, puede disparar varias unidades de flash dentro de 32 canales y 99 configuraciones de identificaci\u00f3n, por lo que no hay interferencia de los sistemas cercanos.<\/span><\/div>\n<\/div>\n<\/div>\n<\/div>\n<div>\n<div class=\"feature_UbV5SNP5Eo\">\n<div class=\"descriptionAsTitle_UbV5SNP5Eo\">\n<div class=\"js-injected-html text_UbV5SNP5Eo\"><span>Puede controlar las funciones del flash, como el modo de flash, la potencia de salida, la luz de modelado, la sincronizaci\u00f3n de alta velocidad de 1\/8000 segundos y el pitido audible de los flashes Godox mientras opera las unidades de flash dentro de un rango inal\u00e1mbrico de hasta 328 &#8216;.<\/span><\/div>\n<\/div>\n<\/div>\n<\/div>\n<div>\n<div class=\"feature_UbV5SNP5Eo\">\n<div class=\"descriptionAsTitle_UbV5SNP5Eo\">\n<div class=\"js-injected-html text_UbV5SNP5Eo\"><span>La funci\u00f3n de configuraci\u00f3n de escaneo integrada puede ayudarlo a ubicar autom\u00e1ticamente un canal de identificaci\u00f3n con la menor interferencia.<\/span><\/div>\n<\/div>\n<\/div>\n<\/div>\n<div>\n<div class=\"feature_UbV5SNP5Eo\">\n<div class=\"descriptionAsTitle_UbV5SNP5Eo\">\n<div class=\"js-injected-html text_UbV5SNP5Eo\"><span>Todos los ajustes se pueden ver f\u00e1cilmente en la gran pantalla LCD del gatillo, que se puede retroiluminar junto con los botones de grupo y funci\u00f3n.<\/span><\/div>\n<\/div>\n<\/div>\n<\/div>\n<div>\n<div class=\"feature_UbV5SNP5Eo\">\n<div class=\"descriptionAsTitle_UbV5SNP5Eo\">\n<div class=\"js-injected-html text_UbV5SNP5Eo\"><span>Un puerto USB tipo C est\u00e1 ubicado en el costado del disparador inal\u00e1mbrico para descargar actualizaciones de firmware, al igual que un conector de sincronizaci\u00f3n de 3,5 mm para conectar flashes que no sean TTL o para disparar c\u00e1maras a trav\u00e9s de un cable de c\u00e1mara remota.<\/span><\/div>\n<\/div>\n<\/div>\n<\/div>\n<div>\n<div class=\"feature_UbV5SNP5Eo\">\n<div class=\"descriptionAsTitle_UbV5SNP5Eo\">\n<div class=\"js-injected-html text_UbV5SNP5Eo\"><span>La aplicaci\u00f3n descargable GodoxPhoto es compatible con tel\u00e9fonos inteligentes o tabletas iPhone o Android mientras opera los gatillos a trav\u00e9s de Bluetooth.<\/span><\/div>\n<\/div>\n<\/div>\n<\/div>\n<div>\n<div class=\"feature_UbV5SNP5Eo\">\n<div class=\"descriptionAsTitle_UbV5SNP5Eo\">\n<div class=\"js-injected-html text_UbV5SNP5Eo\"><span>El Quick Lock de la zapata para accesorios garantiza que el disparador inal\u00e1mbrico permanezca seguro en la zapata para accesorios de la c\u00e1mara.<\/span><\/div>\n<\/div>\n<\/div>\n<\/div>\n<\/div>\n<\/div>\n","protected":false},"excerpt":{"rendered":"<p>*Regimen turistico<br \/>\n*No incluye IVA<\/p>\n","protected":false},"featured_media":13664,"comment_status":"open","ping_status":"closed","template":"","meta":[],"_links":{"self":[{"href":"http:\/\/www.alfatecpy.com\/home\/wp-json\/wp\/v2\/product\/13663"}],"collection":[{"href":"http:\/\/www.alfatecpy.com\/home\/wp-json\/wp\/v2\/product"}],"about":[{"href":"http:\/\/www.alfatecpy.com\/home\/wp-json\/wp\/v2\/types\/product"}],"replies":[{"embeddable":true,"href":"http:\/\/www.alfatecpy.com\/home\/wp-json\/wp\/v2\/comments?post=13663"}],"wp:featuredmedia":[{"embeddable":true,"href":"http:\/\/www.alfatecpy.com\/home\/wp-json\/wp\/v2\/media\/13664"}],"wp:attachment":[{"href":"http:\/\/www.alfatecpy.com\/home\/wp-json\/wp\/v2\/media?parent=13663"}],"curies":[{"name":"wp","href":"https:\/\/api.w.org\/{rel}","templated":true}]}}