{"id":13505,"date":"2022-06-08T17:05:45","date_gmt":"2022-06-08T15:05:45","guid":{"rendered":"http:\/\/www.alfatecpy.com\/home\/?post_type=product&#038;p=13505"},"modified":"2022-07-18T13:45:27","modified_gmt":"2022-07-18T11:45:27","slug":"establizador-zhiyun-crane-2s-para-camera","status":"publish","type":"product","link":"http:\/\/www.alfatecpy.com\/home\/producto\/establizador-zhiyun-crane-2s-para-camera\/","title":{"rendered":"ESTABLIZADOR ZHIYUN CRANE 2S PARA CAMERA"},"content":{"rendered":"<div>\n<div class=\"productDescription_riPByZJPqM\" data-selenium=\"overviewLongDescription\">\n<div class=\"js-injected-html text_riPByZJPqM\">\n<p>A continuaci\u00f3n del Crane-2, el <b>Zhiyun-Tech CRANE 2S<\/b>\u00a0ha sido altamente actualizado para adaptarse mejor a las necesidades de los cineastas.\u00a0Con un algoritmo Instune de novena generaci\u00f3n de nueva generaci\u00f3n que mejora la capacidad de respuesta de cada eje, el CRANE 2S es capaz de estabilizar c\u00e1maras grandes como Blackmagic Pocket 6K, Panasonic S1H y Canon EOS 1DX Mark II junto con accesorios.\u00a0(Visite el sitio web de Zhiyun para obtener una lista completa de c\u00e1maras y lentes compatibles).<\/p>\n<p>Para respaldar un proceso de colaboraci\u00f3n, el CRANE 2S ofrece puntos de montaje dedicados para conectar un transmisor Zhiyun-Tech TransMount opcional.\u00a0Otra caracter\u00edstica nueva, integrada para respaldar la creciente demanda de contenido de redes sociales, es un soporte vertical de liberaci\u00f3n r\u00e1pida que le permite configurar su c\u00e1mara verticalmente.\u00a0Adem\u00e1s de esto, se utiliza un nuevo sistema FlexMount para montar la c\u00e1mara de forma est\u00e1ndar.\u00a0Esta tecnolog\u00eda simplifica el proceso de montaje y configuraci\u00f3n mientras asegura su c\u00e1mara con un mecanismo de doble seguridad.\u00a0El mecanismo de bloqueo del eje para equilibrar una c\u00e1mara tambi\u00e9n se ha mejorado con un dise\u00f1o de bloqueo de dos fases.\u00a0El mecanismo de bloqueo del eje tambi\u00e9n garantiza que no haya movimiento de los componentes del card\u00e1n durante el viaje o el almacenamiento.<\/p>\n<p>El mango de agarre del gimbal est\u00e1 hecho de fibra de carbono para que el gimbal se sienta m\u00e1s liviano en la mano.\u00a0El volante incorporado en el lateral del mango se ha actualizado para permitir un retardo muy bajo al controlar un motor de lente adicional, que se vende por separado, para que pueda realizar ajustes con mayor precisi\u00f3n.\u00a0(Cuando usa un motor de enfoque y zoom, puede configurar el volante para controlar su elecci\u00f3n de uno u otro). En la parte inferior del mango hay una rosca de 1\/4 \u00ab-20 que le permite conectar el mini tr\u00edpode incluido para ser utilizado como soporte o como una extensi\u00f3n que se puede sostener con la otra mano para un mayor control.<\/p>\n<p>Con la aplicaci\u00f3n m\u00f3vil iOS\/Android complementaria, se pueden realizar funciones cinematogr\u00e1ficas avanzadas como panorama, lapso de tiempo, lapso de movimiento y lapso de tiempo de exposici\u00f3n prolongada con el gimbal para lograr resultados creativos.\u00a0Muchos de los par\u00e1metros del card\u00e1n se pueden ajustar a trav\u00e9s de esta aplicaci\u00f3n, mientras que se puede acceder a muchos modos y par\u00e1metros clave directamente desde la pantalla OLED de 0,96\u00bb justo encima del mango.<\/p>\n<p>El CRANE 2S tambi\u00e9n es compatible con una variedad de accesorios Zhiyun-Tech TransMount dedicados, que incluyen servomotores.\u00a0<span class=\"goog-text-highlight\">La placa de liberaci\u00f3n r\u00e1pida incluida con el card\u00e1n es compatible con muchos cabezales de tr\u00edpode comunes para que pueda mover su c\u00e1mara de manera eficiente entre el card\u00e1n y los tr\u00edpodes, deslizadores y otros soportes de c\u00e1mara.\u00a0<\/span>Tambi\u00e9n se incluyen un control de lente y m\u00faltiples cables de control de c\u00e1mara para permitir un flujo de trabajo integral.\u00a0El CRANE 2S funciona hasta 12 horas con tres bater\u00edas incluidas, que son recargables con un cargador triple suministrado.<\/p>\n<\/div>\n<\/div>\n<\/div>\n<div class=\"feature_riPByZJPqM\">\n<div class=\"feature_riPByZJPqM\">\n<div class=\"feature_riPByZJPqM\">\n<div class=\"featureHeader_riPByZJPqM\">\n<h2 class=\"text_TAw0W35QK_ comfy_TAw0W35QK_ sizeTitle2_TAw0W35QK_ weightNormal_TAw0W35QK_ primary_i3MsQsqoe0\">Caracter\u00edsticas clave<\/h2>\n<\/div>\n<div>\n<div class=\"js-injected-html text_riPByZJPqM\">\n<ul>\n<li>Noveno algoritmo Instune con alta capacidad de respuesta del eje<\/li>\n<li>Soporte para c\u00e1maras grandes como Blackmagic Pocket 6K, Panasonic S1H y Canon EOS 1DX Mark II<\/li>\n<li>Seis modos: seguimiento panor\u00e1mico, bloqueo, seguimiento, POV de rango completo, v\u00f3rtice y modos Go<\/li>\n<li>Puntos de montaje dedicados para conectar un transmisor Zhiyun-Tech TransMount opcional<\/li>\n<li>Sistema de montaje de c\u00e1mara FlexMount con doble mecanismo de seguridad<\/li>\n<li>Soporte de c\u00e1mara de liberaci\u00f3n r\u00e1pida vertical<\/li>\n<li>Placa de liberaci\u00f3n r\u00e1pida compatible con muchas cabezas de tr\u00edpode y deslizadores<\/li>\n<li>Mecanismo de bloqueo de eje de dos fases para equilibrar una c\u00e1mara y para almacenamiento\/viaje<\/li>\n<li>Mango de fibra de carbono<\/li>\n<li>Rendimiento del volante de bajo retardo cuando se usa con motores de lentes opcionales<\/li>\n<li>Autonom\u00eda de hasta 12 horas con tres bater\u00edas extra\u00edbles incluidas<\/li>\n<li>Movimiento panor\u00e1mico de 360\u00b0<\/li>\n<li>Pantalla OLED de 0,96&#8243;<\/li>\n<li>Panorama, lapso de tiempo, lapso de movimiento y lapso de tiempo de larga exposici\u00f3n a trav\u00e9s de la aplicaci\u00f3n iOS\/Android complementaria<\/li>\n<li>Rosca de 1\/4&#8243;-20 en la parte inferior<\/li>\n<\/ul>\n<\/div>\n<\/div>\n<\/div>\n<\/div>\n<div class=\"upc_riPByZJPqM\"><img class=\"upcIcon_riPByZJPqM\" src=\"data:image\/png;base64,iVBORw0KGgoAAAANSUhEUgAAAA4AAAAPCAYAAADUFP50AAAAGXRFWHRTb2Z0d2FyZQBBZG9iZSBJbWFnZVJlYWR5ccllPAAAAyZpVFh0WE1MOmNvbS5hZG9iZS54bXAAAAAAADw\/eHBhY2tldCBiZWdpbj0i77u\/IiBpZD0iVzVNME1wQ2VoaUh6cmVTek5UY3prYzlkIj8+IDx4OnhtcG1ldGEgeG1sbnM6eD0iYWRvYmU6bnM6bWV0YS8iIHg6eG1wdGs9IkFkb2JlIFhNUCBDb3JlIDUuNi1jMDE0IDc5LjE1Njc5NywgMjAxNC8wOC8yMC0wOTo1MzowMiAgICAgICAgIj4gPHJkZjpSREYgeG1sbnM6cmRmPSJodHRwOi8vd3d3LnczLm9yZy8xOTk5LzAyLzIyLXJkZi1zeW50YXgtbnMjIj4gPHJkZjpEZXNjcmlwdGlvbiByZGY6YWJvdXQ9IiIgeG1sbnM6eG1wPSJodHRwOi8vbnMuYWRvYmUuY29tL3hhcC8xLjAvIiB4bWxuczp4bXBNTT0iaHR0cDovL25zLmFkb2JlLmNvbS94YXAvMS4wL21tLyIgeG1sbnM6c3RSZWY9Imh0dHA6Ly9ucy5hZG9iZS5jb20veGFwLzEuMC9zVHlwZS9SZXNvdXJjZVJlZiMiIHhtcDpDcmVhdG9yVG9vbD0iQWRvYmUgUGhvdG9zaG9wIENDIDIwMTQgKFdpbmRvd3MpIiB4bXBNTTpJbnN0YW5jZUlEPSJ4bXAuaWlkOjE0MjJGQTNCQ0U2QjExRTQ5ODUyRUQwRTYzODFCRjgzIiB4bXBNTTpEb2N1bWVudElEPSJ4bXAuZGlkOjE0MjJGQTNDQ0U2QjExRTQ5ODUyRUQwRTYzODFCRjgzIj4gPHhtcE1NOkRlcml2ZWRGcm9tIHN0UmVmOmluc3RhbmNlSUQ9InhtcC5paWQ6MTQyMkZBMzlDRTZCMTFFNDk4NTJFRDBFNjM4MUJGODMiIHN0UmVmOmRvY3VtZW50SUQ9InhtcC5kaWQ6MTQyMkZBM0FDRTZCMTFFNDk4NTJFRDBFNjM4MUJGODMiLz4gPC9yZGY6RGVzY3JpcHRpb24+IDwvcmRmOlJERj4gPC94OnhtcG1ldGE+IDw\/eHBhY2tldCBlbmQ9InIiPz7xOsSQAAAAMUlEQVR42mJ0c3P7z8DAwAjEIJoBiY1NDM5mYiATjGoc1ThUNLIgsRkJsJHFGAACDABOFwb1NjbLNAAAAABJRU5ErkJggg==\" data-selenium=\"overviewUpcImage\" \/><\/div>\n<\/div>\n","protected":false},"excerpt":{"rendered":"<div class=\"woocommerce-product-details__short-description\">\n<p>*R\u00e9gimen Tur\u00edstico<br \/>\n*No incluye IVA<\/p>\n<\/div>\n<form class=\"cart\" action=\"http:\/\/www.alfatecpy.com\/home\/producto\/lente-yongnuo-yn35mm-f2-para-canon-2\/\" enctype=\"multipart\/form-data\" method=\"post\">\n<div class=\"quantity\"><\/div>\n<\/form>\n","protected":false},"featured_media":13506,"comment_status":"open","ping_status":"closed","template":"","meta":[],"_links":{"self":[{"href":"http:\/\/www.alfatecpy.com\/home\/wp-json\/wp\/v2\/product\/13505"}],"collection":[{"href":"http:\/\/www.alfatecpy.com\/home\/wp-json\/wp\/v2\/product"}],"about":[{"href":"http:\/\/www.alfatecpy.com\/home\/wp-json\/wp\/v2\/types\/product"}],"replies":[{"embeddable":true,"href":"http:\/\/www.alfatecpy.com\/home\/wp-json\/wp\/v2\/comments?post=13505"}],"wp:featuredmedia":[{"embeddable":true,"href":"http:\/\/www.alfatecpy.com\/home\/wp-json\/wp\/v2\/media\/13506"}],"wp:attachment":[{"href":"http:\/\/www.alfatecpy.com\/home\/wp-json\/wp\/v2\/media?parent=13505"}],"curies":[{"name":"wp","href":"https:\/\/api.w.org\/{rel}","templated":true}]}}