{"id":13179,"date":"2022-06-06T18:30:39","date_gmt":"2022-06-06T16:30:39","guid":{"rendered":"http:\/\/www.alfatecpy.com\/home\/?post_type=product&#038;p=13179"},"modified":"2022-06-21T14:11:12","modified_gmt":"2022-06-21T12:11:12","slug":"kit-adaptador-de-fuente-kingma-en-el15-para-nikon","status":"publish","type":"product","link":"http:\/\/www.alfatecpy.com\/home\/producto\/kit-adaptador-de-fuente-kingma-en-el15-para-nikon\/","title":{"rendered":"KIT ADAPTADOR DE FUENTE KINGMA EN-EL15 PARA NIKON"},"content":{"rendered":"<p style=\"font-weight: 400;\"><span data-spm-anchor-id=\"a2g0o.detail.1000023.i7.63365b19xah3hH\">KingMa EN-EL15 adaptador de fuente de alimentaci\u00f3n de CA de bater\u00eda ficticia para Nikon Z5 Z6 Z6II Z7 Z7II D500 D600 D610 D750 D780 D800 D800E D810 D810A D850 D7000 D7100 D7200 D7500<\/span><\/p>\n<p style=\"font-weight: 400;\"><strong style=\"font-weight: 700 !important;\">Especificaciones:<\/strong><\/p>\n<ol>\n<li style=\"font-weight: 400;\"><strong style=\"font-weight: 700 !important;\"> Bater\u00eda simulada EN-EL15<\/strong><\/li>\n<\/ol>\n<table style=\"font-weight: 400;\">\n<tbody>\n<tr>\n<td width=\"226\">\n<p style=\"font-weight: 400;\">Nombre del producto<\/p>\n<\/td>\n<td width=\"327\">\n<p style=\"font-weight: 400;\">Bater\u00eda DR-ENEL15Dummy<\/p>\n<\/td>\n<\/tr>\n<tr>\n<td width=\"226\">\n<p style=\"font-weight: 400;\">Modelo<\/p>\n<\/td>\n<td width=\"327\">\n<p style=\"font-weight: 400;\">DR-ENEL15<\/p>\n<\/td>\n<\/tr>\n<tr>\n<td width=\"226\">\n<p style=\"font-weight: 400;\">Conector DC<\/p>\n<\/td>\n<td width=\"327\">\n<p style=\"font-weight: 400;\">Enchufe macho DC 5,5*2,1mm<\/p>\n<\/td>\n<\/tr>\n<tr>\n<td width=\"226\">\n<p style=\"font-weight: 400;\">Entrada DC<\/p>\n<\/td>\n<td width=\"327\">\n<p style=\"font-weight: 400;\">7-8,4 V (m\u00e1x.)<\/p>\n<\/td>\n<\/tr>\n<tr>\n<td width=\"226\">\n<p style=\"font-weight: 400;\">Salida DC<\/p>\n<\/td>\n<td width=\"327\">\n<p style=\"font-weight: 400;\">6-8,4 V<\/p>\n<\/td>\n<\/tr>\n<tr>\n<td width=\"226\">\n<p style=\"font-weight: 400;\">Longitud del Cable\/<\/p>\n<\/td>\n<td width=\"327\">\n<p style=\"font-weight: 400;\">50 cm (longitud estirable: 150cm)<\/p>\n<\/td>\n<\/tr>\n<\/tbody>\n<\/table>\n<ol start=\"2\">\n<li style=\"font-weight: 400;\"><strong style=\"font-weight: 700 !important;\"> Adaptador de fuente de alimentaci\u00f3n de CA<\/strong><\/li>\n<\/ol>\n<table style=\"font-weight: 400;\">\n<tbody>\n<tr>\n<td width=\"264\">\n<p style=\"font-weight: 400;\">Nombre del producto<\/p>\n<\/td>\n<td width=\"290\">\n<p style=\"font-weight: 400;\">Adaptador de fuente de alimentaci\u00f3n AC<\/p>\n<\/td>\n<\/tr>\n<tr>\n<td width=\"264\">\n<p style=\"font-weight: 400;\">Modelo<\/p>\n<\/td>\n<td width=\"290\">\n<p style=\"font-weight: 400;\">AS3602A-0843000DS<\/p>\n<\/td>\n<\/tr>\n<tr>\n<td width=\"264\">\n<p style=\"font-weight: 400;\">Entrada<\/p>\n<\/td>\n<td width=\"290\">\n<p style=\"font-weight: 400;\"><span data-spm-anchor-id=\"a2g0o.detail.1000023.i6.63365b19xah3hH\">100-240V 50\/60HZ 1A (m\u00e1x.)<\/span><\/p>\n<\/td>\n<\/tr>\n<tr>\n<td width=\"264\">\n<p style=\"font-weight: 400;\">Salida<\/p>\n<\/td>\n<td width=\"290\">\n<p style=\"font-weight: 400;\">8,4 V 3a<\/p>\n<\/td>\n<\/tr>\n<tr>\n<td width=\"264\">\n<p style=\"font-weight: 400;\">Potencia<\/p>\n<\/td>\n<td width=\"290\">\n<p style=\"font-weight: 400;\">25,2 vatios<\/p>\n<\/td>\n<\/tr>\n<\/tbody>\n<\/table>\n<p style=\"font-weight: 400;\"><strong style=\"font-weight: 700 !important;\">Caracter\u00edsticas<\/strong><\/p>\n<ul style=\"font-weight: 400;\">\n<li>La bater\u00eda simulada tiene incorporado el \u00faltimo circuito de decodificaci\u00f3n avanzado, mostrar\u00e1 el nivel de potencia en la c\u00e1mara. Puede obtener el estado de la bater\u00eda f\u00e1cilmente.<\/li>\n<li>El kit de bater\u00eda simulada EN-EL15 puede reemplazar la bater\u00eda EN-EL15, el adaptador de corriente proporciona continuamente energ\u00eda ilimitada a la c\u00e1mara a trav\u00e9s de la salida de CA. No se preocupe por agotarse la bater\u00eda para disparar durante mucho tiempo, como transmisi\u00f3n en vivo, video, c\u00e1mara scenery live, c\u00e1mara web, etc.<\/li>\n<li>Compatible con Nikon D500 D600 D610 D750 D780D800 D800E D810 D810A D850 D7000 D7100 D7200 D7500 Z5 Z6 Z6II Z7 Z7II<\/li>\n<li><\/li>\n<\/ul>\n<p style=\"font-weight: 400;\"><strong style=\"font-weight: 700 !important;\">Instrucciones de instalaci\u00f3n<\/strong><\/p>\n<ul style=\"font-weight: 400;\">\n<li>Abrir el compartimento de la bater\u00eda<\/li>\n<li>Inserte la bater\u00eda simulada EN-EL15 en la direcci\u00f3n correcta<\/li>\n<li>Abra la cubierta del conector de alimentaci\u00f3n de la c\u00e1mara y Pase el cable de la bater\u00eda ficticia a trav\u00e9s de la ranura en el lateral del compartimento de la bater\u00eda de la c\u00e1mara.<\/li>\n<li>Cierre la tapa del compartimento de la bater\u00eda y con\u00e9ctelo al adaptador de corriente.<\/li>\n<\/ul>\n","protected":false},"excerpt":{"rendered":"<div class=\"woocommerce-product-details__short-description\">\n<p>*R\u00e9gimen Tur\u00edstico<br \/>\n*No incluye IVA<\/p>\n<\/div>\n<form class=\"cart\" action=\"http:\/\/www.alfatecpy.com\/home\/producto\/reflector-estandar-godox-rft-13-8-3\/\" enctype=\"multipart\/form-data\" method=\"post\">&nbsp;<\/p>\n<\/form>\n","protected":false},"featured_media":13184,"comment_status":"open","ping_status":"closed","template":"","meta":[],"_links":{"self":[{"href":"http:\/\/www.alfatecpy.com\/home\/wp-json\/wp\/v2\/product\/13179"}],"collection":[{"href":"http:\/\/www.alfatecpy.com\/home\/wp-json\/wp\/v2\/product"}],"about":[{"href":"http:\/\/www.alfatecpy.com\/home\/wp-json\/wp\/v2\/types\/product"}],"replies":[{"embeddable":true,"href":"http:\/\/www.alfatecpy.com\/home\/wp-json\/wp\/v2\/comments?post=13179"}],"wp:featuredmedia":[{"embeddable":true,"href":"http:\/\/www.alfatecpy.com\/home\/wp-json\/wp\/v2\/media\/13184"}],"wp:attachment":[{"href":"http:\/\/www.alfatecpy.com\/home\/wp-json\/wp\/v2\/media?parent=13179"}],"curies":[{"name":"wp","href":"https:\/\/api.w.org\/{rel}","templated":true}]}}