{"id":13170,"date":"2022-06-06T17:09:45","date_gmt":"2022-06-06T15:09:45","guid":{"rendered":"http:\/\/www.alfatecpy.com\/home\/?post_type=product&#038;p=13170"},"modified":"2022-07-25T21:43:16","modified_gmt":"2022-07-25T19:43:16","slug":"tarjeta-de-memoria-sandisk-ultra-128-gb-100mb-s","status":"publish","type":"product","link":"http:\/\/www.alfatecpy.com\/home\/producto\/tarjeta-de-memoria-sandisk-ultra-128-gb-100mb-s\/","title":{"rendered":"TARJETA DE MEMORIA SANDISK ULTRA 128 GB \/ 100MB\/S"},"content":{"rendered":"<ul>\n<li><strong>Capacidad:\u00a0<\/strong>128 GB<\/li>\n<li><strong>Velocidad de lectura:<\/strong>\u00a0hasta 100MB\/s<\/li>\n<li><strong>Velocidad de video:<\/strong>\u00a0C10<\/li>\n<li><strong>Resistencia:<\/strong>\u00a0Ambiente hostil<\/li>\n<li><strong>Compatible con:<\/strong>\u00a0SDXC<\/li>\n<li>La memoria SD SanDisk Ultra ofrece mayor rendimiento, podr\u00e1s realizar descargas m\u00e1s r\u00e1pidas y obtener un mejor rendimiento para capturar y guardar fotograf\u00edas y videos full HD de alta calidad. Admite velocidades de lectura de hasta 100 MB\/s, para ahorrar tiempo mientras transfieres fotos y videos de la memoria a la computadora. Adem\u00e1s, es resistente a los golpes, las temperaturas extremas, el agua e incluso los rayos X.<\/li>\n<\/ul>\n","protected":false},"excerpt":{"rendered":"<p>*Regimen turistico<br \/>\n*No incluye IVA<\/p>\n","protected":false},"featured_media":13171,"comment_status":"open","ping_status":"closed","template":"","meta":[],"_links":{"self":[{"href":"http:\/\/www.alfatecpy.com\/home\/wp-json\/wp\/v2\/product\/13170"}],"collection":[{"href":"http:\/\/www.alfatecpy.com\/home\/wp-json\/wp\/v2\/product"}],"about":[{"href":"http:\/\/www.alfatecpy.com\/home\/wp-json\/wp\/v2\/types\/product"}],"replies":[{"embeddable":true,"href":"http:\/\/www.alfatecpy.com\/home\/wp-json\/wp\/v2\/comments?post=13170"}],"wp:featuredmedia":[{"embeddable":true,"href":"http:\/\/www.alfatecpy.com\/home\/wp-json\/wp\/v2\/media\/13171"}],"wp:attachment":[{"href":"http:\/\/www.alfatecpy.com\/home\/wp-json\/wp\/v2\/media?parent=13170"}],"curies":[{"name":"wp","href":"https:\/\/api.w.org\/{rel}","templated":true}]}}