{"id":12364,"date":"2022-06-01T18:26:14","date_gmt":"2022-06-01T16:26:14","guid":{"rendered":"http:\/\/www.alfatecpy.com\/home\/?post_type=product&#038;p=12364"},"modified":"2022-06-21T14:16:46","modified_gmt":"2022-06-21T12:16:46","slug":"grip-nikon-mb-d11-2","status":"publish","type":"product","link":"http:\/\/www.alfatecpy.com\/home\/producto\/grip-nikon-mb-d11-2\/","title":{"rendered":"GRIP NIKON MB-D80 PARA D80 o D90"},"content":{"rendered":"<div>\n<div class=\"productDescription_riPByZJPqM\" data-selenium=\"overviewLongDescription\">\n<div class=\"js-injected-html text_riPByZJPqM\">\n<p>tilice este\u00a0<b>paquete de bater\u00eda multialimentaci\u00f3n MB-D80 de Nikon<\/b>\u00a0para mejorar las capacidades de manejo o para prolongar la duraci\u00f3n de la bater\u00eda de su D80 o D90.\u00a0Este paquete de bater\u00edas acepta una o dos bater\u00edas de iones de litio EN-EL3e o seis bater\u00edas AA si se usa con el soporte de bater\u00edas AA MS-D200 incluido.\u00a0El dise\u00f1o de la empu\u00f1adura mejora el tiro vertical.\u00a0<span class=\"goog-text-highlight\">En su dise\u00f1o se incorporan un bot\u00f3n disparador adicional, un bot\u00f3n de bloqueo AE\/AF, multiselector y diales de control principal y secundario para un manejo m\u00e1s intuitivo.<\/span><\/p>\n<\/div>\n<\/div>\n<\/div>\n<div class=\"feature_riPByZJPqM\">\n<div class=\"upc_riPByZJPqM\"><img class=\"upcIcon_riPByZJPqM\" src=\"data:image\/png;base64,iVBORw0KGgoAAAANSUhEUgAAAA4AAAAPCAYAAADUFP50AAAAGXRFWHRTb2Z0d2FyZQBBZG9iZSBJbWFnZVJlYWR5ccllPAAAAyZpVFh0WE1MOmNvbS5hZG9iZS54bXAAAAAAADw\/eHBhY2tldCBiZWdpbj0i77u\/IiBpZD0iVzVNME1wQ2VoaUh6cmVTek5UY3prYzlkIj8+IDx4OnhtcG1ldGEgeG1sbnM6eD0iYWRvYmU6bnM6bWV0YS8iIHg6eG1wdGs9IkFkb2JlIFhNUCBDb3JlIDUuNi1jMDE0IDc5LjE1Njc5NywgMjAxNC8wOC8yMC0wOTo1MzowMiAgICAgICAgIj4gPHJkZjpSREYgeG1sbnM6cmRmPSJodHRwOi8vd3d3LnczLm9yZy8xOTk5LzAyLzIyLXJkZi1zeW50YXgtbnMjIj4gPHJkZjpEZXNjcmlwdGlvbiByZGY6YWJvdXQ9IiIgeG1sbnM6eG1wPSJodHRwOi8vbnMuYWRvYmUuY29tL3hhcC8xLjAvIiB4bWxuczp4bXBNTT0iaHR0cDovL25zLmFkb2JlLmNvbS94YXAvMS4wL21tLyIgeG1sbnM6c3RSZWY9Imh0dHA6Ly9ucy5hZG9iZS5jb20veGFwLzEuMC9zVHlwZS9SZXNvdXJjZVJlZiMiIHhtcDpDcmVhdG9yVG9vbD0iQWRvYmUgUGhvdG9zaG9wIENDIDIwMTQgKFdpbmRvd3MpIiB4bXBNTTpJbnN0YW5jZUlEPSJ4bXAuaWlkOjE0MjJGQTNCQ0U2QjExRTQ5ODUyRUQwRTYzODFCRjgzIiB4bXBNTTpEb2N1bWVudElEPSJ4bXAuZGlkOjE0MjJGQTNDQ0U2QjExRTQ5ODUyRUQwRTYzODFCRjgzIj4gPHhtcE1NOkRlcml2ZWRGcm9tIHN0UmVmOmluc3RhbmNlSUQ9InhtcC5paWQ6MTQyMkZBMzlDRTZCMTFFNDk4NTJFRDBFNjM4MUJGODMiIHN0UmVmOmRvY3VtZW50SUQ9InhtcC5kaWQ6MTQyMkZBM0FDRTZCMTFFNDk4NTJFRDBFNjM4MUJGODMiLz4gPC9yZGY6RGVzY3JpcHRpb24+IDwvcmRmOlJERj4gPC94OnhtcG1ldGE+IDw\/eHBhY2tldCBlbmQ9InIiPz7xOsSQAAAAMUlEQVR42mJ0c3P7z8DAwAjEIJoBiY1NDM5mYiATjGoc1ThUNLIgsRkJsJHFGAACDABOFwb1NjbLNAAAAABJRU5ErkJggg==\" data-selenium=\"overviewUpcImage\" \/><\/div>\n<\/div>\n","protected":false},"excerpt":{"rendered":"<p>*Regimen turistico<br \/>\n*No incluye IVA<\/p>\n","protected":false},"featured_media":12365,"comment_status":"open","ping_status":"closed","template":"","meta":[],"_links":{"self":[{"href":"http:\/\/www.alfatecpy.com\/home\/wp-json\/wp\/v2\/product\/12364"}],"collection":[{"href":"http:\/\/www.alfatecpy.com\/home\/wp-json\/wp\/v2\/product"}],"about":[{"href":"http:\/\/www.alfatecpy.com\/home\/wp-json\/wp\/v2\/types\/product"}],"replies":[{"embeddable":true,"href":"http:\/\/www.alfatecpy.com\/home\/wp-json\/wp\/v2\/comments?post=12364"}],"wp:featuredmedia":[{"embeddable":true,"href":"http:\/\/www.alfatecpy.com\/home\/wp-json\/wp\/v2\/media\/12365"}],"wp:attachment":[{"href":"http:\/\/www.alfatecpy.com\/home\/wp-json\/wp\/v2\/media?parent=12364"}],"curies":[{"name":"wp","href":"https:\/\/api.w.org\/{rel}","templated":true}]}}