{"id":12212,"date":"2022-05-31T19:03:50","date_gmt":"2022-05-31T17:03:50","guid":{"rendered":"http:\/\/www.alfatecpy.com\/home\/?post_type=product&#038;p=12212"},"modified":"2022-06-21T14:17:09","modified_gmt":"2022-06-21T12:17:09","slug":"grip-nikon-mb-d15-2","status":"publish","type":"product","link":"http:\/\/www.alfatecpy.com\/home\/producto\/grip-nikon-mb-d15-2\/","title":{"rendered":"GRIP NIKON MB-D15 PARA D7100 y D7200"},"content":{"rendered":"<div class=\"title_L6kDdYKxLS\">\n<h2 class=\"text_TAw0W35QK_ comfy_TAw0W35QK_ sizeTitle1_TAw0W35QK_ weightNormal_TAw0W35QK_ primary_i3MsQsqoe0\" data-selenium=\"overviewProductTitle\"><span>Descripci\u00f3n general\u00a0de Nikon MB-D15<\/span><\/h2>\n<\/div>\n<div class=\"overviewContent_L6kDdYKxLS\">\n<article class=\"content_L6kDdYKxLS\">\n<div>\n<div class=\"productDescription_riPByZJPqM\" data-selenium=\"overviewLongDescription\">\n<div class=\"js-injected-html text_riPByZJPqM\">\n<p><span>Dedicado a las c\u00e1maras r\u00e9flex digitales\u00a0<\/span><b><span>Nikon<\/span><\/b><span>\u00a0D7100 y D7200, el\u00a0<\/span><b><span>MB-D15 Multi Battery Power Pack<\/span><\/b><span>\u00a0ofrece tanto capacidades de manejo mejoradas como una mayor duraci\u00f3n de la bater\u00eda durante la captura.\u00a0<span class=\"goog-text-highlight\">Acepta un paquete de bater\u00edas de iones de litio EN-EL15 adicional para aumentar la vida \u00fatil de la bater\u00eda de la c\u00e1mara o, alternativamente, se pueden usar seis bater\u00edas AA junto con el soporte de bater\u00eda AA MS-D14 incluido.\u00a0<\/span>El dise\u00f1o de la empu\u00f1adura mejora el disparo en orientaci\u00f3n vertical y tambi\u00e9n proporciona una estructura general m\u00e1s ergon\u00f3mica para sujetar la c\u00e1mara.\u00a0Un bot\u00f3n disparador adicional, un bot\u00f3n de bloqueo AE\/AF, un multiselector y diales de control principal y secundario est\u00e1n todos incorporados en el dise\u00f1o de la empu\u00f1adura para beneficiar un manejo m\u00e1s natural e intuitivo.<\/span><\/p>\n<\/div>\n<\/div>\n<\/div>\n<div class=\"feature_riPByZJPqM\">\n<div class=\"upc_riPByZJPqM\"><img class=\"upcIcon_riPByZJPqM\" src=\"data:image\/png;base64,iVBORw0KGgoAAAANSUhEUgAAAA4AAAAPCAYAAADUFP50AAAAGXRFWHRTb2Z0d2FyZQBBZG9iZSBJbWFnZVJlYWR5ccllPAAAAyZpVFh0WE1MOmNvbS5hZG9iZS54bXAAAAAAADw\/eHBhY2tldCBiZWdpbj0i77u\/IiBpZD0iVzVNME1wQ2VoaUh6cmVTek5UY3prYzlkIj8+IDx4OnhtcG1ldGEgeG1sbnM6eD0iYWRvYmU6bnM6bWV0YS8iIHg6eG1wdGs9IkFkb2JlIFhNUCBDb3JlIDUuNi1jMDE0IDc5LjE1Njc5NywgMjAxNC8wOC8yMC0wOTo1MzowMiAgICAgICAgIj4gPHJkZjpSREYgeG1sbnM6cmRmPSJodHRwOi8vd3d3LnczLm9yZy8xOTk5LzAyLzIyLXJkZi1zeW50YXgtbnMjIj4gPHJkZjpEZXNjcmlwdGlvbiByZGY6YWJvdXQ9IiIgeG1sbnM6eG1wPSJodHRwOi8vbnMuYWRvYmUuY29tL3hhcC8xLjAvIiB4bWxuczp4bXBNTT0iaHR0cDovL25zLmFkb2JlLmNvbS94YXAvMS4wL21tLyIgeG1sbnM6c3RSZWY9Imh0dHA6Ly9ucy5hZG9iZS5jb20veGFwLzEuMC9zVHlwZS9SZXNvdXJjZVJlZiMiIHhtcDpDcmVhdG9yVG9vbD0iQWRvYmUgUGhvdG9zaG9wIENDIDIwMTQgKFdpbmRvd3MpIiB4bXBNTTpJbnN0YW5jZUlEPSJ4bXAuaWlkOjE0MjJGQTNCQ0U2QjExRTQ5ODUyRUQwRTYzODFCRjgzIiB4bXBNTTpEb2N1bWVudElEPSJ4bXAuZGlkOjE0MjJGQTNDQ0U2QjExRTQ5ODUyRUQwRTYzODFCRjgzIj4gPHhtcE1NOkRlcml2ZWRGcm9tIHN0UmVmOmluc3RhbmNlSUQ9InhtcC5paWQ6MTQyMkZBMzlDRTZCMTFFNDk4NTJFRDBFNjM4MUJGODMiIHN0UmVmOmRvY3VtZW50SUQ9InhtcC5kaWQ6MTQyMkZBM0FDRTZCMTFFNDk4NTJFRDBFNjM4MUJGODMiLz4gPC9yZGY6RGVzY3JpcHRpb24+IDwvcmRmOlJERj4gPC94OnhtcG1ldGE+IDw\/eHBhY2tldCBlbmQ9InIiPz7xOsSQAAAAMUlEQVR42mJ0c3P7z8DAwAjEIJoBiY1NDM5mYiATjGoc1ThUNLIgsRkJsJHFGAACDABOFwb1NjbLNAAAAABJRU5ErkJggg==\" data-selenium=\"overviewUpcImage\" \/><\/div>\n<\/div>\n<\/article>\n<\/div>\n","protected":false},"excerpt":{"rendered":"<p>*Regimen turistico<br \/>\n*No incluye IVA<\/p>\n","protected":false},"featured_media":12213,"comment_status":"open","ping_status":"closed","template":"","meta":[],"_links":{"self":[{"href":"http:\/\/www.alfatecpy.com\/home\/wp-json\/wp\/v2\/product\/12212"}],"collection":[{"href":"http:\/\/www.alfatecpy.com\/home\/wp-json\/wp\/v2\/product"}],"about":[{"href":"http:\/\/www.alfatecpy.com\/home\/wp-json\/wp\/v2\/types\/product"}],"replies":[{"embeddable":true,"href":"http:\/\/www.alfatecpy.com\/home\/wp-json\/wp\/v2\/comments?post=12212"}],"wp:featuredmedia":[{"embeddable":true,"href":"http:\/\/www.alfatecpy.com\/home\/wp-json\/wp\/v2\/media\/12213"}],"wp:attachment":[{"href":"http:\/\/www.alfatecpy.com\/home\/wp-json\/wp\/v2\/media?parent=12212"}],"curies":[{"name":"wp","href":"https:\/\/api.w.org\/{rel}","templated":true}]}}