{"id":12207,"date":"2022-05-31T19:00:14","date_gmt":"2022-05-31T17:00:14","guid":{"rendered":"http:\/\/www.alfatecpy.com\/home\/?post_type=product&#038;p=12207"},"modified":"2022-06-21T14:20:16","modified_gmt":"2022-06-21T12:20:16","slug":"grip-nikon-mb-d10","status":"publish","type":"product","link":"http:\/\/www.alfatecpy.com\/home\/producto\/grip-nikon-mb-d10\/","title":{"rendered":"GRIP NIKON MB-D10 PARA D700, D300, Y D300s"},"content":{"rendered":"<p>Utilice esta\u00a0<b>empu\u00f1adura de bater\u00eda multialimentaci\u00f3n MB-D10 de Nikon<\/b>\u00a0para mejorar las capacidades de manejo o para prolongar la duraci\u00f3n de la bater\u00eda de su D700, D300 o D300s.\u00a0Este paquete de bater\u00edas acepta una bater\u00eda de iones de litio EN-EL3e o EN-EL4a u ocho bater\u00edas AA si se usa con el soporte de bater\u00edas AA MS-D10 incluido.\u00a0<span class=\"goog-text-highlight\">El dise\u00f1o de la empu\u00f1adura mejora el tiro vertical.\u00a0<\/span>En su dise\u00f1o se incorporan un bot\u00f3n disparador adicional, un bot\u00f3n de bloqueo AE\/AF, multiselector y diales de control principal y secundario para un manejo m\u00e1s intuitivo.<\/p>\n","protected":false},"excerpt":{"rendered":"<p>*Regimen turistico<br \/>\n*No incluye IVA<\/p>\n","protected":false},"featured_media":13139,"comment_status":"open","ping_status":"closed","template":"","meta":[],"_links":{"self":[{"href":"http:\/\/www.alfatecpy.com\/home\/wp-json\/wp\/v2\/product\/12207"}],"collection":[{"href":"http:\/\/www.alfatecpy.com\/home\/wp-json\/wp\/v2\/product"}],"about":[{"href":"http:\/\/www.alfatecpy.com\/home\/wp-json\/wp\/v2\/types\/product"}],"replies":[{"embeddable":true,"href":"http:\/\/www.alfatecpy.com\/home\/wp-json\/wp\/v2\/comments?post=12207"}],"wp:featuredmedia":[{"embeddable":true,"href":"http:\/\/www.alfatecpy.com\/home\/wp-json\/wp\/v2\/media\/13139"}],"wp:attachment":[{"href":"http:\/\/www.alfatecpy.com\/home\/wp-json\/wp\/v2\/media?parent=12207"}],"curies":[{"name":"wp","href":"https:\/\/api.w.org\/{rel}","templated":true}]}}