{"id":12189,"date":"2022-05-31T18:39:53","date_gmt":"2022-05-31T16:39:53","guid":{"rendered":"http:\/\/www.alfatecpy.com\/home\/?post_type=product&#038;p=12189"},"modified":"2022-06-21T14:20:40","modified_gmt":"2022-06-21T12:20:40","slug":"grip-canon-bg-e2n","status":"publish","type":"product","link":"http:\/\/www.alfatecpy.com\/home\/producto\/grip-canon-bg-e2n\/","title":{"rendered":"GRIP CANON BG-E2N PARA EOS 20D, 30D, 40D, &#038; 50D"},"content":{"rendered":"<div class=\"title_L6kDdYKxLS\">\n<h2 class=\"text_TAw0W35QK_ comfy_TAw0W35QK_ sizeTitle1_TAw0W35QK_ weightNormal_TAw0W35QK_ primary_i3MsQsqoe0\" data-selenium=\"overviewProductTitle\"><span><span class=\"goog-text-highlight\">Descripci\u00f3n general\u00a0<\/span><span class=\"goog-text-highlight\">de Canon BG-E2N<\/span><\/span><\/h2>\n<\/div>\n<div class=\"overviewContent_L6kDdYKxLS\">\n<article class=\"content_L6kDdYKxLS\">\n<div>\n<div class=\"productDescription_riPByZJPqM\" data-selenium=\"overviewLongDescription\">\n<div class=\"js-injected-html text_riPByZJPqM\">\n<p><span>El\u00a0<\/span><strong><span>portapilas\/agarre vertical BG-E2N de Canon<\/span><\/strong><span>\u00a0agrega un disparador vertical y es compatible con hasta dos paquetes de bater\u00edas de iones de litio BP-511, 511A, 512 o 514, o seis pilas AA con el portapilas BGM-E2 incluido .\u00a0El BG-E2N proporciona un disparador adicional, un dial principal, bloqueo AE\/bloqueo FE y controles de selecci\u00f3n de punto AF para facilitar el disparo vertical, as\u00ed como una rosca de montaje de tr\u00edpode de tama\u00f1o 1\/4-20.<\/span><\/p>\n<p><span>La BG-E2N reemplaza y mejora la empu\u00f1adura BG-E2 original de Canon al agregar sellos resistentes al agua y a la suciedad para una mayor durabilidad y para igualar la capacidad de resistencia al agua del cuerpo de la c\u00e1mara EOS 40D.\u00a0Tambi\u00e9n es compatible con las Canon EOS 20D, 30D y 50D.<\/span><\/p>\n<\/div>\n<\/div>\n<\/div>\n<\/article>\n<\/div>\n","protected":false},"excerpt":{"rendered":"<p>*Regimen turistico<br \/>\n*No incluye IVA<\/p>\n","protected":false},"featured_media":12190,"comment_status":"open","ping_status":"closed","template":"","meta":[],"_links":{"self":[{"href":"http:\/\/www.alfatecpy.com\/home\/wp-json\/wp\/v2\/product\/12189"}],"collection":[{"href":"http:\/\/www.alfatecpy.com\/home\/wp-json\/wp\/v2\/product"}],"about":[{"href":"http:\/\/www.alfatecpy.com\/home\/wp-json\/wp\/v2\/types\/product"}],"replies":[{"embeddable":true,"href":"http:\/\/www.alfatecpy.com\/home\/wp-json\/wp\/v2\/comments?post=12189"}],"wp:featuredmedia":[{"embeddable":true,"href":"http:\/\/www.alfatecpy.com\/home\/wp-json\/wp\/v2\/media\/12190"}],"wp:attachment":[{"href":"http:\/\/www.alfatecpy.com\/home\/wp-json\/wp\/v2\/media?parent=12189"}],"curies":[{"name":"wp","href":"https:\/\/api.w.org\/{rel}","templated":true}]}}