{"id":12186,"date":"2022-05-31T18:37:03","date_gmt":"2022-05-31T16:37:03","guid":{"rendered":"http:\/\/www.alfatecpy.com\/home\/?post_type=product&#038;p=12186"},"modified":"2022-06-21T14:20:50","modified_gmt":"2022-06-21T12:20:50","slug":"grip-canon-bg-e14","status":"publish","type":"product","link":"http:\/\/www.alfatecpy.com\/home\/producto\/grip-canon-bg-e14\/","title":{"rendered":"GRIP CANON BG-E14 PARA EOS 70D, 80D, and 90D"},"content":{"rendered":"<div class=\"title_L6kDdYKxLS\">\n<h2 class=\"text_TAw0W35QK_ comfy_TAw0W35QK_ sizeTitle1_TAw0W35QK_ weightNormal_TAw0W35QK_ primary_i3MsQsqoe0\" data-selenium=\"overviewProductTitle\"><span>Descripci\u00f3n general\u00a0de Canon BG-E14<\/span><\/h2>\n<\/div>\n<div class=\"overviewContent_L6kDdYKxLS\">\n<article class=\"content_L6kDdYKxLS\">\n<div>\n<div class=\"productDescription_riPByZJPqM\" data-selenium=\"overviewLongDescription\">\n<div class=\"js-injected-html text_riPByZJPqM\">\n<p><span>La\u00a0<\/span><b><span>empu\u00f1adura de bater\u00eda Canon BG-E14<\/span><\/b><span>\u00a0es compatible con las c\u00e1maras r\u00e9flex digitales Canon EOS 70D, 80D y 90D y proporciona un manejo mejorado, un control vers\u00e1til y una mayor duraci\u00f3n de la bater\u00eda cuando est\u00e1 en uso.\u00a0Acepta hasta dos paquetes de bater\u00edas de iones de litio LP-E6 para duplicar efectivamente la duraci\u00f3n de la bater\u00eda de la c\u00e1mara.\u00a0Tambi\u00e9n se pueden usar seis bater\u00edas AA, as\u00ed como el kit de adaptador de CA ACK-E6 opcional para energ\u00eda continua.<\/span><\/p>\n<p><span>El dise\u00f1o de la empu\u00f1adura mejora el disparo en orientaci\u00f3n vertical y proporciona una estructura general m\u00e1s ergon\u00f3mica para sujetar la 70D.\u00a0<span class=\"goog-text-highlight\">Un segundo disparador, el dial principal, el controlador m\u00faltiple, el bot\u00f3n de selecci\u00f3n del punto AF, el bot\u00f3n de bloqueo AE\/FE, el bot\u00f3n de inicio AF y el bot\u00f3n multifunci\u00f3n est\u00e1n integrados en la empu\u00f1adura para un manejo mejorado y vers\u00e1til.<\/span><\/span><\/p>\n<\/div>\n<\/div>\n<\/div>\n<div class=\"feature_riPByZJPqM\">\n<div class=\"upc_riPByZJPqM\"><img class=\"upcIcon_riPByZJPqM\" src=\"data:image\/png;base64,iVBORw0KGgoAAAANSUhEUgAAAA4AAAAPCAYAAADUFP50AAAAGXRFWHRTb2Z0d2FyZQBBZG9iZSBJbWFnZVJlYWR5ccllPAAAAyZpVFh0WE1MOmNvbS5hZG9iZS54bXAAAAAAADw\/eHBhY2tldCBiZWdpbj0i77u\/IiBpZD0iVzVNME1wQ2VoaUh6cmVTek5UY3prYzlkIj8+IDx4OnhtcG1ldGEgeG1sbnM6eD0iYWRvYmU6bnM6bWV0YS8iIHg6eG1wdGs9IkFkb2JlIFhNUCBDb3JlIDUuNi1jMDE0IDc5LjE1Njc5NywgMjAxNC8wOC8yMC0wOTo1MzowMiAgICAgICAgIj4gPHJkZjpSREYgeG1sbnM6cmRmPSJodHRwOi8vd3d3LnczLm9yZy8xOTk5LzAyLzIyLXJkZi1zeW50YXgtbnMjIj4gPHJkZjpEZXNjcmlwdGlvbiByZGY6YWJvdXQ9IiIgeG1sbnM6eG1wPSJodHRwOi8vbnMuYWRvYmUuY29tL3hhcC8xLjAvIiB4bWxuczp4bXBNTT0iaHR0cDovL25zLmFkb2JlLmNvbS94YXAvMS4wL21tLyIgeG1sbnM6c3RSZWY9Imh0dHA6Ly9ucy5hZG9iZS5jb20veGFwLzEuMC9zVHlwZS9SZXNvdXJjZVJlZiMiIHhtcDpDcmVhdG9yVG9vbD0iQWRvYmUgUGhvdG9zaG9wIENDIDIwMTQgKFdpbmRvd3MpIiB4bXBNTTpJbnN0YW5jZUlEPSJ4bXAuaWlkOjE0MjJGQTNCQ0U2QjExRTQ5ODUyRUQwRTYzODFCRjgzIiB4bXBNTTpEb2N1bWVudElEPSJ4bXAuZGlkOjE0MjJGQTNDQ0U2QjExRTQ5ODUyRUQwRTYzODFCRjgzIj4gPHhtcE1NOkRlcml2ZWRGcm9tIHN0UmVmOmluc3RhbmNlSUQ9InhtcC5paWQ6MTQyMkZBMzlDRTZCMTFFNDk4NTJFRDBFNjM4MUJGODMiIHN0UmVmOmRvY3VtZW50SUQ9InhtcC5kaWQ6MTQyMkZBM0FDRTZCMTFFNDk4NTJFRDBFNjM4MUJGODMiLz4gPC9yZGY6RGVzY3JpcHRpb24+IDwvcmRmOlJERj4gPC94OnhtcG1ldGE+IDw\/eHBhY2tldCBlbmQ9InIiPz7xOsSQAAAAMUlEQVR42mJ0c3P7z8DAwAjEIJoBiY1NDM5mYiATjGoc1ThUNLIgsRkJsJHFGAACDABOFwb1NjbLNAAAAABJRU5ErkJggg==\" data-selenium=\"overviewUpcImage\" \/><\/div>\n<\/div>\n<\/article>\n<\/div>\n","protected":false},"excerpt":{"rendered":"<p>*Regimen turistico<br \/>\n*No incluye IVA<\/p>\n","protected":false},"featured_media":12187,"comment_status":"open","ping_status":"closed","template":"","meta":[],"_links":{"self":[{"href":"http:\/\/www.alfatecpy.com\/home\/wp-json\/wp\/v2\/product\/12186"}],"collection":[{"href":"http:\/\/www.alfatecpy.com\/home\/wp-json\/wp\/v2\/product"}],"about":[{"href":"http:\/\/www.alfatecpy.com\/home\/wp-json\/wp\/v2\/types\/product"}],"replies":[{"embeddable":true,"href":"http:\/\/www.alfatecpy.com\/home\/wp-json\/wp\/v2\/comments?post=12186"}],"wp:featuredmedia":[{"embeddable":true,"href":"http:\/\/www.alfatecpy.com\/home\/wp-json\/wp\/v2\/media\/12187"}],"wp:attachment":[{"href":"http:\/\/www.alfatecpy.com\/home\/wp-json\/wp\/v2\/media?parent=12186"}],"curies":[{"name":"wp","href":"https:\/\/api.w.org\/{rel}","templated":true}]}}