{"id":12182,"date":"2022-05-31T18:34:25","date_gmt":"2022-05-31T16:34:25","guid":{"rendered":"http:\/\/www.alfatecpy.com\/home\/?post_type=product&#038;p=12182"},"modified":"2022-06-21T14:21:06","modified_gmt":"2022-06-21T12:21:06","slug":"grip-canon-bg-e13","status":"publish","type":"product","link":"http:\/\/www.alfatecpy.com\/home\/producto\/grip-canon-bg-e13\/","title":{"rendered":"GRIP CANON BG-E13 PARA EOS 6D"},"content":{"rendered":"<div>\n<div class=\"productDescription_riPByZJPqM\" data-selenium=\"overviewLongDescription\">\n<div class=\"js-injected-html text_riPByZJPqM\">\n<p><span>La\u00a0<\/span><b><span>empu\u00f1adura de bater\u00eda BG-E13 para Canon EOS 6D<\/span><\/b><span>\u00a0\u00a0de\u00a0\u00a0<\/span><strong><span>Canon<\/span><\/strong><span>\u00a0\u00a0es una empu\u00f1adura de bater\u00eda dise\u00f1ada para usarse espec\u00edficamente con la c\u00e1mara SLR digital Canon EOS 6D y acepta una o dos bater\u00edas Canon LP-E6.\u00a0Con dos bater\u00edas instaladas, su tiempo de disparo se duplica efectivamente.\u00a0Adem\u00e1s, cuando se agota una bater\u00eda, se puede quitar y recargar mientras contin\u00faa disparando con la otra bater\u00eda.\u00a0Adem\u00e1s, el BG-E13 puede utilizar 6 pilas AA y viene con una bandeja de pilas dise\u00f1ada para albergar 6 pilas AA\/LR6.\u00a0Tambi\u00e9n se puede alimentar con el kit de adaptador de CA ACK-E6 opcional, que proporciona una fuente de alimentaci\u00f3n ininterrumpida.<\/span><\/p>\n<p><span>El dise\u00f1o curvo de una empu\u00f1adura de bater\u00eda ofrece una forma c\u00f3moda y segura de sostener su DSLR, especialmente en posici\u00f3n vertical.\u00a0<span class=\"goog-text-highlight\">Y la BG-E13 viene con un disparador alternativo, un bot\u00f3n de inicio de AF, un bot\u00f3n de selecci\u00f3n de punto de AF, un bot\u00f3n de bloqueo AE\/bloqueo FE, un controlador m\u00faltiple, un bot\u00f3n multifunci\u00f3n y un dial principal para facilitar el disparo cuando se mantiene en posici\u00f3n vertical.\u00a0<\/span>La BG-E13 est\u00e1 dise\u00f1ada con una empu\u00f1adura de goma antideslizante para mejorar a\u00fan m\u00e1s el manejo, una toma de tr\u00edpode para montar la c\u00e1mara directamente en un tr\u00edpode y un toque maravilloso: un soporte para la tapa de la bater\u00eda de la c\u00e1mara para no perderla cuando la empu\u00f1adura de la bater\u00eda esta instalado.<\/span><\/p>\n<\/div>\n<\/div>\n<\/div>\n<div class=\"feature_riPByZJPqM\">\n<div class=\"feature_riPByZJPqM\">\n<div>\n<div class=\"feature_riPByZJPqM\">\n<div class=\"descriptionAsTitle_riPByZJPqM\">\n<div class=\"js-injected-html text_riPByZJPqM\"><span>Compatible con la c\u00e1mara r\u00e9flex digital Canon EOS 6D.<\/span><\/div>\n<\/div>\n<\/div>\n<\/div>\n<div>\n<div class=\"feature_riPByZJPqM\">\n<div class=\"descriptionAsTitle_riPByZJPqM\">\n<div class=\"js-injected-html text_riPByZJPqM\"><span>Proporciona un manejo c\u00f3modo y seguro cuando se dispara en posici\u00f3n vertical, incluido un disparador secundario, un bot\u00f3n de inicio AF, un bot\u00f3n de selecci\u00f3n de punto AF, un bot\u00f3n de bloqueo AE\/bloqueo FE, un controlador m\u00faltiple, un bot\u00f3n multifunci\u00f3n y un dial principal.<\/span><\/div>\n<\/div>\n<\/div>\n<\/div>\n<div>\n<div class=\"feature_riPByZJPqM\">\n<div class=\"descriptionAsTitle_riPByZJPqM\">\n<div class=\"js-injected-html text_riPByZJPqM\"><span>Acepta hasta 2 bater\u00edas LP-E6 para duplicar efectivamente la duraci\u00f3n de la bater\u00eda de la c\u00e1mara.<\/span><\/div>\n<\/div>\n<\/div>\n<\/div>\n<div>\n<div class=\"feature_riPByZJPqM\">\n<div class=\"descriptionAsTitle_riPByZJPqM\">\n<div class=\"js-injected-html text_riPByZJPqM\"><span>El portapilas AA incluido le permite utilizar 6 pilas AA para mayor comodidad.<\/span><\/div>\n<\/div>\n<\/div>\n<\/div>\n<div>\n<div class=\"feature_riPByZJPqM\">\n<div class=\"descriptionAsTitle_riPByZJPqM\">\n<div class=\"js-injected-html text_riPByZJPqM\"><span>Compatible con el kit de adaptador de CA ACK-E6 opcional.<\/span><\/div>\n<\/div>\n<\/div>\n<\/div>\n<div>\n<div class=\"feature_riPByZJPqM\">\n<div class=\"descriptionAsTitle_riPByZJPqM\">\n<div class=\"js-injected-html text_riPByZJPqM\"><span>Cuenta con agarre de goma antideslizante y una puerta de la c\u00e1mara de la bater\u00eda con cierre seguro.<\/span><\/div>\n<\/div>\n<\/div>\n<\/div>\n<div>\n<div class=\"feature_riPByZJPqM\">\n<div class=\"descriptionAsTitle_riPByZJPqM\">\n<div class=\"js-injected-html text_riPByZJPqM\"><span>Contiene un soporte de la puerta de la bater\u00eda de la c\u00e1mara para guardar la puerta de la c\u00e1mara de la bater\u00eda cuando se monta la empu\u00f1adura.<\/span><\/div>\n<\/div>\n<\/div>\n<\/div>\n<\/div>\n<\/div>\n","protected":false},"excerpt":{"rendered":"<p>*Regimen turistico<br \/>\n*No incluye IVA<\/p>\n","protected":false},"featured_media":12183,"comment_status":"open","ping_status":"closed","template":"","meta":[],"_links":{"self":[{"href":"http:\/\/www.alfatecpy.com\/home\/wp-json\/wp\/v2\/product\/12182"}],"collection":[{"href":"http:\/\/www.alfatecpy.com\/home\/wp-json\/wp\/v2\/product"}],"about":[{"href":"http:\/\/www.alfatecpy.com\/home\/wp-json\/wp\/v2\/types\/product"}],"replies":[{"embeddable":true,"href":"http:\/\/www.alfatecpy.com\/home\/wp-json\/wp\/v2\/comments?post=12182"}],"wp:featuredmedia":[{"embeddable":true,"href":"http:\/\/www.alfatecpy.com\/home\/wp-json\/wp\/v2\/media\/12183"}],"wp:attachment":[{"href":"http:\/\/www.alfatecpy.com\/home\/wp-json\/wp\/v2\/media?parent=12182"}],"curies":[{"name":"wp","href":"https:\/\/api.w.org\/{rel}","templated":true}]}}