{"id":12175,"date":"2022-05-31T18:28:40","date_gmt":"2022-05-31T16:28:40","guid":{"rendered":"http:\/\/www.alfatecpy.com\/home\/?post_type=product&#038;p=12175"},"modified":"2022-06-21T14:25:59","modified_gmt":"2022-06-21T12:25:59","slug":"grip-canon-bg-e8","status":"publish","type":"product","link":"http:\/\/www.alfatecpy.com\/home\/producto\/grip-canon-bg-e8\/","title":{"rendered":"GRIP CANON BG-E8 PARA EOS Rebel T2i, T3i, T4i &#038; T5i"},"content":{"rendered":"<div>\n<div class=\"productDescription_riPByZJPqM\" data-selenium=\"overviewLongDescription\">\n<div class=\"js-injected-html text_riPByZJPqM\">\n<p><span class=\"goog-text-highlight\">La <\/span><b><span class=\"goog-text-highlight\">empu\u00f1adura de bater\u00eda BG-E8 de Canon<\/span><\/b><span class=\"goog-text-highlight\">\u00a0\u00a0para las c\u00e1maras DSLR EOS Digital Rebel T2i, T3i, T4i y T5i admite hasta (2) paquetes de bater\u00edas LP-E8 simult\u00e1neamente para duplicar efectivamente su potencia de disparo, adem\u00e1s la empu\u00f1adura incluye un soporte para usar (6 ) Pilas AA.\u00a0<\/span>Adem\u00e1s, la empu\u00f1adura incluye un disparador vertical y una rueda de modo para brindar acceso a todas las funciones de la c\u00e1mara y hacer que disparar con la c\u00e1mara en posici\u00f3n vertical sea tan c\u00f3modo como disparar horizontalmente.<\/p>\n<\/div>\n<\/div>\n<\/div>\n<div class=\"feature_riPByZJPqM\">\n<div class=\"feature_riPByZJPqM\">\n<div class=\"feature_riPByZJPqM\">\n<div class=\"featureHeader_riPByZJPqM\">\n<h2 class=\"text_TAw0W35QK_ comfy_TAw0W35QK_ sizeTitle2_TAw0W35QK_ weightNormal_TAw0W35QK_ primary_i3MsQsqoe0\">Compatibilidad<\/h2>\n<\/div>\n<div>\n<div class=\"js-injected-html text_riPByZJPqM\">Esta empu\u00f1adura es compatible con los cuerpos de las c\u00e1maras DSLR T2i, T3i, T4i y T5i.<\/div>\n<\/div>\n<\/div>\n<\/div>\n<\/div>\n","protected":false},"excerpt":{"rendered":"<p>*Regimen turistico<br \/>\n*No incluye IVA<\/p>\n","protected":false},"featured_media":12176,"comment_status":"open","ping_status":"closed","template":"","meta":[],"_links":{"self":[{"href":"http:\/\/www.alfatecpy.com\/home\/wp-json\/wp\/v2\/product\/12175"}],"collection":[{"href":"http:\/\/www.alfatecpy.com\/home\/wp-json\/wp\/v2\/product"}],"about":[{"href":"http:\/\/www.alfatecpy.com\/home\/wp-json\/wp\/v2\/types\/product"}],"replies":[{"embeddable":true,"href":"http:\/\/www.alfatecpy.com\/home\/wp-json\/wp\/v2\/comments?post=12175"}],"wp:featuredmedia":[{"embeddable":true,"href":"http:\/\/www.alfatecpy.com\/home\/wp-json\/wp\/v2\/media\/12176"}],"wp:attachment":[{"href":"http:\/\/www.alfatecpy.com\/home\/wp-json\/wp\/v2\/media?parent=12175"}],"curies":[{"name":"wp","href":"https:\/\/api.w.org\/{rel}","templated":true}]}}