{"id":12161,"date":"2022-05-31T18:17:56","date_gmt":"2022-05-31T16:17:56","guid":{"rendered":"http:\/\/www.alfatecpy.com\/home\/?post_type=product&#038;p=12161"},"modified":"2022-06-21T14:26:16","modified_gmt":"2022-06-21T12:26:16","slug":"grip-canon-bg-e4","status":"publish","type":"product","link":"http:\/\/www.alfatecpy.com\/home\/producto\/grip-canon-bg-e4\/","title":{"rendered":"GRIP CANON BG-E4 PARA EOS 5D"},"content":{"rendered":"<div>\n<div class=\"productDescription_riPByZJPqM\" data-selenium=\"overviewLongDescription\">\n<div class=\"js-injected-html text_riPByZJPqM\">\n<p><span><span class=\"goog-text-highlight\">El soporte de\u00a0<\/span><\/span><b><span><span class=\"goog-text-highlight\">bater\u00eda\/agarre vertical Canon BG-E4<\/span><\/span><\/b><span><span class=\"goog-text-highlight\">\u00a0es un accesorio para su c\u00e1mara EOS 5D que mejora el manejo de la c\u00e1mara.\u00a0<\/span>La BG-E4 tambi\u00e9n agrega un bot\u00f3n de obturador vertical, un dial de control principal, un bot\u00f3n de bloqueo AE\/FE, un selector de punto AF y duplica el tiempo de disparo potencial.<\/span><\/p>\n<p><span>La BG-E4, fabricada con la misma construcci\u00f3n de aleaci\u00f3n de magnesio que la propia c\u00e1mara 5D, admite hasta 2 bater\u00edas BP-511\/511A\/512\/514.\u00a0<span class=\"\">Alternativamente, puede usar 6 bater\u00edas \u00abAA\u00bb (solo en temperaturas superiores a 50 \u00b0F\/10 \u00b0C).<\/span><\/span><\/p>\n<p><span>El disparador vertical y el dial de control principal ayudan a que disparar con la c\u00e1mara en posici\u00f3n vertical sea tan c\u00f3modo como disparar horizontalmente, y el BG-E4 agrega un tercer ojal de correa a la c\u00e1mara para que pueda usar la correa de mano E1 opcional.<\/span><\/p>\n<\/div>\n<\/div>\n<\/div>\n<div class=\"feature_riPByZJPqM\">\n<div class=\"feature_riPByZJPqM\">\n<div>\n<div class=\"feature_riPByZJPqM\">\n<div class=\"descriptionAsTitle_riPByZJPqM\">\n<div class=\"js-injected-html text_riPByZJPqM\"><span>Hecho exclusivamente para la c\u00e1mara Canon EOS 5D<\/span><\/div>\n<\/div>\n<\/div>\n<\/div>\n<div>\n<div class=\"feature_riPByZJPqM\">\n<div class=\"descriptionAsTitle_riPByZJPqM\">\n<div class=\"js-injected-html text_riPByZJPqM\"><span>Mejora el manejo de la c\u00e1mara y agrega un bot\u00f3n de obturador vertical, dial de control principal, bot\u00f3n de bloqueo AE\/FE y selector de punto AF<\/span><\/div>\n<\/div>\n<\/div>\n<\/div>\n<div>\n<div class=\"feature_riPByZJPqM\">\n<div class=\"descriptionAsTitle_riPByZJPqM\">\n<div class=\"js-injected-html text_riPByZJPqM\"><span>Construcci\u00f3n de aleaci\u00f3n de magnesio<\/span><\/div>\n<\/div>\n<\/div>\n<\/div>\n<div>\n<div class=\"feature_riPByZJPqM\">\n<div class=\"descriptionAsTitle_riPByZJPqM\">\n<div class=\"js-injected-html text_riPByZJPqM\"><span>Duplica el tiempo de disparo<\/span><\/div>\n<\/div>\n<\/div>\n<\/div>\n<div>\n<div class=\"feature_riPByZJPqM\">\n<div class=\"descriptionAsTitle_riPByZJPqM\">\n<div class=\"js-injected-html text_riPByZJPqM\"><span>Capacidad para 2 bater\u00edas BP-511\/511A\/512\/514 o 6 bater\u00edas \u00abAA\u00bb (las bater\u00edas AA no se deben usar por debajo de 50 \u00b0F\/10 \u00b0C)<\/span><\/div>\n<\/div>\n<\/div>\n<\/div>\n<div>\n<div class=\"feature_riPByZJPqM\">\n<div class=\"descriptionAsTitle_riPByZJPqM\">\n<div class=\"js-injected-html text_riPByZJPqM\"><span>Agrega ojal para correa de mano<\/span><\/div>\n<\/div>\n<\/div>\n<\/div>\n<\/div>\n<\/div>\n","protected":false},"excerpt":{"rendered":"<p>*Regimen turistico<br \/>\n*No incluye IVA<\/p>\n","protected":false},"featured_media":12164,"comment_status":"open","ping_status":"closed","template":"","meta":[],"_links":{"self":[{"href":"http:\/\/www.alfatecpy.com\/home\/wp-json\/wp\/v2\/product\/12161"}],"collection":[{"href":"http:\/\/www.alfatecpy.com\/home\/wp-json\/wp\/v2\/product"}],"about":[{"href":"http:\/\/www.alfatecpy.com\/home\/wp-json\/wp\/v2\/types\/product"}],"replies":[{"embeddable":true,"href":"http:\/\/www.alfatecpy.com\/home\/wp-json\/wp\/v2\/comments?post=12161"}],"wp:featuredmedia":[{"embeddable":true,"href":"http:\/\/www.alfatecpy.com\/home\/wp-json\/wp\/v2\/media\/12164"}],"wp:attachment":[{"href":"http:\/\/www.alfatecpy.com\/home\/wp-json\/wp\/v2\/media?parent=12161"}],"curies":[{"name":"wp","href":"https:\/\/api.w.org\/{rel}","templated":true}]}}