{"id":12003,"date":"2022-05-30T17:48:14","date_gmt":"2022-05-30T15:48:14","guid":{"rendered":"http:\/\/www.alfatecpy.com\/home\/?post_type=product&#038;p=12003"},"modified":"2022-06-21T14:59:17","modified_gmt":"2022-06-21T12:59:17","slug":"disparador-hahnel-combi-tf-para-nikon","status":"publish","type":"product","link":"http:\/\/www.alfatecpy.com\/home\/producto\/disparador-hahnel-combi-tf-para-nikon\/","title":{"rendered":"disparador Hahnel ComBI TF, PARA NIKON"},"content":{"rendered":"<p>La captura de im\u00e1genes en el estudio o fuera de la ubicaci\u00f3n &#8211; el\u00a0<strong>control remoto Combi TF y disparador de flash<\/strong>\u00a0de\u00a0<strong>Hahnel<\/strong>\u00a0agrega flexibilidad y versatilidad a su estilo fotogr\u00e1fico.\u00a0Shooting de forma inal\u00e1mbrica le permite hacer cosas que no sean de pie detr\u00e1s de la c\u00e1mara, es decir, se puede interactuar con un modelo, experimentar con diferentes perspectivas de disparo o de pato fuera de la vista de la fauna esquiva &#8211; todo esto y m\u00e1s sin perder un momento.\u00a0Esta TF Combi particular es compatible con las c\u00e1maras digitales Nikon<\/p>\n<p>El Combi TF opera a trav\u00e9s de la frecuencia FSK 2,4 GHz fiable para un alcance de hasta 320 &#8216;(100 m).\u00a0Una l\u00ednea de visi\u00f3n directa no es necesaria para su funcionamiento;\u00a0ondas de radio pueden pasar a trav\u00e9s de objetos tales como paredes o ventanas.\u00a0Las funciones de liberaci\u00f3n del obturador le permitir\u00e1 autofocus, utilizar una sola imagen o el disparo continuo, utilice exposiciones largas (modo de bulbo), o fijar un segundo retraso de cuatro temporizador.\u00a0La funcionalidad de flash de disparo le da la libertad para administrar su iluminaci\u00f3n, tanto en interiores o al aire libre, y usted puede comprar receptores adicionales para disparar m\u00faltiples luces port\u00e1tiles o estudio al mismo tiempo.<\/p>\n<p><em>Observar!\u00a0<\/em><em>Cuando se utiliza el control de flash remoto, el flash debe estar en modo Manual.\u00a0Se\u00f1ales TTL no se transmiten.\u00a0Receptores y cables adicionales requieren una compra por separado.<\/em><\/p>\n<div class=\"sectionHeaders\" data-selenium=\"sectionHeaders\">\n<dl>\n<dt>Compatibilidad<\/dt>\n<dd><strong>d5200 d600 d610 d800 d7100 d750 d3200 d 5300 ,,,,, etc<\/strong><\/dd>\n<\/dl>\n<dl>\n<dt>Control Remoto<\/dt>\n<dd>Como un control remoto, el Combi TF permite el control inal\u00e1mbrico de disparador de la c\u00e1mara, enfoque autom\u00e1tico, disparo continuo, el modo de bulbo y 4 segundos de retardo de disparo con temporizador.<\/dd>\n<\/dl>\n<dl>\n<dt>Radio Frecuencia Sistema (RF)<\/dt>\n<dd>A medida que las transmite a distancia en la fiable FSK 2,4 GHz de frecuencia de radio;\u00a0una l\u00ednea de visi\u00f3n no es un requisito para la operaci\u00f3n.\u00a0Por otra parte, las ondas de radio pueden pasar a trav\u00e9s y alrededor de obst\u00e1culos como paredes y pisos, lo que provoc\u00f3 la c\u00e1mara alrededor de las esquinas.\u00a0<span class=\"openButton\" data-selenium=\"featureOpenButton\">1<\/span><\/dd>\n<\/dl>\n<dl>\n<dt>Cables intercambiables<\/dt>\n<dd>Con cables intercambiables disponibles para todas las principales marcas, la Combi TF es el mando a distancia ideal para una amplia variedad de c\u00e1maras DSLR.<\/dd>\n<\/dl>\n<dl>\n<dt>A distancia de disparo de flash<\/dt>\n<dd>La activaci\u00f3n remota de unidades de flash tambi\u00e9n es posible con el TF Combi.\u00a0El uso de m\u00faltiples receptores, varias unidades de flash port\u00e1til pueden ser despedidos de forma simult\u00e1nea, junto con la activaci\u00f3n luces de estudio.<\/dd>\n<\/dl>\n<dl>\n<dt>Disparando Luces del estudio<\/dt>\n<dd>Cuando monte el transmisor en la zapata de la c\u00e1mara, puede disparar sus luces de estudio mediante la conexi\u00f3n del receptor a trav\u00e9s de un cable de luz Hahnel Studio a tu luz estrobosc\u00f3pica en particular (no incluido).\u00a0Luego, la luz se activa por el disparador de la c\u00e1mara.<\/dd>\n<\/dl>\n<dl>\n<dt>Receptores adicional<\/dt>\n<dd>Receptores adicionales (no incluidos) le permiten disparar los flashes m\u00faltiples y luces de estudio al mismo tiempo.\u00a0Un corto de 6 \u00ab(150 mm), Cable Light Studio (no incluido) se une al receptor Combi TF a la luz del estudio.<\/dd>\n<\/dl>\n<\/div>\n","protected":false},"excerpt":{"rendered":"<p>*R\u00e9gimen Tur\u00edstico<br \/>\n*No incluye IVA<\/p>\n","protected":false},"featured_media":12004,"comment_status":"open","ping_status":"closed","template":"","meta":[],"_links":{"self":[{"href":"http:\/\/www.alfatecpy.com\/home\/wp-json\/wp\/v2\/product\/12003"}],"collection":[{"href":"http:\/\/www.alfatecpy.com\/home\/wp-json\/wp\/v2\/product"}],"about":[{"href":"http:\/\/www.alfatecpy.com\/home\/wp-json\/wp\/v2\/types\/product"}],"replies":[{"embeddable":true,"href":"http:\/\/www.alfatecpy.com\/home\/wp-json\/wp\/v2\/comments?post=12003"}],"wp:featuredmedia":[{"embeddable":true,"href":"http:\/\/www.alfatecpy.com\/home\/wp-json\/wp\/v2\/media\/12004"}],"wp:attachment":[{"href":"http:\/\/www.alfatecpy.com\/home\/wp-json\/wp\/v2\/media?parent=12003"}],"curies":[{"name":"wp","href":"https:\/\/api.w.org\/{rel}","templated":true}]}}