{"id":11361,"date":"2022-05-26T20:50:45","date_gmt":"2022-05-26T18:50:45","guid":{"rendered":"http:\/\/www.alfatecpy.com\/home\/?post_type=product&#038;p=11361"},"modified":"2025-01-13T04:02:29","modified_gmt":"2025-01-13T03:02:29","slug":"atem-television-studio-pro-4k-blackmagic-design","status":"publish","type":"product","link":"http:\/\/www.alfatecpy.com\/home\/producto\/atem-television-studio-pro-4k-blackmagic-design\/","title":{"rendered":"ATEM TELEVISION STUDIO PRO 4K BLACKMAGIC DESIGN"},"content":{"rendered":"<p><strong>NAB 2017, Las Vegas, Nevada (EE. UU.) \u2013 24 de abril de 2017 \u2013<\/strong>\u00a0Blackmagic Design dio a conocer hoy el nuevo ATEM Television Studio Pro HD, un mezclador para producciones en directo con panel de control integrado que ha sido dise\u00f1ado para usuarios y profesionales de la industria audiovisual. Este modelo incluye ocho entradas, modo de visualizaci\u00f3n simult\u00e1nea, salidas principales y auxiliares, conexiones para se\u00f1ales de audio anal\u00f3gicas, sistema de intercomunicaci\u00f3n, dos reproductores multimedia con memoria flash, transiciones creativas, efectos visuales digitales y un sinf\u00edn de prestaciones\u00a0m\u00e1s.<\/p>\n<p>El modelo ATEM Television Studio Pro HD combina las funciones de un panel de control profesional con un extraordinario mezclador de ocho entradas, cuatro SDI y otras cuatro HDMI. Gracias a la resincronizaci\u00f3n de las se\u00f1ales, brinda la posibilidad de conectar hasta ocho fuentes distintas, tales como equipos inform\u00e1ticos, consolas de videojuegos y todo tipo de\u00a0c\u00e1maras.<\/p>\n<p>Esta versi\u00f3n es compatible con formatos en distintas definiciones a una resoluci\u00f3n m\u00e1xima de 1080p60 y ofrece adem\u00e1s dos canales para audio anal\u00f3gico, un puerto RS-422, una conexi\u00f3n para redes Ethernet, una fuente de alimentaci\u00f3n integrada con conector IEC y salidas principales y auxiliares. Asimismo, las salidas SDI y HDMI para la visualizaci\u00f3n simult\u00e1nea de im\u00e1genes brindan la posibilidad de ver las fuentes, los anticipos, la se\u00f1al emitida al aire, los nombres de los dispositivos conectados y los indicadores de la intensidad del audio en un solo monitor o televisor al mismo\u00a0tiempo.<\/p>\n<p>Este modelo es ideal para una amplia variedad de proyectos que incluyen transmisiones de eventos deportivos o desde estudios, blogs, videojuegos, programas de entrevistas por Internet, bodas y conciertos, entre otros. Al sincronizar las se\u00f1ales en las entradas, es posible conmutar entre distintas fuentes sin saltos en la imagen tan solo presionando un bot\u00f3n, lo cual permite utilizar el dispositivo como controlador principal para sistemas\u00a0audiovisuales.<\/p>\n<p>El nuevo ATEM Television Studio Pro HD presenta un dise\u00f1o port\u00e1til y ofrece una gran variedad de prestaciones de alta gama que facilitan la creaci\u00f3n de programas en directo con efectos y transiciones. El panel incluye botones iluminados para seleccionar fuentes y otros controles adicionales para supervisar el audio, activar los reproductores multimedia, realizar cortes directos y fundidos en negro o llevar a cabo transiciones oprimiendo un bot\u00f3n. A su vez, la pantalla de cristal l\u00edquido integrada brinda la posibilidad ver la se\u00f1al emitida y los anticipos, mientras que el mando giratorio facilita el acceso a los men\u00fas para configurar distintos ajustes. Basta con seleccionar la fuente que se desea transmitir y, a continuaci\u00f3n, presionar los botones CUT o AUTO para alternar se\u00f1ales, agregar efectos o incluso superponer elementos\u00a0gr\u00e1ficos.<\/p>\n<p>Al utilizar el mezclador con las c\u00e1maras Blackmagic Studio y URSA Mini, es posible comunicarse con los operadores, encender las luces piloto y ajustar el color de las unidades en forma remota, sin necesidad de adquirir cables adicionales u otros dispositivos exclusivos. En el caso de estos modelos, se brinda la posibilidad de realizar correcciones crom\u00e1ticas a distancia desde el panel de control integrado en el mezclador para crear estilos \u00fanicos. Asimismo, el usuario puede modificar el enfoque y la apertura del diafragma, cambiar la configuraci\u00f3n de la c\u00e1mara o manejar el cabezal del mecanismo\u00a0PTZ.<\/p>\n<p>A fin de brindar la m\u00e1xima velocidad y flexibilidad durante las producciones en directo, el modelo ATEM Television Studio Pro HD incluye un programa inform\u00e1tico gratuito para sistemas operativos Mac y Windows que facilita la conexi\u00f3n simult\u00e1nea de m\u00faltiples usuarios. De este modo, una persona puede encargarse de alternar las fuentes mientras otra realiza la mezcla de audio y una tercera organiza los elementos gr\u00e1ficos o controla las c\u00e1maras a\u00a0distancia.<\/p>\n<p>Esta aplicaci\u00f3n cuenta con una interfaz intuitiva que incluye diferentes m\u00f3dulos para llevar a cabo las distintas tareas. En tal sentido, el m\u00f3dulo Mezclador se asemeja a un panel de control f\u00edsico y ofrece la posibilidad de conmutar las se\u00f1ales disponibles, ajustar transiciones y superponer composiciones. Por su parte, el m\u00f3dulo Multimedia facilita el almacenamiento de hasta 20 im\u00e1genes en formato RGBA que pueden cargarse autom\u00e1ticamente en la memoria flash del mezclador para utilizarlas al instante durante una producci\u00f3n en directo. Asimismo, el programa inform\u00e1tico incluye una consola de audio virtual con 10 canales que permite balancear y ajustar el volumen de todas las fuentes. Esta dispone de v\u00fametros digitales y controles para modificar la intensidad del audio, activar o desactivar canales y utilizar la funci\u00f3n de seguimiento de im\u00e1genes, entre otras\u00a0prestaciones.<\/p>\n<p>El modelo ATEM Television Studio Pro HD ofrece efectos visuales, elementos gr\u00e1ficos y transiciones de calidad profesional. Estas se llevan a cabo simplemente presionando un bot\u00f3n en el panel de control. Existen 37 tipos diferentes que brindan al usuario una amplia gama de opciones creativas con par\u00e1metros configurables, tales como la direcci\u00f3n de la transici\u00f3n o el color y el ancho de los bordes. Asimismo, el procesador DVE permite a\u00f1adir efectos visuales digitales para cambiar la posici\u00f3n de las im\u00e1genes y ajustar sus dimensiones al instante. De este modo, el usuario puede superponer im\u00e1genes, realizar transiciones animadas para cambiar de una fuente a otra o crear cortinillas con elementos gr\u00e1ficos\u00a0personalizados.<\/p>\n<p>El nuevo ATEM Television Studio Pro HD brinda la posibilidad de almacenar hasta 20 elementos gr\u00e1ficos que pueden emplearse mediante los reproductores multimedia. Gracias al uso de la memoria flash, las im\u00e1genes no se borran al apagar el dispositivo. De esta forma, los usuarios pueden crear gr\u00e1ficos personalizados para todo tipo de programas. Asimismo, el compositor para superposiciones previas permite realizar composiciones por crominancia con fondos verdes, a fin de a\u00f1adir mapas meteorol\u00f3gicos o incluso escenarios virtuales. Cabe destacar que tambi\u00e9n es posible llevar a cabo superposiciones lineales o seg\u00fan determinadas formas\u00a0geom\u00e9tricas.<\/p>\n<p>El modelo ATEM Television Studio Pro HD dispone adem\u00e1s de dos compositores para superposiciones posteriores que permiten agregar textos y logotipos a la se\u00f1al emitida. En tal sentido, es posible conectar un grabador HyperDeck Studio Mini al mezclador, a fin de emplearlo como fuente de archivos en formato ProRes 4:4:4:4 con el canal alfa incluido. Esto permite superponer composiciones a la se\u00f1al transmitida al aire o utilizar animaciones gr\u00e1ficas con dicho canal al instante para realizar una transici\u00f3n entre dos\u00a0im\u00e1genes.<\/p>\n","protected":false},"excerpt":{"rendered":"<p>*R\u00e9gimen Tur\u00edstico<br \/>\n*No incluye IVA<\/p>\n","protected":false},"featured_media":15577,"comment_status":"open","ping_status":"closed","template":"","meta":[],"_links":{"self":[{"href":"http:\/\/www.alfatecpy.com\/home\/wp-json\/wp\/v2\/product\/11361"}],"collection":[{"href":"http:\/\/www.alfatecpy.com\/home\/wp-json\/wp\/v2\/product"}],"about":[{"href":"http:\/\/www.alfatecpy.com\/home\/wp-json\/wp\/v2\/types\/product"}],"replies":[{"embeddable":true,"href":"http:\/\/www.alfatecpy.com\/home\/wp-json\/wp\/v2\/comments?post=11361"}],"wp:featuredmedia":[{"embeddable":true,"href":"http:\/\/www.alfatecpy.com\/home\/wp-json\/wp\/v2\/media\/15577"}],"wp:attachment":[{"href":"http:\/\/www.alfatecpy.com\/home\/wp-json\/wp\/v2\/media?parent=11361"}],"curies":[{"name":"wp","href":"https:\/\/api.w.org\/{rel}","templated":true}]}}